{"id":150064,"date":"2025-04-03T13:23:09","date_gmt":"2025-04-03T11:23:09","guid":{"rendered":"https:\/\/secureus.se\/apollo-45681-277apo-xp95-series-isolerande-2-tons-ljuddampare-monteringsbas-91db-a-inomhusbruk-en54-3-kompatibel-vit\/"},"modified":"2026-04-09T11:32:07","modified_gmt":"2026-04-09T09:32:07","slug":"apollo-45681-277apo-xp95-series-isolerande-2-tons-ljuddampare-monteringsbas-91db-a-inomhusbruk-en54-3-kompatibel-vit","status":"publish","type":"product","link":"https:\/\/secureus.se\/es\/apollo-45681-277apo-xp95-series-isolerande-2-tons-ljuddampare-monteringsbas-91db-a-inomhusbruk-en54-3-kompatibel-vit\/","title":{"rendered":"Apollo 45681-277APO Serie XP95, Base de montaje para silenciador aislante de dos tonos, 91 dB A, para uso en interiores, cumple con la norma EN54-3, color blanco"},"content":{"rendered":"<h1>Apollo 45681-277APO Serie XP95, Base de montaje para silenciador aislante de dos tonos, 91 dB A, para uso en interiores, cumple con la norma EN54-3<\/h1>\n<p>La base de montaje del silenciador aislante de dos tonos Apollo 45681-277APO serie XP95 est\u00e1 dise\u00f1ada para brindar advertencias audibles potentes en sistemas de alarma contra incendios, con un nivel de sonido de 91 dB A.<\/p>\n<p>El silenciador tiene dos tonos y dos rangos de volumen (55-75 dB(A) y 75-91 dB(A)), lo que proporciona flexibilidad en c\u00f3mo se pueden escuchar las se\u00f1ales en diferentes entornos.<\/p>\n<p>La base de montaje est\u00e1 equipada con un aislador para evitar que el sistema se vea afectado por cortocircuitos, garantizando un funcionamiento confiable en todas las condiciones.<\/p>\n<p>El dispositivo puede direccionarse tanto individualmente como a trav\u00e9s del control de direcci\u00f3n de grupo, lo que permite controlar m\u00faltiples sirenas simult\u00e1neamente, y tiene una funci\u00f3n de autoprueba ac\u00fastica incorporada para garantizar la funcionalidad.<\/p>\n<p>Dise\u00f1ado para uso en interiores, este silenciador funciona con los sistemas Apollo XP95, Discovery y CoreProtocol y cumple con la norma EN54-3, lo que lo convierte en una soluci\u00f3n confiable para instalaciones de alarma contra incendios donde la advertencia audible y visual es esencial.<\/p>","protected":false},"excerpt":{"rendered":"<p>La base de montaje de silenciador aislante de dos tonos serie Apollo 45681-277APO XP95 es una soluci\u00f3n confiable y eficaz para proporcionar advertencias audibles en sistemas de alarma contra incendios.<\/p>\n<p>Tiene un nivel de ruido de 91dB A y est\u00e1 dise\u00f1ado para uso en interiores, con funciones como direccionamiento grupal e individual.<\/p>","protected":false},"featured_media":150063,"template":"","meta":{"_acf_changed":false},"product_brand":[],"product_cat":[4751],"product_tag":[],"class_list":{"0":"post-150064","1":"product","2":"type-product","3":"status-publish","4":"has-post-thumbnail","6":"product_cat-xp95-serien","7":"pa_brands-apollo-fire-detectors","8":"tm-no-options","10":"first","11":"instock","12":"taxable","13":"shipping-taxable","14":"purchasable","15":"product-type-simple"},"acf":[],"_links":{"self":[{"href":"https:\/\/secureus.se\/es\/wp-json\/wp\/v2\/product\/150064","targetHints":{"allow":["GET"]}}],"collection":[{"href":"https:\/\/secureus.se\/es\/wp-json\/wp\/v2\/product"}],"about":[{"href":"https:\/\/secureus.se\/es\/wp-json\/wp\/v2\/types\/product"}],"wp:featuredmedia":[{"embeddable":true,"href":"https:\/\/secureus.se\/es\/wp-json\/wp\/v2\/media\/150063"}],"wp:attachment":[{"href":"https:\/\/secureus.se\/es\/wp-json\/wp\/v2\/media?parent=150064"}],"wp:term":[{"taxonomy":"product_brand","embeddable":true,"href":"https:\/\/secureus.se\/es\/wp-json\/wp\/v2\/product_brand?post=150064"},{"taxonomy":"product_cat","embeddable":true,"href":"https:\/\/secureus.se\/es\/wp-json\/wp\/v2\/product_cat?post=150064"},{"taxonomy":"product_tag","embeddable":true,"href":"https:\/\/secureus.se\/es\/wp-json\/wp\/v2\/product_tag?post=150064"}],"curies":[{"name":"wp","href":"https:\/\/api.w.org\/{rel}","templated":true}]}}