{"id":150068,"date":"2025-04-03T12:59:55","date_gmt":"2025-04-03T10:59:55","guid":{"rendered":"https:\/\/secureus.se\/system-sensor-2351tem-a-flerkriteriedetektor-for-optiskt-och-termiskt-brandlarm-analogt-adresserbart-vit\/"},"modified":"2026-04-01T15:52:48","modified_gmt":"2026-04-01T13:52:48","slug":"system-sensor-2351tem-a-flerkriteriedetektor-for-optiskt-och-termiskt-brandlarm-analogt-adresserbart-vit","status":"publish","type":"product","link":"https:\/\/secureus.se\/es\/system-sensor-2351tem-a-flerkriteriedetektor-for-optiskt-och-termiskt-brandlarm-analogt-adresserbart-vit\/","title":{"rendered":"Detector multicriterio para alarma de incendios \u00f3ptica y t\u00e9rmica, direccionable anal\u00f3gicamente, color blanco."},"content":{"rendered":"<h1>Sensor de sistema 2351TEM-A Detector multicriterio para alarma de incendios \u00f3ptica y t\u00e9rmica, direccionable anal\u00f3gicamente<\/h1>\n<p class=\"\" data-start=\"524\" data-end=\"1015\">System Sensor 2351TEM-A es un detector fotoel\u00e9ctrico de humo y t\u00e9rmico que combina tecnolog\u00edas de detecci\u00f3n \u00f3ptica y t\u00e9rmica.<\/p>\n<p class=\"\" data-start=\"524\" data-end=\"1015\">Est\u00e1 equipado con una c\u00e1mara \u00f3ptica y un elemento t\u00e9rmico que es monitoreado continuamente por un procesador incorporado.<\/p>\n<p class=\"\" data-start=\"524\" data-end=\"1015\">El procesador avanzado utiliza algoritmos desarrollados para detectar incendios con precisi\u00f3n, minimizando el riesgo de falsas alarmas.<\/p>\n<p class=\"\" data-start=\"524\" data-end=\"1015\">Las alarmas s\u00f3lo se activan cuando el procesador est\u00e1 seguro de que se ha detectado un incendio incipiente.<\/p>\n<p class=\"\" data-start=\"1017\" data-end=\"1496\">El detector es programable y ofrece caracter\u00edsticas como compensaci\u00f3n autom\u00e1tica de deriva y sensibilidad programable (baja, media, alta), lo que garantiza que siempre funcione de manera \u00f3ptima en el entorno en el que est\u00e1 instalado.<\/p>\n<p class=\"\" data-start=\"1017\" data-end=\"1496\">Para simplificar el mantenimiento, se puede utilizar un dispositivo de prueba port\u00e1til para leer la fecha del \u00faltimo mantenimiento, el nivel de contaminaci\u00f3n y el valor del elemento calefactor.<\/p>\n<p class=\"\" data-start=\"1017\" data-end=\"1496\">Tambi\u00e9n tiene un LED de dos colores que indica el estado del detector (verde para funcionamiento normal, rojo para alarma).<\/p>\n<p class=\"\" data-start=\"1498\" data-end=\"1754\">Con un amplio rango de voltaje operativo de 8 a 30 VCC y compatibilidad con bases de la Serie 100, el 2351TEM-A se puede integrar f\u00e1cilmente en sistemas existentes.<\/p>\n<p class=\"\" data-start=\"1498\" data-end=\"1754\">Est\u00e1 homologado seg\u00fan EN54-7 y EN54-5, lo que lo convierte en una soluci\u00f3n segura y fiable para alarmas contra incendios.<\/p>","protected":false},"excerpt":{"rendered":"<p>System Sensor 2351TEM-A es un detector de incendios multifunci\u00f3n que combina detecci\u00f3n \u00f3ptica y t\u00e9rmica para garantizar una alta seguridad.<\/p>\n<p>Ofrece una compensaci\u00f3n de deriva avanzada y es direccionable, lo que lo hace perfecto tanto para nuevas instalaciones como para actualizaciones.<\/p>","protected":false},"featured_media":150067,"template":"","meta":{"_acf_changed":false},"product_brand":[],"product_cat":[4754,3373],"product_tag":[],"class_list":{"0":"post-150068","1":"product","2":"type-product","3":"status-publish","4":"has-post-thumbnail","6":"product_cat-system-sensor-300-serien","7":"product_cat-rokdetektorer","8":"pa_brands-system-sensor","9":"tm-no-options","11":"first","12":"onbackorder","13":"sale","14":"taxable","15":"shipping-taxable","16":"purchasable","17":"product-type-simple"},"acf":[],"_links":{"self":[{"href":"https:\/\/secureus.se\/es\/wp-json\/wp\/v2\/product\/150068","targetHints":{"allow":["GET"]}}],"collection":[{"href":"https:\/\/secureus.se\/es\/wp-json\/wp\/v2\/product"}],"about":[{"href":"https:\/\/secureus.se\/es\/wp-json\/wp\/v2\/types\/product"}],"wp:featuredmedia":[{"embeddable":true,"href":"https:\/\/secureus.se\/es\/wp-json\/wp\/v2\/media\/150067"}],"wp:attachment":[{"href":"https:\/\/secureus.se\/es\/wp-json\/wp\/v2\/media?parent=150068"}],"wp:term":[{"taxonomy":"product_brand","embeddable":true,"href":"https:\/\/secureus.se\/es\/wp-json\/wp\/v2\/product_brand?post=150068"},{"taxonomy":"product_cat","embeddable":true,"href":"https:\/\/secureus.se\/es\/wp-json\/wp\/v2\/product_cat?post=150068"},{"taxonomy":"product_tag","embeddable":true,"href":"https:\/\/secureus.se\/es\/wp-json\/wp\/v2\/product_tag?post=150068"}],"curies":[{"name":"wp","href":"https:\/\/api.w.org\/{rel}","templated":true}]}}