{"id":150070,"date":"2025-04-03T12:50:27","date_gmt":"2025-04-03T10:50:27","guid":{"rendered":"https:\/\/secureus.se\/detektorsock-470r-hog-b401dgr\/"},"modified":"2026-03-26T11:06:15","modified_gmt":"2026-03-26T10:06:15","slug":"detektorsock-470r-hog-b401dgr","status":"publish","type":"product","link":"https:\/\/secureus.se\/es\/detektorsock-470r-hog-b401dgr\/","title":{"rendered":"CALCETINES DETECTORES. 470R ALTO B401DGR"},"content":{"rendered":"<h1>CALCETINES DETECTORES. 470R ALTO B401DGR<\/h1>\n<p class=\"\" data-start=\"419\" data-end=\"733\">El B401DGR es una base de detector robusta que forma parte de la serie 300 de System Sensor.<\/p>\n<p class=\"\" data-start=\"419\" data-end=\"733\">Est\u00e1 dise\u00f1ado espec\u00edficamente para su uso con detectores que requieren una resistencia de alarma de 470 ohmios.<\/p>\n<p class=\"\" data-start=\"419\" data-end=\"733\">La base tiene una altura de 26 mm y est\u00e1 hecha de material ABS duradero que proporciona un uso a largo plazo y una alta durabilidad.<\/p>\n<p class=\"\" data-start=\"735\" data-end=\"1076\">Est\u00e1 equipado con un terminal de conexi\u00f3n que admite cables con un espesor entre 0,4 a 2 mm\u00b2.<\/p>\n<p class=\"\" data-start=\"735\" data-end=\"1076\">Adem\u00e1s, el z\u00f3calo tiene una funci\u00f3n para conectar un indicador para un detector oculto, lo que mejora la capacidad de detecci\u00f3n y la facilidad de uso.<\/p>\n<p class=\"\" data-start=\"735\" data-end=\"1076\">El color de la base es muy similar al RAL 9016, lo que proporciona un dise\u00f1o limpio y neutro.<\/p>","protected":false},"excerpt":{"rendered":"<p>El B401DGR es una base de detector alta para la serie 300, dise\u00f1ada para incluir una resistencia de alarma de 470 ohmios.<\/p>\n<p>Tiene una altura de 26 mm y ofrece la posibilidad de conectar un indicador detector oculto.<\/p>","protected":false},"featured_media":150069,"template":"","meta":{"_acf_changed":false},"product_brand":[],"product_cat":[4754],"product_tag":[],"class_list":{"0":"post-150070","1":"product","2":"type-product","3":"status-publish","4":"has-post-thumbnail","6":"product_cat-system-sensor-300-serien","7":"tm-no-options","9":"first","10":"instock","11":"sale","12":"taxable","13":"shipping-taxable","14":"purchasable","15":"product-type-simple"},"acf":[],"_links":{"self":[{"href":"https:\/\/secureus.se\/es\/wp-json\/wp\/v2\/product\/150070","targetHints":{"allow":["GET"]}}],"collection":[{"href":"https:\/\/secureus.se\/es\/wp-json\/wp\/v2\/product"}],"about":[{"href":"https:\/\/secureus.se\/es\/wp-json\/wp\/v2\/types\/product"}],"wp:featuredmedia":[{"embeddable":true,"href":"https:\/\/secureus.se\/es\/wp-json\/wp\/v2\/media\/150069"}],"wp:attachment":[{"href":"https:\/\/secureus.se\/es\/wp-json\/wp\/v2\/media?parent=150070"}],"wp:term":[{"taxonomy":"product_brand","embeddable":true,"href":"https:\/\/secureus.se\/es\/wp-json\/wp\/v2\/product_brand?post=150070"},{"taxonomy":"product_cat","embeddable":true,"href":"https:\/\/secureus.se\/es\/wp-json\/wp\/v2\/product_cat?post=150070"},{"taxonomy":"product_tag","embeddable":true,"href":"https:\/\/secureus.se\/es\/wp-json\/wp\/v2\/product_tag?post=150070"}],"curies":[{"name":"wp","href":"https:\/\/api.w.org\/{rel}","templated":true}]}}