{"id":150080,"date":"2025-04-03T12:22:18","date_gmt":"2025-04-03T10:22:18","guid":{"rendered":"https:\/\/secureus.se\/system-sensor-eco1002-a-eco-fotoelektrisk-rok-och-temperaturdetektor\/"},"modified":"2026-04-09T11:31:57","modified_gmt":"2026-04-09T09:31:57","slug":"system-sensor-eco1002-a-eco-fotoelektrisk-rok-och-temperaturdetektor","status":"publish","type":"product","link":"https:\/\/secureus.se\/es\/system-sensor-eco1002-a-eco-fotoelektrisk-rok-och-temperaturdetektor\/","title":{"rendered":"Sensor de sistema ECO1002 A ECO Detector fotoel\u00e9ctrico de humo y temperatura"},"content":{"rendered":"<h1>Sensor de sistema ECO1002 A ECO Detector fotoel\u00e9ctrico de humo y temperatura<\/h1>\n<p class=\"\" data-start=\"515\" data-end=\"955\">El sensor de sistema ECO1002 A es un innovador detector de humo fotoel\u00e9ctrico y t\u00e9rmico que forma parte de la serie ECO1000.<\/p>\n<p class=\"\" data-start=\"515\" data-end=\"955\">Combina la detecci\u00f3n fotoel\u00e9ctrica de humo con un termistor de calor, lo que lo convierte en una soluci\u00f3n eficaz para detectar incendios tanto en etapas tempranas como posteriores.<\/p>\n<p class=\"\" data-start=\"515\" data-end=\"955\">Con un perfil bajo y un voltaje de funcionamiento de 12 V CC y 24 V CC, es flexible y f\u00e1cil de integrar en varios sistemas de seguridad y contra incendios.<\/p>\n<p class=\"\" data-start=\"957\" data-end=\"1242\">La compensaci\u00f3n autom\u00e1tica de deriva reduce el riesgo de falsas alarmas causadas por suciedad u otros contaminantes ambientales, lo que la convierte en una opci\u00f3n confiable y a largo plazo.<\/p>\n<p class=\"\" data-start=\"957\" data-end=\"1242\">El ECO1002 A tambi\u00e9n est\u00e1 equipado con una funci\u00f3n para pruebas de alarma remotas, lo que simplifica el mantenimiento y la operaci\u00f3n.<\/p>\n<p class=\"\" data-start=\"1244\" data-end=\"1500\">Con un rango de temperatura de -30\u00b0C a +70\u00b0C y una humedad m\u00e1xima de 95% RH, es lo suficientemente robusto para ser utilizado en entornos exigentes.<\/p>\n<p class=\"\" data-start=\"1244\" data-end=\"1500\">Certificado seg\u00fan EN54-7:2000 (Enmienda 1), este detector es una opci\u00f3n confiable para sistemas de alarma contra incendios profesionales.<\/p>","protected":false},"excerpt":{"rendered":"<p>ECO1002 A es un detector de humo fotoel\u00e9ctrico y t\u00e9rmico que ofrece detecci\u00f3n combinada de humo y calor.<\/p>\n<p>Con bajo consumo de energ\u00eda, compensaci\u00f3n autom\u00e1tica de deriva y f\u00e1cil prueba remota, este detector es ideal tanto para sistemas de seguridad como de incendios.<\/p>","protected":false},"featured_media":150079,"template":"","meta":{"_acf_changed":false},"product_brand":[],"product_cat":[4755,3373,4157],"product_tag":[],"class_list":{"0":"post-150080","1":"product","2":"type-product","3":"status-publish","4":"has-post-thumbnail","6":"product_cat-eco-1000-serien","7":"product_cat-rokdetektorer","8":"product_cat-varmedetektor","9":"pa_brands-system-sensor","10":"tm-no-options","12":"first","13":"instock","14":"taxable","15":"shipping-taxable","16":"purchasable","17":"product-type-simple"},"acf":[],"_links":{"self":[{"href":"https:\/\/secureus.se\/es\/wp-json\/wp\/v2\/product\/150080","targetHints":{"allow":["GET"]}}],"collection":[{"href":"https:\/\/secureus.se\/es\/wp-json\/wp\/v2\/product"}],"about":[{"href":"https:\/\/secureus.se\/es\/wp-json\/wp\/v2\/types\/product"}],"wp:featuredmedia":[{"embeddable":true,"href":"https:\/\/secureus.se\/es\/wp-json\/wp\/v2\/media\/150079"}],"wp:attachment":[{"href":"https:\/\/secureus.se\/es\/wp-json\/wp\/v2\/media?parent=150080"}],"wp:term":[{"taxonomy":"product_brand","embeddable":true,"href":"https:\/\/secureus.se\/es\/wp-json\/wp\/v2\/product_brand?post=150080"},{"taxonomy":"product_cat","embeddable":true,"href":"https:\/\/secureus.se\/es\/wp-json\/wp\/v2\/product_cat?post=150080"},{"taxonomy":"product_tag","embeddable":true,"href":"https:\/\/secureus.se\/es\/wp-json\/wp\/v2\/product_tag?post=150080"}],"curies":[{"name":"wp","href":"https:\/\/api.w.org\/{rel}","templated":true}]}}