{"id":150082,"date":"2025-04-03T12:22:17","date_gmt":"2025-04-03T10:22:17","guid":{"rendered":"https:\/\/secureus.se\/system-sensor-eco1005t-a-eco-varmedetektor-58\/"},"modified":"2026-04-14T13:49:25","modified_gmt":"2026-04-14T11:49:25","slug":"system-sensor-eco1005t-a-eco-varmedetektor-58","status":"publish","type":"product","link":"https:\/\/secureus.se\/es\/system-sensor-eco1005t-a-eco-varmedetektor-58\/","title":{"rendered":"Sensor de sistema ECO1005T Un detector de calor ECO, 58\u00b0"},"content":{"rendered":"<h1>Sensor de sistema ECO1005T Un detector de calor ECO, 58\u00b0<\/h1>\n<p class=\"\" data-start=\"466\" data-end=\"866\">El sensor de sistema ECO1005T A es un detector de calor eficiente y confiable que forma parte de la serie ECO1000.<\/p>\n<p class=\"\" data-start=\"466\" data-end=\"866\">Con una temperatura de funcionamiento de 58\u00b0C, es especialmente adecuado para entornos donde los cambios de temperatura pueden ser r\u00e1pidos, como las cocinas.<\/p>\n<p class=\"\" data-start=\"466\" data-end=\"866\">Combina un elemento t\u00e9rmico de \u00faltima generaci\u00f3n con un circuito integrado espec\u00edfico de la aplicaci\u00f3n (ASIC) para garantizar una detecci\u00f3n de incendios r\u00e1pida y precisa.<\/p>\n<p class=\"\" data-start=\"868\" data-end=\"1222\">Una de las caracter\u00edsticas avanzadas del ECO1005T A es el dispositivo de prueba remoto port\u00e1til basado en l\u00e1ser que permite probar el detector de forma remota sin necesidad de acceso f\u00edsico al dispositivo.<\/p>\n<p class=\"\" data-start=\"868\" data-end=\"1222\">Esto hace que el mantenimiento sea f\u00e1cil y eficiente. Un LED incorporado proporciona una se\u00f1al de alarma local que permanece encendida hasta que el detector se reinicia debido a un corte de energ\u00eda.<\/p>\n<p class=\"\" data-start=\"1224\" data-end=\"1568\">El detector funciona con sistemas de 12 V y 24 V CC y tiene un bajo consumo de energ\u00eda, lo que lo hace rentable y duradero.<\/p>\n<p class=\"\" data-start=\"1224\" data-end=\"1568\">Est\u00e1 aprobado seg\u00fan EN54-5:2000 Clase A2S y ofrece una garant\u00eda extendida para mayor tranquilidad.<\/p>\n<p class=\"\" data-start=\"1224\" data-end=\"1568\">ECO1005T A es compatible con una variedad de bases, lo que lo hace flexible y f\u00e1cil de integrar en varios sistemas de alarma contra incendios.<\/p>","protected":false},"excerpt":{"rendered":"<p>ECO1005T A es un detector de calor avanzado con una temperatura de funcionamiento de 58 \u00b0C.<\/p>\n<p>Utiliza un circuito integrado espec\u00edfico de la aplicaci\u00f3n (ASIC) y un elemento t\u00e9rmico para una detecci\u00f3n de incendios r\u00e1pida y precisa.<\/p>\n<p>Bajo consumo de energ\u00eda y f\u00e1cil mantenimiento.<\/p>","protected":false},"featured_media":150081,"template":"","meta":{"_acf_changed":false},"product_brand":[],"product_cat":[4755,4157],"product_tag":[],"class_list":{"0":"post-150082","1":"product","2":"type-product","3":"status-publish","4":"has-post-thumbnail","6":"product_cat-eco-1000-serien","7":"product_cat-varmedetektor","8":"pa_brands-system-sensor","9":"tm-no-options","11":"first","12":"instock","13":"taxable","14":"shipping-taxable","15":"purchasable","16":"product-type-simple"},"acf":[],"_links":{"self":[{"href":"https:\/\/secureus.se\/es\/wp-json\/wp\/v2\/product\/150082","targetHints":{"allow":["GET"]}}],"collection":[{"href":"https:\/\/secureus.se\/es\/wp-json\/wp\/v2\/product"}],"about":[{"href":"https:\/\/secureus.se\/es\/wp-json\/wp\/v2\/types\/product"}],"wp:featuredmedia":[{"embeddable":true,"href":"https:\/\/secureus.se\/es\/wp-json\/wp\/v2\/media\/150081"}],"wp:attachment":[{"href":"https:\/\/secureus.se\/es\/wp-json\/wp\/v2\/media?parent=150082"}],"wp:term":[{"taxonomy":"product_brand","embeddable":true,"href":"https:\/\/secureus.se\/es\/wp-json\/wp\/v2\/product_brand?post=150082"},{"taxonomy":"product_cat","embeddable":true,"href":"https:\/\/secureus.se\/es\/wp-json\/wp\/v2\/product_cat?post=150082"},{"taxonomy":"product_tag","embeddable":true,"href":"https:\/\/secureus.se\/es\/wp-json\/wp\/v2\/product_tag?post=150082"}],"curies":[{"name":"wp","href":"https:\/\/api.w.org\/{rel}","templated":true}]}}