{"id":150096,"date":"2025-04-14T16:17:23","date_gmt":"2025-04-14T14:17:23","guid":{"rendered":"https:\/\/secureus.se\/motorlashus-step-352-hoger-med-kabel\/"},"modified":"2026-04-08T15:10:25","modified_gmt":"2026-04-08T13:10:25","slug":"motorlashus-step-352-hoger-med-kabel","status":"publish","type":"product","link":"https:\/\/secureus.se\/es\/motorlashus-step-352-hoger-med-kabel\/","title":{"rendered":"Carcasa de cerradura de motor PASO 352 Derecha con Cable"},"content":{"rendered":"<div>STEP 352 es una cerradura motorizada desarrollada para garantizar un bloqueo seguro durante todo el d\u00eda. La cerradura motorizada est\u00e1 dise\u00f1ada para un uso de alta frecuencia y puede gestionar varios millones de aperturas que, adem\u00e1s, se producen con la misma rapidez que una cerradura el\u00e9ctrica. Esto proporciona una oportunidad \u00fanica para lograr una mayor seguridad donde se necesita y as\u00ed lograr el correcto bloqueo de puertas vulnerables e importantes.<\/div>\n<div><\/div>\n<div>STEP 352 est\u00e1 equipado con un perno de gancho y un pist\u00f3n autom\u00e1tico. El cilindro autom\u00e1tico permite equipar su puerta con un tirador en el exterior, ya que la apertura de respaldo se puede realizar con llave desde el exterior, en combinaci\u00f3n con la evacuaci\u00f3n seg\u00fan corresponda. SS-EN 179:2008 desde el interior. Por lo tanto, la cerradura se puede utilizar ventajosamente en una ruta de escape con alarma.<\/div>\n<div><\/div>\n<div>La cerradura puede combinar requisitos de evacuaci\u00f3n, reocupaci\u00f3n, protecci\u00f3n contra incendios y requisitos de accesibilidad, al tiempo que proporciona al entorno de la puerta una resistencia a la intrusi\u00f3n significativamente mayor. El pestillo resistente garantiza que la puerta est\u00e9 realmente bloqueada y no solo mantenida cerrada.<\/div>\n<div><\/div>\n<div>STEP 352 est\u00e1 equipado con el exclusivo pist\u00f3n autom\u00e1tico de STEP. Cuando la puerta se abre el\u00e9ctricamente, el pist\u00f3n autom\u00e1tico puede plegarse, posibilitando as\u00ed la apertura con funcionamiento autom\u00e1tico de la puerta. Inmediatamente despu\u00e9s de abrir la puerta, el pist\u00f3n autom\u00e1tico se extiende, se bloquea en su posici\u00f3n y vuelve a funcionar exactamente como un pist\u00f3n de ca\u00edda normal.<\/div>\n<div><\/div>\n<div>La cerradura dispone de doble bloqueo donde tambi\u00e9n se bloquea el bloqueo del pestillo del gancho. La posici\u00f3n del pestillo se lee mediante un sensor \u00f3ptico para que usted pueda estar seguro de que est\u00e1 realmente bloqueado. El pestillo est\u00e1 completamente protegido contra el acceso y, por lo tanto, garantiza la protecci\u00f3n contra la manipulaci\u00f3n.<\/div>\n<div><\/div>\n<div>STEP 352 est\u00e1 equipado con FreeDrive\u00ae, nuestra tecnolog\u00eda \u00fanica y patentada que desacopla completamente el motor y la caja de cambios de la cerradura cada vez que la puerta se desbloquea mec\u00e1nicamente.<\/div>\n<div>Esto minimiza el desgaste al utilizar el mango, la perilla, la llave o el accesorio de escape.<\/div>\n<div><\/div>\n<div><b>El art\u00edculo contiene:<\/b><\/div>\n<div>\n<ul>\n<li>Bloqueo del motor ST352-R<\/li>\n<li>Cable de conexi\u00f3n ST0916H 10m<\/li>\n<li>Protecci\u00f3n de taladro ST1199<\/li>\n<li>Contacto magn\u00e9tico ST0910<\/li>\n<li>Juego de tornillos y conectores ST1192<\/li>\n<\/ul>\n<\/div>\n<div><\/div>\n<div><b>Caracter\u00edsticas:<\/b><\/div>\n<div>\n<ul>\n<li>No reversible<\/li>\n<li>Se desbloquea en menos de 0,1 segundos.<\/li>\n<li>Profundidad de mandril de 50 mm<\/li>\n<li>Colocaci\u00f3n moderna del pist\u00f3n<\/li>\n<li>Con pist\u00f3n autom\u00e1tico \u00fanico<\/li>\n<li>Ambos controladores se encargan del realojamiento.<\/li>\n<li>Tecnolog\u00eda FreeDrive\u00ae<\/li>\n<li>Tecnolog\u00eda de bloqueo a prueba de manipulaciones<\/li>\n<li>Comunicaci\u00f3n cifrada OSDP AES-128<\/li>\n<li>Garantiza la apertura a pesar de una presi\u00f3n de la tira de hasta 80 kg<\/li>\n<li>La evacuaci\u00f3n y la reocupaci\u00f3n est\u00e1n aseguradas junto con los accesorios de evacuaci\u00f3n de emergencia STEP Exit<\/li>\n<li>Dise\u00f1ado para su uso en puertas de alta frecuencia.<\/li>\n<\/ul>\n<\/div>\n<div><\/div>\n<div><b>Funci\u00f3n:<\/b><\/div>\n<div>\n<ul>\n<li>El gancho y el pist\u00f3n autom\u00e1tico se bloquean y desbloquean el\u00e9ctricamente mediante una se\u00f1al de apertura de un sistema de acceso, cerradura con c\u00f3digo, interruptor de codo o similar.<\/li>\n<li>El perno de gancho y el pist\u00f3n autom\u00e1tico se bloquean\/desbloquean mec\u00e1nicamente a trav\u00e9s del cilindro remero desde el interior y el exterior.<\/li>\n<li>El pist\u00f3n autom\u00e1tico se retrae mec\u00e1nicamente a trav\u00e9s del cilindro remero con un empuj\u00f3n desde el interior y el exterior.<\/li>\n<li>El paso normal se produce mediante una se\u00f1al de apertura de un sistema de acceso, cerradura con c\u00f3digo, interruptor de codo o similar desde el interior y el exterior.<\/li>\n<\/ul>\n<\/div>\n<div><\/div>","protected":false},"excerpt":{"rendered":"<p>STEP 352 es una cerradura motorizada desarrollada para garantizar un bloqueo seguro durante todo el d\u00eda. La cerradura de motor est\u00e1 dise\u00f1ada para un uso de alta frecuencia y puede soportar varios millones de aperturas, que tambi\u00e9n ocurren<\/p>","protected":false},"featured_media":150095,"template":"","meta":{"_acf_changed":false},"product_brand":[],"product_cat":[2874],"product_tag":[],"class_list":{"0":"post-150096","1":"product","2":"type-product","3":"status-publish","4":"has-post-thumbnail","6":"product_cat-motorlas","7":"pa_brands-step","8":"tm-no-options","10":"first","11":"instock","12":"sale","13":"taxable","14":"shipping-taxable","15":"purchasable","16":"product-type-simple"},"acf":[],"_links":{"self":[{"href":"https:\/\/secureus.se\/es\/wp-json\/wp\/v2\/product\/150096","targetHints":{"allow":["GET"]}}],"collection":[{"href":"https:\/\/secureus.se\/es\/wp-json\/wp\/v2\/product"}],"about":[{"href":"https:\/\/secureus.se\/es\/wp-json\/wp\/v2\/types\/product"}],"wp:featuredmedia":[{"embeddable":true,"href":"https:\/\/secureus.se\/es\/wp-json\/wp\/v2\/media\/150095"}],"wp:attachment":[{"href":"https:\/\/secureus.se\/es\/wp-json\/wp\/v2\/media?parent=150096"}],"wp:term":[{"taxonomy":"product_brand","embeddable":true,"href":"https:\/\/secureus.se\/es\/wp-json\/wp\/v2\/product_brand?post=150096"},{"taxonomy":"product_cat","embeddable":true,"href":"https:\/\/secureus.se\/es\/wp-json\/wp\/v2\/product_cat?post=150096"},{"taxonomy":"product_tag","embeddable":true,"href":"https:\/\/secureus.se\/es\/wp-json\/wp\/v2\/product_tag?post=150096"}],"curies":[{"name":"wp","href":"https:\/\/api.w.org\/{rel}","templated":true}]}}