{"id":150102,"date":"2025-04-14T16:17:23","date_gmt":"2025-04-14T14:17:23","guid":{"rendered":"https:\/\/secureus.se\/motorlas-step-352s-split-vanster-komplett-sats\/"},"modified":"2026-04-08T15:08:16","modified_gmt":"2026-04-08T13:08:16","slug":"motorlas-step-352s-split-vanster-komplett-sats","status":"publish","type":"product","link":"https:\/\/secureus.se\/es\/motorlas-step-352s-split-vanster-komplett-sats\/","title":{"rendered":"Bloqueo de motor STEP 352S Split Izquierdo Juego completo"},"content":{"rendered":"<p>STEP 352S es una cerradura motorizada con funci\u00f3n dividida incorporada y cilindro autom\u00e1tico dise\u00f1ada para sustituir las cerraduras de pestillo en la protecci\u00f3n de carcasa y crear as\u00ed un cierre seguro las 24 horas del d\u00eda. La cerradura est\u00e1 dise\u00f1ada para un entorno de puertas de alta frecuencia con automatizaci\u00f3n de puertas y puede manejar varios millones de aperturas. Cumple los requisitos de la clase de cerradura 2A y 2B seg\u00fan SSF 3522.<\/p>\n<div>La cerradura puede combinar todos los requisitos de evacuaci\u00f3n, reingreso, protecci\u00f3n contra incendios y accesibilidad, al tiempo que proporciona al entorno de la puerta una resistencia a la intrusi\u00f3n significativamente mayor. STEP 352S est\u00e1 equipado con un robusto gancho que realmente garantiza que la puerta est\u00e9 bloqueada, mientras que una funci\u00f3n dividida incorporada garantiza una facilidad de uso inmejorable.<\/div>\n<div><\/div>\n<div>La funci\u00f3n dividida incorporada permite la apertura mec\u00e1nica desde el interior sin bot\u00f3n de apertura. La cerradura dispone de una funci\u00f3n de bypass de alarma (by-pass) para poder obtener el \u201cPaso aprobado\u201d. Esto le confiere al entorno de la puerta una facilidad de uso inigualable.<\/div>\n<div><\/div>\n<div>STEP 352S est\u00e1 equipado con el exclusivo pist\u00f3n autom\u00e1tico de STEP. Cuando la puerta se abre el\u00e9ctricamente, el pist\u00f3n autom\u00e1tico puede plegarse, posibilitando as\u00ed la apertura con funcionamiento autom\u00e1tico de la puerta. Inmediatamente despu\u00e9s de abrir la puerta, el pist\u00f3n autom\u00e1tico se extiende, se bloquea en su posici\u00f3n y vuelve a funcionar exactamente como un pist\u00f3n de ca\u00edda normal.<\/div>\n<div>Por ello, STEP 352S est\u00e1 adaptado espec\u00edficamente para entornos de puertas en los que se desea una mayor accesibilidad.<\/div>\n<div><\/div>\n<div>La cerradura dispone de doble bloqueo donde tambi\u00e9n se bloquea el bloqueo del pestillo del gancho. La posici\u00f3n del pestillo se lee mediante un sensor \u00f3ptico para que usted pueda estar seguro de que est\u00e1 realmente bloqueado. El pestillo est\u00e1 completamente protegido contra el acceso y, por lo tanto, garantiza la protecci\u00f3n contra la manipulaci\u00f3n.<\/div>\n<div><\/div>\n<div>STEP 352S est\u00e1 equipado con FreeDrive\u00ae, nuestra tecnolog\u00eda \u00fanica y patentada que desacopla completamente el motor y la caja de cambios de la cerradura cada vez que la puerta se desbloquea mec\u00e1nicamente.<\/div>\n<div><\/div>\n<div>Hoy en d\u00eda, muchos entornos de puertas suecas est\u00e1n equipados con cerraduras que pueden manejar requisitos de evacuaci\u00f3n, reocupaci\u00f3n, incendio y accesibilidad, pero al precio de una baja seguridad contra intrusiones. Esto incluye puertas de protecci\u00f3n internas y externas en miles de edificios de departamentos, hospitales, casas de tratamiento e instituciones correccionales, por nombrar algunos.<\/div>\n<div>Con la cerradura motorizada STEP 352S no es necesario renunciar a la protecci\u00f3n contra intrusiones. En lugar de ello, puede garantizar una combinaci\u00f3n de todos los requisitos anteriores en una misma cerradura y tambi\u00e9n colocarla en un entorno de puerta que se utilice con frecuencia.<br \/>\n<b>El art\u00edculo contiene:<\/b><\/div>\n<div>\n<ul>\n<li>Bloqueo de motor ST352S Split Derecho<\/li>\n<li>Unidad de control ST300C<\/li>\n<li>Transferencia de fotogramas ST1283<\/li>\n<li>Cable de conexi\u00f3n ST0916H 10m<\/li>\n<li>Pines de impresi\u00f3n ST1088-50 y ST1088-57<\/li>\n<li>Placa final ST2009-15<\/li>\n<li>Protecci\u00f3n de taladro ST1199<\/li>\n<li>Contacto magn\u00e9tico ST0910<\/li>\n<li>Juego de tornillos y conectores ST1192<\/li>\n<\/ul>\n<\/div>\n<div>\n<p><b>Caracter\u00edsticas:<\/b><\/p>\n<ul>\n<li>No reversible<\/li>\n<li>Se desbloquea en menos de 0,1 segundos.<\/li>\n<li>Colocaci\u00f3n moderna del pist\u00f3n<\/li>\n<li>Ambos controladores se encargan del realojamiento.<\/li>\n<li>Tecnolog\u00eda FreeDrive\u00ae<\/li>\n<li>Tecnolog\u00eda de bloqueo a prueba de manipulaciones<\/li>\n<li>Profundidad de mandril de 50 mm<\/li>\n<li>Comunicaci\u00f3n cifrada AES-128<\/li>\n<li>Garantiza la apertura a pesar de una presi\u00f3n de la tira de hasta 80 kg<\/li>\n<li>La conexi\u00f3n a la cerradura del motor se realiza mediante RS-485<\/li>\n<li>Husillo dividido incorporado<\/li>\n<li>La evacuaci\u00f3n y el reingreso est\u00e1n asegurados junto con los accesorios de evacuaci\u00f3n de emergencia STEP Exit. Certificado seg\u00fan SS-EN 179:2008<\/li>\n<li>Certificado para protecci\u00f3n antirrobo en cerraduras de clase 2A y 2B seg\u00fan SSF 3522<\/li>\n<li>Certificado en clase de protecci\u00f3n contra incendios E\/EI120 seg\u00fan SS-EN 14846:2008<\/li>\n<li>Certificado en Grado L para corrosi\u00f3n, temperaturas y humedad, lo que corresponde a altos requisitos seg\u00fan SS-EN 14846<\/li>\n<li>Dise\u00f1ado para su uso en puertas de alta frecuencia.<\/li>\n<li>Con pist\u00f3n autom\u00e1tico \u00fanico<\/li>\n<\/ul>\n<\/div>\n<div>\n<p><b>Funci\u00f3n:<\/b><\/p>\n<ul>\n<li>El pestillo de gancho y el cilindro autom\u00e1tico se bloquean\/desbloquean el\u00e9ctricamente a trav\u00e9s de una se\u00f1al de apertura procedente de un sistema de acceso, cerradura de c\u00f3digo, pulsador o similar.<\/li>\n<li>El perno de gancho y el pist\u00f3n autom\u00e1tico se bloquean\/desbloquean mec\u00e1nicamente mediante un bot\u00f3n desde el interior (funci\u00f3n dividida)<\/li>\n<li>El pist\u00f3n autom\u00e1tico se retrae mec\u00e1nicamente a trav\u00e9s de la varilla de empuje con un empuj\u00f3n desde el interior y el exterior.<\/li>\n<li>El paso normal se realiza con un empuj\u00f3n desde el interior.<\/li>\n<li>Lateral dividido mec\u00e1nico ajustable. El cambio de lado se realiza mec\u00e1nicamente en la carcasa de la cerradura.<\/li>\n<\/ul>\n<\/div>","protected":false},"excerpt":{"rendered":"<p>STEP 352S es una cerradura motorizada con funci\u00f3n dividida incorporada y cilindro autom\u00e1tico dise\u00f1ada para sustituir las cerraduras de pestillo en la protecci\u00f3n de carcasa y crear as\u00ed un cierre seguro las 24 horas del d\u00eda. La cerradura est\u00e1 dise\u00f1ada para una<\/p>","protected":false},"featured_media":150101,"template":"","meta":{"_acf_changed":false},"product_brand":[],"product_cat":[2874],"product_tag":[],"class_list":{"0":"post-150102","1":"product","2":"type-product","3":"status-publish","4":"has-post-thumbnail","6":"product_cat-motorlas","7":"pa_brands-step","8":"tm-no-options","10":"first","11":"instock","12":"sale","13":"taxable","14":"shipping-taxable","15":"purchasable","16":"product-type-simple"},"acf":[],"_links":{"self":[{"href":"https:\/\/secureus.se\/es\/wp-json\/wp\/v2\/product\/150102","targetHints":{"allow":["GET"]}}],"collection":[{"href":"https:\/\/secureus.se\/es\/wp-json\/wp\/v2\/product"}],"about":[{"href":"https:\/\/secureus.se\/es\/wp-json\/wp\/v2\/types\/product"}],"wp:featuredmedia":[{"embeddable":true,"href":"https:\/\/secureus.se\/es\/wp-json\/wp\/v2\/media\/150101"}],"wp:attachment":[{"href":"https:\/\/secureus.se\/es\/wp-json\/wp\/v2\/media?parent=150102"}],"wp:term":[{"taxonomy":"product_brand","embeddable":true,"href":"https:\/\/secureus.se\/es\/wp-json\/wp\/v2\/product_brand?post=150102"},{"taxonomy":"product_cat","embeddable":true,"href":"https:\/\/secureus.se\/es\/wp-json\/wp\/v2\/product_cat?post=150102"},{"taxonomy":"product_tag","embeddable":true,"href":"https:\/\/secureus.se\/es\/wp-json\/wp\/v2\/product_tag?post=150102"}],"curies":[{"name":"wp","href":"https:\/\/api.w.org\/{rel}","templated":true}]}}