{"id":151331,"date":"2025-04-14T13:20:07","date_gmt":"2025-04-14T11:20:07","guid":{"rendered":"https:\/\/secureus.se\/?post_type=product&#038;p=151331"},"modified":"2026-03-12T22:45:32","modified_gmt":"2026-03-12T21:45:32","slug":"microsd-minneskort-128gb-securex-card-pro","status":"publish","type":"product","link":"https:\/\/secureus.se\/es\/microsd-minneskort-128gb-securex-card-pro\/","title":{"rendered":"Tarjeta de memoria MicroSD de 128 GB \u2013 SecureX Card Pro Series"},"content":{"rendered":"<h4 class=\"\" data-start=\"487\" data-end=\"546\"><strong data-start=\"492\" data-end=\"546\">Tarjeta de memoria MicroSD de 128 GB \u2013 SecureX Card Pro Series<\/strong><\/h4>\n<p class=\"\" data-start=\"548\" data-end=\"919\">La tarjeta de memoria MicroSD SecureX Card Pro Series de 128 GB es una tarjeta de almacenamiento de alto rendimiento desarrollada para uso profesional en seguridad, vigilancia y otros equipos con uso intensivo de datos. Ya sea que lo utilice en c\u00e1maras IP, sistemas automotrices, tel\u00e9fonos m\u00f3viles o equipos m\u00e9dicos, esta tarjeta de memoria ofrece una transferencia de datos estable y r\u00e1pida en todas las condiciones.<\/p>\n<p class=\"\" data-start=\"921\" data-end=\"1206\">La tarjeta est\u00e1 clasificada como <strong data-start=\"949\" data-end=\"965\">Clase 10, U3<\/strong>, lo que significa altas velocidades de lectura y escritura que pueden manejar grabaci\u00f3n de video de alta definici\u00f3n sin demoras. Con una temperatura de funcionamiento de <strong data-start=\"1113\" data-end=\"1133\">-25\u00b0C a +80\u00b0C<\/strong> y su construcci\u00f3n duradera la hace perfecta tanto para uso en interiores como en exteriores.<\/p>\n<p class=\"\" data-start=\"1208\" data-end=\"1293\">La tarjeta viene completa con un adaptador SD para una amplia compatibilidad con otros dispositivos.<\/p>\n<hr class=\"\" data-start=\"1295\" data-end=\"1298\" \/>\n<h4 class=\"\" data-start=\"1300\" data-end=\"1322\">\u2705 <strong data-start=\"1307\" data-end=\"1322\">Caracter\u00edsticas:<\/strong><\/h4>\n<ul data-start=\"1324\" data-end=\"1658\">\n<li class=\"\" data-start=\"1324\" data-end=\"1356\">\n<p class=\"\" data-start=\"1326\" data-end=\"1356\"><strong data-start=\"1326\" data-end=\"1348\">Capacidad de almacenamiento:<\/strong> 128 GB<\/p>\n<\/li>\n<li class=\"\" data-start=\"1357\" data-end=\"1442\">\n<p class=\"\" data-start=\"1359\" data-end=\"1442\"><strong data-start=\"1359\" data-end=\"1379\">Clase de velocidad:<\/strong> U3 \/ Clase 10: optimizado para video y transferencia r\u00e1pida de datos<\/p>\n<\/li>\n<li class=\"\" data-start=\"1443\" data-end=\"1529\">\n<p class=\"\" data-start=\"1445\" data-end=\"1529\"><strong data-start=\"1445\" data-end=\"1468\">\u00c1reas de uso:<\/strong> C\u00e1maras IP, DVR, GPS, tel\u00e9fonos inteligentes, dispositivos m\u00e9dicos, etc.<\/p>\n<\/li>\n<li class=\"\" data-start=\"1530\" data-end=\"1571\">\n<p class=\"\" data-start=\"1532\" data-end=\"1571\"><strong data-start=\"1532\" data-end=\"1552\">Temperatura de funcionamiento:<\/strong> -25\u00b0C a +80\u00b0C<\/p>\n<\/li>\n<li class=\"\" data-start=\"1572\" data-end=\"1593\">\n<p class=\"\" data-start=\"1574\" data-end=\"1593\"><strong data-start=\"1574\" data-end=\"1586\">Garantizar:<\/strong> 5 a\u00f1os<\/p>\n<\/li>\n<li class=\"\" data-start=\"1594\" data-end=\"1624\">\n<p class=\"\" data-start=\"1596\" data-end=\"1624\"><strong data-start=\"1596\" data-end=\"1619\">Adaptador incluido:<\/strong> S\u00ed<\/p>\n<\/li>\n<li class=\"\" data-start=\"1625\" data-end=\"1658\">\n<p class=\"\" data-start=\"1627\" data-end=\"1658\"><strong data-start=\"1627\" data-end=\"1642\">Certificado:<\/strong> CE, FCC, RoHS<\/p>\n<\/li>\n<\/ul>\n<hr class=\"\" data-start=\"1660\" data-end=\"1663\" \/>\n<p class=\"\" data-start=\"1665\" data-end=\"1786\">Obtenga el m\u00e1ximo rendimiento y tranquilidad en su vigilancia con una tarjeta MicroSD en la que puede confiar. <strong data-start=\"1758\" data-end=\"1785\">Tarjeta SecureX Serie Pro<\/strong>.<\/p>","protected":false},"excerpt":{"rendered":"<p><strong data-start=\"208\" data-end=\"262\">Tarjeta de memoria MicroSD de 128 GB \u2013 SecureX Card Pro Series<\/strong><br data-start=\"262\" data-end=\"265\" \/>Tarjeta MicroSD confiable y r\u00e1pida para vigilancia, tel\u00e9fonos inteligentes y otros dispositivos. Clase 10, velocidad U3 y garant\u00eda de 5 a\u00f1os: perfecto para un almacenamiento exigente.<\/p>","protected":false},"featured_media":162722,"template":"","meta":{"_acf_changed":false},"product_brand":[],"product_cat":[3260],"product_tag":[],"class_list":{"0":"post-151331","1":"product","2":"type-product","3":"status-publish","4":"has-post-thumbnail","6":"product_cat-micro-sd-minneskort","7":"product_shipping_class-postnord-varubrev","8":"tm-no-options","10":"first","11":"outofstock","12":"sale","13":"taxable","14":"shipping-taxable","15":"purchasable","16":"product-type-simple"},"acf":[],"_links":{"self":[{"href":"https:\/\/secureus.se\/es\/wp-json\/wp\/v2\/product\/151331","targetHints":{"allow":["GET"]}}],"collection":[{"href":"https:\/\/secureus.se\/es\/wp-json\/wp\/v2\/product"}],"about":[{"href":"https:\/\/secureus.se\/es\/wp-json\/wp\/v2\/types\/product"}],"wp:featuredmedia":[{"embeddable":true,"href":"https:\/\/secureus.se\/es\/wp-json\/wp\/v2\/media\/162722"}],"wp:attachment":[{"href":"https:\/\/secureus.se\/es\/wp-json\/wp\/v2\/media?parent=151331"}],"wp:term":[{"taxonomy":"product_brand","embeddable":true,"href":"https:\/\/secureus.se\/es\/wp-json\/wp\/v2\/product_brand?post=151331"},{"taxonomy":"product_cat","embeddable":true,"href":"https:\/\/secureus.se\/es\/wp-json\/wp\/v2\/product_cat?post=151331"},{"taxonomy":"product_tag","embeddable":true,"href":"https:\/\/secureus.se\/es\/wp-json\/wp\/v2\/product_tag?post=151331"}],"curies":[{"name":"wp","href":"https:\/\/api.w.org\/{rel}","templated":true}]}}