{"id":151355,"date":"2025-04-14T13:25:24","date_gmt":"2025-04-14T11:25:24","guid":{"rendered":"https:\/\/secureus.se\/microsd-minneskort-64gb-securex-card-pro-series\/"},"modified":"2026-03-19T16:00:02","modified_gmt":"2026-03-19T15:00:02","slug":"microsd-minneskort-64gb-securex-card-pro-series","status":"publish","type":"product","link":"https:\/\/secureus.se\/es\/microsd-minneskort-64gb-securex-card-pro-series\/","title":{"rendered":"Tarjeta de memoria MicroSD de 64 GB - SecureX Card Pro Series"},"content":{"rendered":"<h4 class=\"\" data-start=\"480\" data-end=\"538\"><strong data-start=\"485\" data-end=\"538\">Tarjeta de memoria MicroSD de 64 GB - SecureX Card Pro Series<\/strong><\/h4>\n<p class=\"\" data-start=\"540\" data-end=\"788\">La tarjeta de memoria MicroSD SecureX Card Pro Series de 64 GB es una tarjeta de almacenamiento profesional optimizada para dispositivos de alto rendimiento, como c\u00e1maras de vigilancia, DVR de autom\u00f3viles, sistemas GPS, tel\u00e9fonos inteligentes y otras tecnolog\u00edas donde el almacenamiento de datos confiable y r\u00e1pido es crucial.<\/p>\n<p class=\"\" data-start=\"790\" data-end=\"1117\">Con apoyo para <strong data-start=\"803\" data-end=\"833\">Velocidad U3 y Clase 10<\/strong> garantiza una lectura y escritura r\u00e1pidas, lo que hace que la tarjeta sea ideal para grabaci\u00f3n de v\u00eddeo continua y material de alta definici\u00f3n. Gracias a su amplia compatibilidad y dise\u00f1o robusto, la tarjeta puede funcionar en temperaturas desde <strong data-start=\"1049\" data-end=\"1069\">-25\u00b0C a +80\u00b0C<\/strong>, lo que lo hace confiable incluso en entornos hostiles.<\/p>\n<hr class=\"\" data-start=\"1194\" data-end=\"1197\" \/>\n<h4 class=\"\" data-start=\"1199\" data-end=\"1221\">\u2705 <strong data-start=\"1206\" data-end=\"1221\">Caracter\u00edsticas:<\/strong><\/h4>\n<ul data-start=\"1223\" data-end=\"1538\">\n<li class=\"\" data-start=\"1223\" data-end=\"1254\">\n<p class=\"\" data-start=\"1225\" data-end=\"1254\"><strong data-start=\"1225\" data-end=\"1247\">Capacidad de almacenamiento:<\/strong> 64 GB<\/p>\n<\/li>\n<li class=\"\" data-start=\"1255\" data-end=\"1326\">\n<p class=\"\" data-start=\"1257\" data-end=\"1326\"><strong data-start=\"1257\" data-end=\"1277\">Clase de velocidad:<\/strong> U3 \/ Clase 10: para un rendimiento r\u00e1pido y estable<\/p>\n<\/li>\n<li class=\"\" data-start=\"1327\" data-end=\"1405\">\n<p class=\"\" data-start=\"1329\" data-end=\"1405\"><strong data-start=\"1329\" data-end=\"1349\">Compatible con:<\/strong> C\u00e1maras IP, DVR, GPS, tel\u00e9fonos inteligentes, tecnolog\u00eda m\u00e9dica, etc.<\/p>\n<\/li>\n<li class=\"\" data-start=\"1406\" data-end=\"1447\">\n<p class=\"\" data-start=\"1408\" data-end=\"1447\"><strong data-start=\"1408\" data-end=\"1428\">Temperatura de funcionamiento:<\/strong> -25\u00b0C a +80\u00b0C<\/p>\n<\/li>\n<li class=\"\" data-start=\"1448\" data-end=\"1469\">\n<p class=\"\" data-start=\"1450\" data-end=\"1469\"><strong data-start=\"1450\" data-end=\"1462\">Garantizar:<\/strong> 5 a\u00f1os<\/p>\n<\/li>\n<li class=\"\" data-start=\"1470\" data-end=\"1500\">\n<p class=\"\" data-start=\"1472\" data-end=\"1500\"><strong data-start=\"1472\" data-end=\"1495\">Adaptador incluido:<\/strong> S\u00ed<\/p>\n<\/li>\n<li class=\"\" data-start=\"1501\" data-end=\"1538\">\n<p class=\"\" data-start=\"1503\" data-end=\"1538\"><strong data-start=\"1503\" data-end=\"1522\">Certificaciones:<\/strong> CE, FCC, RoHS<\/p>\n<\/li>\n<\/ul>\n<hr class=\"\" data-start=\"1540\" data-end=\"1543\" \/>\n<p class=\"\" data-start=\"1545\" data-end=\"1678\">Una soluci\u00f3n de almacenamiento compacta pero potente de <strong data-start=\"1591\" data-end=\"1618\">Tarjeta SecureX Serie Pro<\/strong> \u2013 creado para aquellos que exigen un rendimiento confiable las 24 horas del d\u00eda.<\/p>","protected":false},"excerpt":{"rendered":"<p><strong data-start=\"195\" data-end=\"248\">Tarjeta de memoria MicroSD de 64 GB - SecureX Card Pro Series<\/strong><br data-start=\"248\" data-end=\"251\" \/>Tarjeta de memoria compacta, r\u00e1pida y confiable para vigilancia y otras aplicaciones exigentes. Clase 10, velocidad U3 y garant\u00eda de 5 a\u00f1os: almacenamiento estable en el que puede confiar.<\/p>","protected":false},"featured_media":163061,"template":"","meta":{"_acf_changed":false},"product_brand":[],"product_cat":[3260],"product_tag":[],"class_list":{"0":"post-151355","1":"product","2":"type-product","3":"status-publish","4":"has-post-thumbnail","6":"product_cat-micro-sd-minneskort","7":"product_shipping_class-postnord-varubrev","8":"tm-no-options","10":"first","11":"instock","12":"sale","13":"taxable","14":"shipping-taxable","15":"purchasable","16":"product-type-simple"},"acf":[],"_links":{"self":[{"href":"https:\/\/secureus.se\/es\/wp-json\/wp\/v2\/product\/151355","targetHints":{"allow":["GET"]}}],"collection":[{"href":"https:\/\/secureus.se\/es\/wp-json\/wp\/v2\/product"}],"about":[{"href":"https:\/\/secureus.se\/es\/wp-json\/wp\/v2\/types\/product"}],"wp:featuredmedia":[{"embeddable":true,"href":"https:\/\/secureus.se\/es\/wp-json\/wp\/v2\/media\/163061"}],"wp:attachment":[{"href":"https:\/\/secureus.se\/es\/wp-json\/wp\/v2\/media?parent=151355"}],"wp:term":[{"taxonomy":"product_brand","embeddable":true,"href":"https:\/\/secureus.se\/es\/wp-json\/wp\/v2\/product_brand?post=151355"},{"taxonomy":"product_cat","embeddable":true,"href":"https:\/\/secureus.se\/es\/wp-json\/wp\/v2\/product_cat?post=151355"},{"taxonomy":"product_tag","embeddable":true,"href":"https:\/\/secureus.se\/es\/wp-json\/wp\/v2\/product_tag?post=151355"}],"curies":[{"name":"wp","href":"https:\/\/api.w.org\/{rel}","templated":true}]}}