{"id":151626,"date":"2025-04-30T10:03:20","date_gmt":"2025-04-30T08:03:20","guid":{"rendered":"https:\/\/secureus.se\/solo-611-urban-ryggsack\/"},"modified":"2026-04-23T12:47:44","modified_gmt":"2026-04-23T10:47:44","slug":"solo-611-urban-ryggsack","status":"publish","type":"product","link":"https:\/\/secureus.se\/es\/solo-611-urban-ryggsack\/","title":{"rendered":"Solo 611 \u2013 Mochila urbana"},"content":{"rendered":"<h1>Solo 611 \u2013 Mochila urbana<\/h1>\n<h3 data-start=\"307\" data-end=\"363\">Mochila ligera y flexible para equipos de prueba.<\/h3>\n<p data-start=\"364\" data-end=\"657\">La mochila urbana Solo 611 est\u00e1 dise\u00f1ada para t\u00e9cnicos e instaladores que necesitan transportar equipos de prueba c\u00f3modamente en ciudades o grandes lugares de trabajo.<\/p>\n<p data-start=\"364\" data-end=\"657\">Tiene capacidad para equipos como el Solo 365, Testifire 1001\/2001 y Solo 330, as\u00ed como p\u00e9rtigas telesc\u00f3picas cortas como el Solo 110 y el Solo 111.<\/p>\n<h3 data-start=\"659\" data-end=\"696\">Compartimentos inteligentes y personalizables<\/h3>\n<p data-start=\"697\" data-end=\"1007\">La mochila tiene un sistema interior principal adaptable para equipos de prueba y barras de bater\u00eda.<\/p>\n<p data-start=\"697\" data-end=\"1007\">Tiene un compartimento acolchado para una computadora port\u00e1til o tableta, grandes bolsillos con cremallera para cartuchos y un bolsillo frontal para cuadernos A4 y herramientas peque\u00f1as.<\/p>\n<p data-start=\"697\" data-end=\"1007\">Tambi\u00e9n puedes colocar el logotipo de tu empresa en un bolsillo transparente.<\/p>\n<h3 data-start=\"1009\" data-end=\"1036\">Comodidad y portabilidad<\/h3>\n<p data-start=\"1037\" data-end=\"1307\">La mochila urbana Solo 611 tiene correas de hombro anchas y acolchadas, una correa para el pecho para equilibrar el peso y pesa menos de 1,5 kg.<\/p>\n<p data-start=\"1037\" data-end=\"1307\">Los cierres de liberaci\u00f3n r\u00e1pida para la bolsa de ca\u00f1a Solo 612 proporcionan mayor flexibilidad.<\/p>\n<p data-start=\"1037\" data-end=\"1307\">Es f\u00e1cil de transportar durante toda la jornada laboral manteniendo su equipo organizado y protegido.<\/p>\n<h3 data-start=\"1309\" data-end=\"1336\">Ventajas de Solo 611<\/h3>\n<ul data-start=\"1337\" data-end=\"1640\">\n<li data-start=\"1337\" data-end=\"1397\">\n<p data-start=\"1339\" data-end=\"1397\">Sistema de dise\u00f1o interior personalizable para equipos de prueba.<\/p>\n<\/li>\n<li data-start=\"1398\" data-end=\"1443\">\n<p data-start=\"1400\" data-end=\"1443\">Compartimentos acolchados para computadora o tableta<\/p>\n<\/li>\n<li data-start=\"1444\" data-end=\"1502\">\n<p data-start=\"1446\" data-end=\"1502\">Bolsillos con cremallera para cartuchos y bolsillo frontal para herramientas.<\/p>\n<\/li>\n<li data-start=\"1503\" data-end=\"1552\">\n<p data-start=\"1505\" data-end=\"1552\">Cierres de liberaci\u00f3n r\u00e1pida ajustables para bolsa de ca\u00f1a Solo 612<\/p>\n<\/li>\n<li data-start=\"1553\" data-end=\"1606\">\n<p data-start=\"1555\" data-end=\"1606\">C\u00f3modo de llevar con correas anchas para los hombros y correa para el pecho.<\/p>\n<\/li>\n<li data-start=\"1607\" data-end=\"1640\">\n<p data-start=\"1609\" data-end=\"1640\">Ligero: pesa menos de 1,5 kg.<\/p>\n<\/li>\n<\/ul>\n<p data-start=\"1642\" data-end=\"1669\">ESPECIFICACIONES T\u00c9CNICAS:<\/p>\n<ul data-start=\"1670\" data-end=\"2012\">\n<li data-start=\"1670\" data-end=\"1697\">\n<p data-start=\"1672\" data-end=\"1697\">Producto: Mochila urbana<\/p>\n<\/li>\n<li data-start=\"1698\" data-end=\"1718\">\n<p data-start=\"1700\" data-end=\"1718\">Modelo: Solo 611<\/p>\n<\/li>\n<li data-start=\"1719\" data-end=\"1778\">\n<p data-start=\"1721\" data-end=\"1778\">Compatible con: Solo 365, Testifire 1001\/2001, Solo 330<\/p>\n<\/li>\n<li data-start=\"1779\" data-end=\"1871\">\n<p data-start=\"1781\" data-end=\"1871\">Compartimentos: acolchado para computadora\/tableta, bolsillos grandes con cremallera, bolsillo frontal para herramientas peque\u00f1as\/A4<\/p>\n<\/li>\n<li data-start=\"1872\" data-end=\"1911\">\n<p data-start=\"1874\" data-end=\"1911\">Para barras de prueba: Solo 110, Solo 111<\/p>\n<\/li>\n<li data-start=\"1912\" data-end=\"1954\">\n<p data-start=\"1914\" data-end=\"1954\">Comodidad de transporte: Correas de hombro anchas, correa de pecho<\/p>\n<\/li>\n<li data-start=\"1955\" data-end=\"1972\">\n<p data-start=\"1957\" data-end=\"1972\">Peso: &lt;1,5 kg<\/p>\n<\/li>\n<li data-start=\"1973\" data-end=\"2012\">\n<p data-start=\"1975\" data-end=\"2012\">Material: Material textil duradero.<\/p>\n<\/li>\n<\/ul>","protected":false},"excerpt":{"rendered":"<p>La mochila urbana Solo 611 es una mochila ligera y flexible para Solo 365, Testifire 1001\/2001 y Solo 330.<\/p>\n<p>Dispone de compartimentos acolchados, correas ajustables y espacio para equipos de prueba, peque\u00f1as herramientas y bater\u00edas, por lo que es ideal para trabajar en obras m\u00e1s grandes.<\/p>","protected":false},"featured_media":151625,"template":"","meta":{"_acf_changed":false},"product_brand":[],"product_cat":[2945,4758,5072,2946],"product_tag":[],"class_list":{"0":"post-151626","1":"product","2":"type-product","3":"status-publish","4":"has-post-thumbnail","6":"product_cat-solo","7":"product_cat-forvaring-vaskor","8":"product_cat-solo-365","9":"product_cat-testifire","10":"pa_brands-solo","11":"tm-no-options","13":"first","14":"instock","15":"sale","16":"taxable","17":"shipping-taxable","18":"purchasable","19":"product-type-simple"},"acf":[],"_links":{"self":[{"href":"https:\/\/secureus.se\/es\/wp-json\/wp\/v2\/product\/151626","targetHints":{"allow":["GET"]}}],"collection":[{"href":"https:\/\/secureus.se\/es\/wp-json\/wp\/v2\/product"}],"about":[{"href":"https:\/\/secureus.se\/es\/wp-json\/wp\/v2\/types\/product"}],"wp:featuredmedia":[{"embeddable":true,"href":"https:\/\/secureus.se\/es\/wp-json\/wp\/v2\/media\/151625"}],"wp:attachment":[{"href":"https:\/\/secureus.se\/es\/wp-json\/wp\/v2\/media?parent=151626"}],"wp:term":[{"taxonomy":"product_brand","embeddable":true,"href":"https:\/\/secureus.se\/es\/wp-json\/wp\/v2\/product_brand?post=151626"},{"taxonomy":"product_cat","embeddable":true,"href":"https:\/\/secureus.se\/es\/wp-json\/wp\/v2\/product_cat?post=151626"},{"taxonomy":"product_tag","embeddable":true,"href":"https:\/\/secureus.se\/es\/wp-json\/wp\/v2\/product_tag?post=151626"}],"curies":[{"name":"wp","href":"https:\/\/api.w.org\/{rel}","templated":true}]}}