{"id":151630,"date":"2025-04-30T10:03:24","date_gmt":"2025-04-30T08:03:24","guid":{"rendered":"https:\/\/secureus.se\/barvaska-forvaringsvaska-koger-solo-610\/"},"modified":"2026-04-08T16:02:11","modified_gmt":"2026-04-08T14:02:11","slug":"barvaska-forvaringsvaska-koger-solo-610","status":"publish","type":"product","link":"https:\/\/secureus.se\/es\/barvaska-forvaringsvaska-koger-solo-610\/","title":{"rendered":"Estuche de transporte \/ estuche de almacenamiento + carcaj Solo 610"},"content":{"rendered":"<h1>Estuche de transporte \/ estuche de almacenamiento + carcaj Solo 610<\/h1>\n<h3 data-start=\"308\" data-end=\"363\">Soluci\u00f3n de transporte completa para equipos de prueba<\/h3>\n<p data-start=\"364\" data-end=\"683\">Solo 610 consta de dos bolsas fabricadas en pl\u00e1stico negro resistente, dise\u00f1adas para almacenar y transportar comprobadores, varillas de bater\u00eda, dispositivos de desmontaje, casetes, comprobadores de bater\u00eda y p\u00e9rtigas telesc\u00f3picas de forma organizada.<\/p>\n<p data-start=\"364\" data-end=\"683\">La bolsa es perfecta para los t\u00e9cnicos que necesitan tener todo su equipo junto y f\u00e1cilmente accesible en el lugar de trabajo.<\/p>\n<h3 data-start=\"685\" data-end=\"725\">Adaptable para diferentes productos<\/h3>\n<p data-start=\"726\" data-end=\"941\">La bolsa grande cuenta con dos divisores extra\u00edbles que se ajustan al tama\u00f1o y tipo de equipo. El carcaj incluido permite guardar bastones telesc\u00f3picos.<\/p>\n<p data-start=\"726\" data-end=\"941\">El Solo 610 admite equipos Solo y Testifire:<\/p>\n<p data-start=\"943\" data-end=\"990\"><strong data-start=\"943\" data-end=\"988\">Ejemplos de equipos Solo que encajar\u00e1n:<\/strong><\/p>\n<ul data-start=\"991\" data-end=\"1271\">\n<li data-start=\"991\" data-end=\"1038\">\n<p data-start=\"993\" data-end=\"1038\">Comprobador de detectores de humo\/CO Solo 330 \/ Solo 332<\/p>\n<\/li>\n<li data-start=\"1039\" data-end=\"1072\">\n<p data-start=\"1041\" data-end=\"1072\">Probador de detector de calor Solo 461<\/p>\n<\/li>\n<li data-start=\"1073\" data-end=\"1100\">\n<p data-start=\"1075\" data-end=\"1100\">Cargador de bater\u00eda Solo 726<\/p>\n<\/li>\n<li data-start=\"1101\" data-end=\"1138\">\n<p data-start=\"1103\" data-end=\"1138\">2 varillas de bater\u00eda Solo 770 en la tapa<\/p>\n<\/li>\n<li data-start=\"1139\" data-end=\"1182\">\n<p data-start=\"1141\" data-end=\"1182\">Dispositivo de desmontaje Solo 200 en el bolsillo delantero<\/p>\n<\/li>\n<li data-start=\"1183\" data-end=\"1205\">\n<p data-start=\"1185\" data-end=\"1205\">SmokeSabre individual<\/p>\n<\/li>\n<li data-start=\"1206\" data-end=\"1239\">\n<p data-start=\"1208\" data-end=\"1239\">Cilindros de gas de muestra Solo A5 y C3<\/p>\n<\/li>\n<li data-start=\"1240\" data-end=\"1271\">\n<p data-start=\"1242\" data-end=\"1271\">El comprobador de bater\u00eda Cellchecker<\/p>\n<\/li>\n<\/ul>\n<p data-start=\"1273\" data-end=\"1325\"><strong data-start=\"1273\" data-end=\"1323\">Ejemplos de equipos Testifire que se adaptar\u00e1n a:<\/strong><\/p>\n<ul data-start=\"1326\" data-end=\"1561\">\n<li data-start=\"1326\" data-end=\"1355\">\n<p data-start=\"1328\" data-end=\"1355\">Testifire 1001 o 2001<\/p>\n<\/li>\n<li data-start=\"1356\" data-end=\"1383\">\n<p data-start=\"1358\" data-end=\"1383\">Cargador de bater\u00eda Solo 726<\/p>\n<\/li>\n<li data-start=\"1384\" data-end=\"1421\">\n<p data-start=\"1386\" data-end=\"1421\">2 varillas de bater\u00eda Solo 770 en la tapa<\/p>\n<\/li>\n<li data-start=\"1422\" data-end=\"1444\">\n<p data-start=\"1424\" data-end=\"1444\">M\u00e1quina de derribo Solo 200<\/p>\n<\/li>\n<li data-start=\"1445\" data-end=\"1475\">\n<p data-start=\"1447\" data-end=\"1475\">Cartuchos de humo Testifire TS3<\/p>\n<\/li>\n<li data-start=\"1476\" data-end=\"1506\">\n<p data-start=\"1478\" data-end=\"1506\">Cartuchos de CO Testifire TC3<\/p>\n<\/li>\n<li data-start=\"1507\" data-end=\"1529\">\n<p data-start=\"1509\" data-end=\"1529\">SmokeSabre individual<\/p>\n<\/li>\n<li data-start=\"1530\" data-end=\"1561\">\n<p data-start=\"1532\" data-end=\"1561\">El comprobador de bater\u00eda Cellchecker<\/p>\n<\/li>\n<\/ul>\n<h3 data-start=\"1563\" data-end=\"1590\">Carcaj para varillas de prueba<\/h3>\n<p data-start=\"1591\" data-end=\"1645\">En el carcaj incluido se pueden transportar los siguientes objetos:<\/p>\n<ul data-start=\"1646\" data-end=\"1733\">\n<li data-start=\"1646\" data-end=\"1689\">\n<p data-start=\"1648\" data-end=\"1689\">1 poste telesc\u00f3pico Solo 100 o Solo 108<\/p>\n<\/li>\n<li data-start=\"1690\" data-end=\"1733\">\n<p data-start=\"1692\" data-end=\"1733\">Hasta 3 varillas de extensi\u00f3n Solo 101<\/p>\n<\/li>\n<\/ul>\n<p data-start=\"1735\" data-end=\"1913\">El Solo 610 proporciona orden y seguridad a los t\u00e9cnicos que necesitan transportar m\u00faltiples tipos de equipos de prueba, al tiempo que protege los equipos sensibles contra da\u00f1os durante el transporte.<\/p>\n<p data-start=\"1915\" data-end=\"1942\">ESPECIFICACIONES T\u00c9CNICAS:<\/p>\n<ul data-start=\"1943\" data-end=\"2346\">\n<li data-start=\"1943\" data-end=\"1996\">\n<p data-start=\"1945\" data-end=\"1996\">Producto: Bolsa de almacenamiento y transporte con carcaj<\/p>\n<\/li>\n<li data-start=\"1997\" data-end=\"2017\">\n<p data-start=\"1999\" data-end=\"2017\">Modelo: Solo 610<\/p>\n<\/li>\n<li data-start=\"2018\" data-end=\"2062\">\n<p data-start=\"2020\" data-end=\"2062\">Material: Pl\u00e1stico negro duradero.<\/p>\n<\/li>\n<li data-start=\"2063\" data-end=\"2142\">\n<p data-start=\"2065\" data-end=\"2142\">Contenido: Dos bolsas con separadores extra\u00edbles + carcaj para bastones telesc\u00f3picos<\/p>\n<\/li>\n<li data-start=\"2143\" data-end=\"2212\">\n<p data-start=\"2145\" data-end=\"2212\">Compatible con Solo: 330, 332, 461, 770, 200, A5, C3, Cellchecker<\/p>\n<\/li>\n<li data-start=\"2213\" data-end=\"2291\">\n<p data-start=\"2215\" data-end=\"2291\">Compatible con Testifire: 1001, 2001, 726, 770, 200, TS3, TC3, Cellchecker<\/p>\n<\/li>\n<li data-start=\"2292\" data-end=\"2346\">\n<p data-start=\"2294\" data-end=\"2346\">Carcaj: 1\u00d7 Solo 100\/Solo 108 + hasta 3\u00d7 Solo 101<\/p>\n<\/li>\n<\/ul>","protected":false},"excerpt":{"rendered":"<p>El malet\u00edn Solo 610 es una soluci\u00f3n de transporte robusta para comprobadores, bater\u00edas, cargadores, casetes y barras telesc\u00f3picas.<\/p>\n<p>El malet\u00edn es flexible, con divisores extra\u00edbles y carcaj incluido para barras de prueba, lo que lo hace ideal para el personal de servicio y los t\u00e9cnicos.<\/p>","protected":false},"featured_media":151629,"template":"","meta":{"_acf_changed":false},"product_brand":[],"product_cat":[2946,4758,2945],"product_tag":[],"class_list":{"0":"post-151630","1":"product","2":"type-product","3":"status-publish","4":"has-post-thumbnail","6":"product_cat-testifire","7":"product_cat-forvaring-vaskor","8":"product_cat-solo","9":"tm-no-options","11":"first","12":"instock","13":"taxable","14":"shipping-taxable","15":"purchasable","16":"product-type-simple"},"acf":[],"_links":{"self":[{"href":"https:\/\/secureus.se\/es\/wp-json\/wp\/v2\/product\/151630","targetHints":{"allow":["GET"]}}],"collection":[{"href":"https:\/\/secureus.se\/es\/wp-json\/wp\/v2\/product"}],"about":[{"href":"https:\/\/secureus.se\/es\/wp-json\/wp\/v2\/types\/product"}],"wp:featuredmedia":[{"embeddable":true,"href":"https:\/\/secureus.se\/es\/wp-json\/wp\/v2\/media\/151629"}],"wp:attachment":[{"href":"https:\/\/secureus.se\/es\/wp-json\/wp\/v2\/media?parent=151630"}],"wp:term":[{"taxonomy":"product_brand","embeddable":true,"href":"https:\/\/secureus.se\/es\/wp-json\/wp\/v2\/product_brand?post=151630"},{"taxonomy":"product_cat","embeddable":true,"href":"https:\/\/secureus.se\/es\/wp-json\/wp\/v2\/product_cat?post=151630"},{"taxonomy":"product_tag","embeddable":true,"href":"https:\/\/secureus.se\/es\/wp-json\/wp\/v2\/product_tag?post=151630"}],"curies":[{"name":"wp","href":"https:\/\/api.w.org\/{rel}","templated":true}]}}