{"id":151816,"date":"2025-05-08T16:26:21","date_gmt":"2025-05-08T14:26:21","guid":{"rendered":"https:\/\/secureus.se\/aritech-kombi-rok-varme-detektor-dp721rt\/"},"modified":"2026-04-08T16:26:19","modified_gmt":"2026-04-08T14:26:19","slug":"aritech-kombi-rok-varme-detektor-dp721rt","status":"publish","type":"product","link":"https:\/\/secureus.se\/es\/aritech-kombi-rok-varme-detektor-dp721rt\/","title":{"rendered":"Detector combinado de humo y calor Aritech DP721RT"},"content":{"rendered":"<p>Detector combinado de humo y calor con c\u00e1mara de humo reemplazable, Detector \u00f3ptico de humo y calor, cuatro hilos, tensi\u00f3n de alimentaci\u00f3n 8,5-33 VDC, Con salida de rel\u00e9 de conmutaci\u00f3n, autorreinicio IP43. Todos los detectores de humo de la serie 700 de Aritech monitorean continuamente su sensibilidad y estado operativo. La deriva de fondo se compensa diariamente para mantener la sensibilidad calibrada original dentro de los l\u00edmites requeridos. Una vez al d\u00eda, el detector realiza una prueba de diagn\u00f3stico completa que incluye pruebas din\u00e1micas de la c\u00e1mara de detecci\u00f3n y la electr\u00f3nica interna. Si un detector queda fuera de rango o no pasa la prueba de diagn\u00f3stico interna, esto se informa al panel y se indica en el detector como una falla con un diodo amarillo.<\/p>","protected":false},"excerpt":{"rendered":"<p>Detector combinado de humo y calor, c\u00e1mara de humo reemplazable. Detector \u00f3ptico de humo y calor. Cuatro cables, tensi\u00f3n de alimentaci\u00f3n 8,5-33 VCC. `Con salida de rel\u00e9 de conmutaci\u00f3n IP43<\/p>\n<p>autodiagn\u00f3stico autom\u00e1tico<br \/>\nPruebas in situ sin equipos de medici\u00f3n adicionales<br \/>\nSensor \u00f3ptico con c\u00e1mara que puede reemplazarse in situ y reciclarse (respetuoso con el medio ambiente)<br \/>\nLED separados para incendio y falla<br \/>\nPuede ser alimentado por 12-24 VCC<\/p>","protected":false},"featured_media":151815,"template":"","meta":{"_acf_changed":false},"product_brand":[],"product_cat":[3373,4157],"product_tag":[],"class_list":{"0":"post-151816","1":"product","2":"type-product","3":"status-publish","4":"has-post-thumbnail","6":"product_cat-rokdetektorer","7":"product_cat-varmedetektor","8":"pa_brands-aritech","9":"tm-no-options","11":"first","12":"outofstock","13":"sale","14":"taxable","15":"shipping-taxable","16":"purchasable","17":"product-type-simple"},"acf":[],"_links":{"self":[{"href":"https:\/\/secureus.se\/es\/wp-json\/wp\/v2\/product\/151816","targetHints":{"allow":["GET"]}}],"collection":[{"href":"https:\/\/secureus.se\/es\/wp-json\/wp\/v2\/product"}],"about":[{"href":"https:\/\/secureus.se\/es\/wp-json\/wp\/v2\/types\/product"}],"wp:featuredmedia":[{"embeddable":true,"href":"https:\/\/secureus.se\/es\/wp-json\/wp\/v2\/media\/151815"}],"wp:attachment":[{"href":"https:\/\/secureus.se\/es\/wp-json\/wp\/v2\/media?parent=151816"}],"wp:term":[{"taxonomy":"product_brand","embeddable":true,"href":"https:\/\/secureus.se\/es\/wp-json\/wp\/v2\/product_brand?post=151816"},{"taxonomy":"product_cat","embeddable":true,"href":"https:\/\/secureus.se\/es\/wp-json\/wp\/v2\/product_cat?post=151816"},{"taxonomy":"product_tag","embeddable":true,"href":"https:\/\/secureus.se\/es\/wp-json\/wp\/v2\/product_tag?post=151816"}],"curies":[{"name":"wp","href":"https:\/\/api.w.org\/{rel}","templated":true}]}}