{"id":152197,"date":"2025-05-20T14:56:08","date_gmt":"2025-05-20T12:56:08","guid":{"rendered":"https:\/\/secureus.se\/?post_type=product&#038;p=152197"},"modified":"2026-02-25T13:05:47","modified_gmt":"2026-02-25T12:05:47","slug":"elektrisk-musfalla-rattfalla-wi-fi-fanga-skadedjuren-smart-och-sakert","status":"publish","type":"product","link":"https:\/\/secureus.se\/es\/elektrisk-musfalla-rattfalla-wi-fi-fanga-skadedjuren-smart-och-sakert\/","title":{"rendered":"Trampa para ratones el\u00e9ctrica\/rata Wi-Fi \u2013 Controlada por aplicaci\u00f3n \u2013 Ecol\u00f3gica \u2013 Atrapa las plagas de forma inteligente y segura"},"content":{"rendered":"<p data-start=\"577\" data-end=\"727\">Trampa para ratones y ratas ecol\u00f3gica, inteligente e higi\u00e9nica que mata con una r\u00e1pida descarga el\u00e9ctrica y env\u00eda una notificaci\u00f3n push a tu tel\u00e9fono m\u00f3vil cuando ha atacado. Funciona con pilas, es inodoro y f\u00e1cil de limpiar: perfecto para cocinas, garajes y almacenes.<\/p>\n<p class=\"\" data-start=\"577\" data-end=\"727\">Evite las trampas tradicionales y las placas adhesivas. Con nuestro <strong data-start=\"636\" data-end=\"673\">Trampa el\u00e9ctrica para ratones y ratas con wifi<\/strong> El control de plagas se vuelve higi\u00e9nico e inteligente:<\/p>\n<ol data-start=\"729\" data-end=\"1138\">\n<li class=\"\" data-start=\"729\" data-end=\"797\">\n<p class=\"\" data-start=\"732\" data-end=\"797\"><strong data-start=\"732\" data-end=\"744\">Anexo<\/strong> Trampa donde se ve actividad \u2013 cocina, trastero, garaje.<\/p>\n<\/li>\n<li class=\"\" data-start=\"798\" data-end=\"888\">\n<p class=\"\" data-start=\"801\" data-end=\"888\"><strong data-start=\"801\" data-end=\"815\">Conexi\u00f3n de aplicaciones<\/strong> a trav\u00e9s de <strong>2,4 GHz<\/strong>-Wi-Fi\/Bluetooth 5.0 y obtenga el estado en vivo directamente en su tel\u00e9fono.<\/p>\n<\/li>\n<li class=\"\" data-start=\"889\" data-end=\"948\">\n<p class=\"\" data-start=\"892\" data-end=\"948\"><strong data-start=\"892\" data-end=\"901\">Atraer<\/strong> con cebo de su elecci\u00f3n en la caja de comida extra\u00edble.<\/p>\n<\/li>\n<li class=\"\" data-start=\"949\" data-end=\"1084\">\n<p class=\"\" data-start=\"952\" data-end=\"1084\"><strong data-start=\"952\" data-end=\"964\">Recibir notificaciones<\/strong> Cuando se atrapa un rat\u00f3n o una rata, la trampa emite una descarga el\u00e9ctrica r\u00e1pida y mantiene un alto voltaje durante 2 minutos para lograr la m\u00e1xima eficacia.<\/p>\n<\/li>\n<li class=\"\" data-start=\"1085\" data-end=\"1138\">\n<p class=\"\" data-start=\"1088\" data-end=\"1138\"><strong data-start=\"1088\" data-end=\"1104\">Vaciar y limpiar<\/strong> sin tocar la plaga. \u00a1Claro!<\/p>\n<\/li>\n<\/ol>\n<p class=\"\" data-start=\"1140\" data-end=\"1237\">La trampa es adecuada tanto para particulares como para profesionales que quieran reducir el riesgo de lesiones, olores y sufrimientos innecesarios.<\/p>\n<hr class=\"\" data-start=\"2106\" data-end=\"2109\" \/>\n<h2 class=\"\" data-start=\"2111\" data-end=\"2158\"><strong data-start=\"2114\" data-end=\"2158\">C\u00f3mo instalar la trampa (paso a paso)<\/strong><\/h2>\n<ol data-start=\"2160\" data-end=\"2542\">\n<li class=\"\" data-start=\"2160\" data-end=\"2201\">\n<p class=\"\" data-start=\"2163\" data-end=\"2201\"><strong data-start=\"2163\" data-end=\"2179\">Abra la tapa<\/strong> y sacarlo de la lonchera.<\/p>\n<\/li>\n<li class=\"\" data-start=\"2202\" data-end=\"2294\">\n<p class=\"\" data-start=\"2205\" data-end=\"2294\"><strong data-start=\"2205\" data-end=\"2227\">Insertar las pilas<\/strong> (4 pilas AA). Cierre la tapa y mantenga presionado el bot\u00f3n de reinicio durante 3 segundos para emparejar.<\/p>\n<\/li>\n<li class=\"\" data-start=\"2295\" data-end=\"2368\">\n<p class=\"\" data-start=\"2298\" data-end=\"2368\"><strong data-start=\"2298\" data-end=\"2315\">Llena la lonchera<\/strong> con mantequilla de man\u00ed, queso u otro cebo atractivo.<\/p>\n<\/li>\n<li class=\"\" data-start=\"2369\" data-end=\"2454\">\n<p class=\"\" data-start=\"2372\" data-end=\"2454\"><strong data-start=\"2372\" data-end=\"2385\">Juntar<\/strong> y coloque la trampa con la entrada a lo largo de una pared donde se mueven roedores.<\/p>\n<\/li>\n<li class=\"\" data-start=\"2455\" data-end=\"2542\">\n<p class=\"\" data-start=\"2458\" data-end=\"2542\"><strong data-start=\"2458\" data-end=\"2474\">Iniciar la aplicaci\u00f3n<\/strong> y siga las instrucciones para agregar el dispositivo a su Wi-Fi.<\/p>\n<\/li>\n<\/ol>\n<blockquote data-start=\"2544\" data-end=\"2621\">\n<p class=\"\" data-start=\"2546\" data-end=\"2621\"><strong data-start=\"2546\" data-end=\"2555\">Consejo:<\/strong> Coloque la trampa dentro del alcance de Wi-Fi para garantizar las notificaciones autom\u00e1ticas.<\/p>\n<\/blockquote>\n<hr class=\"\" data-start=\"2623\" data-end=\"2626\" \/>\n<h2 class=\"\" data-start=\"2628\" data-end=\"2655\"><strong data-start=\"2631\" data-end=\"2655\">Preguntas frecuentes (FAQ)<\/strong><\/h2>\n<p class=\"\" data-start=\"2657\" data-end=\"2767\"><strong data-start=\"2657\" data-end=\"2690\">\u00bfCu\u00e1l es la mejor manera de colocar la trampa?<\/strong><br data-start=\"2690\" data-end=\"2693\" \/>A lo largo de las paredes, detr\u00e1s de electrodom\u00e9sticos o cerca de fuentes de alimentos o agua donde haya visto rastros.<\/p>\n<p class=\"\" data-start=\"2769\" data-end=\"2908\"><strong data-start=\"2769\" data-end=\"2788\">\u00bfC\u00f3mo limpio?<\/strong><br data-start=\"2788\" data-end=\"2791\" \/>Ponte los guantes, descarga la caja de alimentos y la caja de recolecci\u00f3n. Enjuagar con agua caliente y detergente, secar completamente y volver a ensamblar.<\/p>\n<p class=\"\" data-start=\"2910\" data-end=\"3036\"><strong data-start=\"2910\" data-end=\"2952\">\u00bfTengo que revisar la trampa diariamente?<\/strong><br data-start=\"2952\" data-end=\"2955\" \/>Las notificaciones de la aplicaci\u00f3n suelen ser suficientes, pero se recomienda una visita f\u00edsica una vez al d\u00eda por razones de higiene.<\/p>\n<p class=\"\" data-start=\"3038\" data-end=\"3166\"><strong data-start=\"3038\" data-end=\"3072\">\u00bfEs seguro para ni\u00f1os\/mascotas?<\/strong><br data-start=\"3072\" data-end=\"3075\" \/>S\u00ed, pero se activa alto voltaje: col\u00f3quelo fuera del alcance y retire siempre las bater\u00edas al realizar tareas de mantenimiento.<\/p>\n<p data-start=\"3038\" data-end=\"3166\"><strong data-start=\"3038\" data-end=\"3072\">\u00bfQu\u00e9 aplicaci\u00f3n utilizas?<br \/>\n<\/strong>La trampa es compatible, entre otros, con Tuya, Smart Life y la aplicaci\u00f3n Stonehouse Smart.<\/p>\n<hr class=\"\" data-start=\"3168\" data-end=\"3171\" \/>\n<h2 class=\"\" data-start=\"3173\" data-end=\"3198\"><strong data-start=\"3176\" data-end=\"3198\">El paquete contiene<\/strong><\/h2>\n<ul data-start=\"3200\" data-end=\"3323\">\n<li class=\"\" data-start=\"3200\" data-end=\"3238\">\n<p class=\"\" data-start=\"3202\" data-end=\"3238\">1 \u00d7 Trampa el\u00e9ctrica para ratones\/ratas con wifi<\/p>\n<\/li>\n<li class=\"\" data-start=\"3239\" data-end=\"3264\">\n<p class=\"\" data-start=\"3241\" data-end=\"3264\">1 \u00d7 Lonchera extra\u00edble<\/p>\n<\/li>\n<li class=\"\" data-start=\"3265\" data-end=\"3298\">\n<p class=\"\" data-start=\"3267\" data-end=\"3298\">1 \u00d7 Manual (sueco\/ingl\u00e9s)<\/p>\n<\/li>\n<li class=\"\" data-start=\"3299\" data-end=\"3323\">\n<p class=\"\" data-start=\"3301\" data-end=\"3323\"><strong data-start=\"3301\" data-end=\"3323\">Pilas no incluidas<\/strong><\/p>\n<\/li>\n<\/ul>\n<hr class=\"\" data-start=\"3325\" data-end=\"3328\" \/>\n<h2 class=\"\" data-start=\"1244\" data-end=\"1275\"><strong data-start=\"1247\" data-end=\"1275\">Especificaciones t\u00e9cnicas<\/strong><\/h2>\n<div class=\"_tableContainer_16hzy_1\">\n<div class=\"_tableWrapper_16hzy_14 group flex w-fit flex-col-reverse\">\n<table class=\"w-fit min-w-(--thread-content-width)\" data-start=\"1277\" data-end=\"1633\">\n<thead data-start=\"1277\" data-end=\"1298\">\n<tr data-start=\"1277\" data-end=\"1298\">\n<th data-start=\"1277\" data-end=\"1289\" data-col-size=\"sm\">Par\u00e1metro<\/th>\n<th data-start=\"1289\" data-end=\"1298\" data-col-size=\"md\">Valor<\/th>\n<\/tr>\n<\/thead>\n<tbody data-start=\"1321\" data-end=\"1633\">\n<tr data-start=\"1321\" data-end=\"1366\">\n<td data-start=\"1321\" data-end=\"1340\" data-col-size=\"sm\">Fuente de alimentaci\u00f3n<\/td>\n<td data-col-size=\"md\" data-start=\"1340\" data-end=\"1366\">4 pilas AA\/LR6 de 1,5 V (6 V)<\/td>\n<\/tr>\n<tr data-start=\"1367\" data-end=\"1395\">\n<td data-start=\"1367\" data-end=\"1384\" data-col-size=\"sm\">Energ\u00eda en espera<\/td>\n<td data-col-size=\"md\" data-start=\"1384\" data-end=\"1395\">52,5 \u00b5A<\/td>\n<\/tr>\n<tr data-start=\"1396\" data-end=\"1455\">\n<td data-start=\"1396\" data-end=\"1407\" data-col-size=\"sm\">Inal\u00e1mbrico<\/td>\n<td data-col-size=\"md\" data-start=\"1407\" data-end=\"1455\">Wi-Fi 802.11 b\/g\/n (2,4 GHz) \/ Bluetooth 5.0<\/td>\n<\/tr>\n<tr data-start=\"1456\" data-end=\"1489\">\n<td data-start=\"1456\" data-end=\"1467\" data-col-size=\"sm\">Alcance<\/td>\n<td data-col-size=\"md\" data-start=\"1467\" data-end=\"1489\">aprox. 45 m (vista despejada)<\/td>\n<\/tr>\n<tr data-start=\"1490\" data-end=\"1540\">\n<td data-start=\"1490\" data-end=\"1504\" data-col-size=\"sm\">Temperatura de trabajo.<\/td>\n<td data-col-size=\"md\" data-start=\"1504\" data-end=\"1540\">\u221210 \u00b0C \u2026 +60 \u00b0C (14 \u00b0F \u2026 140 \u00b0F)<\/td>\n<\/tr>\n<tr data-start=\"1541\" data-end=\"1595\">\n<td data-start=\"1541\" data-end=\"1557\" data-col-size=\"sm\">Humedad<\/td>\n<td data-start=\"1557\" data-end=\"1595\" data-col-size=\"md\">1 % \u2026 85 % RH (sin condensaci\u00f3n)<\/td>\n<\/tr>\n<tr data-start=\"1596\" data-end=\"1633\">\n<td data-start=\"1596\" data-end=\"1611\" data-col-size=\"sm\">Dimensiones (largo x ancho x alto)<\/td>\n<td data-col-size=\"md\" data-start=\"1611\" data-end=\"1633\">222 \u00d7 112 \u00d7 120 mm<\/td>\n<\/tr>\n<\/tbody>\n<\/table>\n<div class=\"sticky end-(--thread-content-margin) h-0 self-end select-none\">\n<div class=\"absolute end-0 flex items-end\"><\/div>\n<\/div>\n<\/div>\n<\/div>\n<hr class=\"\" data-start=\"1635\" data-end=\"1638\" \/>\n<h2 class=\"\" data-start=\"1640\" data-end=\"1673\"><strong data-start=\"1643\" data-end=\"1673\">Indicador LED: gu\u00eda r\u00e1pida<\/strong><\/h2>\n<div class=\"_tableContainer_16hzy_1\">\n<div class=\"_tableWrapper_16hzy_14 group flex w-fit flex-col-reverse\">\n<table class=\"w-fit min-w-(--thread-content-width)\" data-start=\"1675\" data-end=\"2104\">\n<thead data-start=\"1675\" data-end=\"1702\">\n<tr data-start=\"1675\" data-end=\"1702\">\n<th data-start=\"1675\" data-end=\"1688\" data-col-size=\"sm\">Modo dispositivo<\/th>\n<th data-start=\"1688\" data-end=\"1702\" data-col-size=\"md\">Se\u00f1al LED<\/th>\n<\/tr>\n<\/thead>\n<tbody data-start=\"1731\" data-end=\"2104\">\n<tr data-start=\"1731\" data-end=\"1796\">\n<td data-start=\"1731\" data-end=\"1757\" data-col-size=\"sm\">Emparejamiento Wi-Fi\/Bluetooth<\/td>\n<td data-col-size=\"md\" data-start=\"1757\" data-end=\"1796\"><strong data-start=\"1759\" data-end=\"1767\">Verde<\/strong> parpadea r\u00e1pidamente (2 \u00d7 \/ seg)<\/td>\n<\/tr>\n<tr data-start=\"1797\" data-end=\"1858\">\n<td data-start=\"1797\" data-end=\"1817\" data-col-size=\"sm\">Modo AP\/Bluetooth<\/td>\n<td data-col-size=\"md\" data-start=\"1817\" data-end=\"1858\"><strong data-start=\"1819\" data-end=\"1827\">Verde<\/strong> parpadea lentamente (cada 2 segundos)<\/td>\n<\/tr>\n<tr data-start=\"1859\" data-end=\"1914\">\n<td data-start=\"1859\" data-end=\"1876\" data-col-size=\"sm\">Atrapa roedores<\/td>\n<td data-col-size=\"md\" data-start=\"1876\" data-end=\"1914\"><strong data-start=\"1878\" data-end=\"1885\">ROJO<\/strong> Se enciende durante 1 minuto y parpadea durante 1 minuto.<\/td>\n<\/tr>\n<tr data-start=\"1915\" data-end=\"1991\">\n<td data-start=\"1915\" data-end=\"1932\" data-col-size=\"sm\">Roedor capturado<\/td>\n<td data-col-size=\"md\" data-start=\"1932\" data-end=\"1991\"><strong data-start=\"1934\" data-end=\"1941\">ROJO<\/strong> parpadea 10 veces, se repite cada 5 minutos (m\u00e1ximo 30 minutos)<\/td>\n<\/tr>\n<tr data-start=\"1992\" data-end=\"2047\">\n<td data-start=\"1992\" data-end=\"2007\" data-col-size=\"sm\">Despertar de OTA<\/td>\n<td data-col-size=\"md\" data-start=\"2007\" data-end=\"2047\">Sostener <strong data-start=\"2014\" data-end=\"2029\">bot\u00f3n de reinicio<\/strong> 1 s (verde s\u00f3lido)<\/td>\n<\/tr>\n<tr data-start=\"2048\" data-end=\"2104\">\n<td data-start=\"2048\" data-end=\"2064\" data-col-size=\"sm\">Restablecimiento de f\u00e1brica<\/td>\n<td data-col-size=\"md\" data-start=\"2064\" data-end=\"2104\">Sostener <strong data-start=\"2071\" data-end=\"2086\">bot\u00f3n de reinicio<\/strong> 6 s (verde fijo)<\/td>\n<\/tr>\n<\/tbody>\n<\/table>\n<div class=\"sticky end-(--thread-content-margin) h-0 self-end select-none\">\n<div class=\"absolute end-0 flex items-end\">\n<hr class=\"\" data-start=\"1635\" data-end=\"1638\" \/>\n<\/div>\n<\/div>\n<\/div>\n<\/div>\n<h2 class=\"\" data-start=\"3330\" data-end=\"3357\"><strong data-start=\"3333\" data-end=\"3357\">Informaci\u00f3n de seguridad<\/strong><\/h2>\n<ul data-start=\"3359\" data-end=\"3612\">\n<li class=\"\" data-start=\"3359\" data-end=\"3429\">\n<p class=\"\" data-start=\"3361\" data-end=\"3429\">Usado <strong data-start=\"3368\" data-end=\"3378\">solo<\/strong> alcalino, <strong data-start=\"3390\" data-end=\"3396\">no<\/strong> Pilas AA recargables.<\/p>\n<\/li>\n<li class=\"\" data-start=\"3430\" data-end=\"3499\">\n<p class=\"\" data-start=\"3432\" data-end=\"3499\">Tubo <strong data-start=\"3436\" data-end=\"3446\">Nunca<\/strong> las placas met\u00e1licas dentro de la trampa cuando se activa.<\/p>\n<\/li>\n<li class=\"\" data-start=\"3500\" data-end=\"3559\">\n<p class=\"\" data-start=\"3502\" data-end=\"3559\">Mantener alejado del agua; Limpie las piezas extra\u00edbles por separado.<\/p>\n<\/li>\n<li class=\"\" data-start=\"3560\" data-end=\"3612\">\n<p class=\"\" data-start=\"3562\" data-end=\"3612\">Apague (bot\u00f3n de encendido\/borrado) antes de cada vaciado.<\/p>\n<\/li>\n<\/ul>","protected":false},"excerpt":{"rendered":"<ul>\n<li class=\"\" data-start=\"112\" data-end=\"164\">\n<p class=\"\" data-start=\"114\" data-end=\"164\">\u26a1 <strong data-start=\"116\" data-end=\"137\">Descarga el\u00e9ctrica inmediata<\/strong> \u2013 matanza humana y r\u00e1pida<\/p>\n<\/li>\n<li class=\"\" data-start=\"165\" data-end=\"237\">\n<p class=\"\" data-start=\"167\" data-end=\"237\">\ud83d\udcf1 <strong data-start=\"170\" data-end=\"188\">Conectado a Wi-Fi<\/strong> \u2013 recibe una notificaci\u00f3n push en tu tel\u00e9fono m\u00f3vil cuando se active la trampa<\/p>\n<\/li>\n<li class=\"\" data-start=\"238\" data-end=\"314\">\n<p class=\"\" data-start=\"240\" data-end=\"314\">\ud83d\udd0b <strong data-start=\"243\" data-end=\"272\">Funciona con 4 pilas AA<\/strong> \u2013 sin cables, hasta 6 meses en espera<\/p>\n<\/li>\n<li class=\"\" data-start=\"315\" data-end=\"377\">\n<p class=\"\" data-start=\"317\" data-end=\"377\">\ud83e\uddfd <strong data-start=\"320\" data-end=\"340\">F\u00e1cil de limpiar<\/strong> \u2013 Lonchera extra\u00edble y caja de recolecci\u00f3n de residuos<\/p>\n<\/li>\n<li class=\"\" data-start=\"378\" data-end=\"454\">\n<p class=\"\" data-start=\"380\" data-end=\"454\">\ud83c\udf21\ufe0f <strong data-start=\"384\" data-end=\"402\">Resiste entornos dif\u00edciles<\/strong> \u2013 Funciona de \u221210 \u00b0C a +60 \u00b0C y con alta humedad<\/p>\n<\/li>\n<li class=\"\" data-start=\"455\" data-end=\"543\">\n<p class=\"\" data-start=\"457\" data-end=\"543\">\ud83d\udc76 <strong data-start=\"460\" data-end=\"485\">Bloqueo para ni\u00f1os y mascotas<\/strong> \u2013 El alto voltaje solo se activa cuando el roedor est\u00e1 completamente dentro<\/p>\n<\/li>\n<\/ul>","protected":false},"featured_media":152377,"template":"","meta":{"_acf_changed":false},"product_brand":[],"product_cat":[4663,4764],"product_tag":[],"class_list":{"0":"post-152197","1":"product","2":"type-product","3":"status-publish","4":"has-post-thumbnail","6":"product_cat-smart-home","7":"product_cat-smart-djur-natur","8":"pa_brands-stonehouse-smart","9":"tm-no-options","11":"first","12":"outofstock","13":"sale","14":"taxable","15":"shipping-taxable","16":"purchasable","17":"product-type-simple"},"acf":[],"_links":{"self":[{"href":"https:\/\/secureus.se\/es\/wp-json\/wp\/v2\/product\/152197","targetHints":{"allow":["GET"]}}],"collection":[{"href":"https:\/\/secureus.se\/es\/wp-json\/wp\/v2\/product"}],"about":[{"href":"https:\/\/secureus.se\/es\/wp-json\/wp\/v2\/types\/product"}],"wp:featuredmedia":[{"embeddable":true,"href":"https:\/\/secureus.se\/es\/wp-json\/wp\/v2\/media\/152377"}],"wp:attachment":[{"href":"https:\/\/secureus.se\/es\/wp-json\/wp\/v2\/media?parent=152197"}],"wp:term":[{"taxonomy":"product_brand","embeddable":true,"href":"https:\/\/secureus.se\/es\/wp-json\/wp\/v2\/product_brand?post=152197"},{"taxonomy":"product_cat","embeddable":true,"href":"https:\/\/secureus.se\/es\/wp-json\/wp\/v2\/product_cat?post=152197"},{"taxonomy":"product_tag","embeddable":true,"href":"https:\/\/secureus.se\/es\/wp-json\/wp\/v2\/product_tag?post=152197"}],"curies":[{"name":"wp","href":"https:\/\/api.w.org\/{rel}","templated":true}]}}