{"id":152352,"date":"2025-05-20T16:02:20","date_gmt":"2025-05-20T14:02:20","guid":{"rendered":"https:\/\/secureus.se\/?post_type=product&#038;p=152352"},"modified":"2026-03-03T15:42:00","modified_gmt":"2026-03-03T14:42:00","slug":"automatiskt-bevattningssystem-appstyrd-wi-fi-smart-bevattningskontroll","status":"publish","type":"product","link":"https:\/\/secureus.se\/es\/automatiskt-bevattningssystem-appstyrd-wi-fi-smart-bevattningskontroll\/","title":{"rendered":"Sistema de riego autom\u00e1tico \u2013 Controlado por aplicaci\u00f3n \u2013 Wi-Fi \u2013 Control de riego inteligente \u2013 \u00a1Riegue donde quiera que est\u00e9!"},"content":{"rendered":"<p class=\"\" data-start=\"696\" data-end=\"912\">Haz que tus vacaciones est\u00e9n libres de preocupaciones y evita lavarte las manos todos los d\u00edas. <strong data-start=\"755\" data-end=\"786\">Riego por goteo inteligente con Wi-Fi<\/strong> es un sistema de goteo completo y recargable que suministra a tus plantas exactamente la cantidad adecuada de agua, controlado directamente desde tu tel\u00e9fono m\u00f3vil.<\/p>\n<ol data-start=\"914\" data-end=\"1302\">\n<li class=\"\" data-start=\"914\" data-end=\"982\">\n<p class=\"\" data-start=\"917\" data-end=\"982\"><strong data-start=\"917\" data-end=\"933\">Cuelgue el dispositivo<\/strong> en la fuente de agua (balde, bid\u00f3n o barril de lluvia).<\/p>\n<\/li>\n<li class=\"\" data-start=\"983\" data-end=\"1064\">\n<p class=\"\" data-start=\"986\" data-end=\"1064\"><strong data-start=\"986\" data-end=\"999\">Tirar de la manguera<\/strong> (m\u00e1ximo 15 m) hasta <strong data-start=\"1025\" data-end=\"1034\">10 piezas<\/strong> Boquillas de goteo ajustables.<\/p>\n<\/li>\n<li class=\"\" data-start=\"1065\" data-end=\"1146\">\n<p class=\"\" data-start=\"1068\" data-end=\"1146\"><strong data-start=\"1068\" data-end=\"1081\">Emparejarse<\/strong> A trav\u00e9s de Bluetooth, agregue Wi-Fi de 2,4 GHz en <em data-start=\"1125\" data-end=\"1137\">Vida inteligente<\/em>aplicaci\u00f3n.<\/p>\n<\/li>\n<li class=\"\" data-start=\"1147\" data-end=\"1234\">\n<p class=\"\" data-start=\"1150\" data-end=\"1234\"><strong data-start=\"1150\" data-end=\"1166\">Establecer horario<\/strong> (por ejemplo, 30 segundos cada 12 horas) o iniciar manualmente donde quiera que est\u00e9s.<\/p>\n<\/li>\n<li class=\"\" data-start=\"1235\" data-end=\"1302\">\n<p class=\"\" data-start=\"1238\" data-end=\"1302\"><strong data-start=\"1238\" data-end=\"1255\">Cargar con calma<\/strong> \u2013 La carcasa IP66 resiste al sol, la lluvia y el polvo.<\/p>\n<\/li>\n<\/ol>\n<blockquote data-start=\"1304\" data-end=\"1381\">\n<p class=\"\" data-start=\"1306\" data-end=\"1381\"><strong data-start=\"1306\" data-end=\"1316\">Prima:<\/strong> Int\u00e9gralo en Google Home\/Alexa y di &quot;Regar las plantas&quot;. \u00a1Listo!<\/p>\n<\/blockquote>\n<hr class=\"\" data-start=\"1383\" data-end=\"1386\" \/>\n<h2 class=\"\" data-start=\"1388\" data-end=\"1419\"><strong data-start=\"1391\" data-end=\"1419\">Especificaciones t\u00e9cnicas<\/strong><\/h2>\n<div class=\"_tableContainer_16hzy_1\">\n<div class=\"_tableWrapper_16hzy_14 group flex w-fit flex-col-reverse\">\n<table class=\"w-fit min-w-(--thread-content-width)\" data-start=\"1421\" data-end=\"1825\">\n<thead data-start=\"1421\" data-end=\"1442\">\n<tr data-start=\"1421\" data-end=\"1442\">\n<th data-start=\"1421\" data-end=\"1433\" data-col-size=\"sm\">Par\u00e1metro<\/th>\n<th data-start=\"1433\" data-end=\"1442\" data-col-size=\"md\">Valor<\/th>\n<\/tr>\n<\/thead>\n<tbody data-start=\"1465\" data-end=\"1825\">\n<tr data-start=\"1465\" data-end=\"1505\">\n<td data-start=\"1465\" data-end=\"1484\" data-col-size=\"sm\">Fuente de alimentaci\u00f3n<\/td>\n<td data-start=\"1484\" data-end=\"1505\" data-col-size=\"md\">5 V \u2393 2 A (USB-C)<\/td>\n<\/tr>\n<tr data-start=\"1506\" data-end=\"1558\">\n<td data-start=\"1506\" data-end=\"1516\" data-col-size=\"sm\">Bater\u00eda<\/td>\n<td data-start=\"1516\" data-end=\"1558\" data-col-size=\"md\">Bater\u00eda de iones de litio 18650 incorporada, recargable<\/td>\n<\/tr>\n<tr data-start=\"1559\" data-end=\"1586\">\n<td data-start=\"1559\" data-end=\"1576\" data-col-size=\"sm\">Energ\u00eda en espera<\/td>\n<td data-col-size=\"md\" data-start=\"1576\" data-end=\"1586\">135 \u00b5A<\/td>\n<\/tr>\n<tr data-start=\"1587\" data-end=\"1645\">\n<td data-start=\"1587\" data-end=\"1598\" data-col-size=\"sm\">Inal\u00e1mbrico<\/td>\n<td data-start=\"1598\" data-end=\"1645\" data-col-size=\"md\">Wi-Fi 802.11 b\/g\/n (2,4 GHz), Bluetooth 5.0<\/td>\n<\/tr>\n<tr data-start=\"1646\" data-end=\"1679\">\n<td data-start=\"1646\" data-end=\"1657\" data-col-size=\"sm\">Alcance<\/td>\n<td data-start=\"1657\" data-end=\"1679\" data-col-size=\"md\">aprox. 45 m (vista despejada)<\/td>\n<\/tr>\n<tr data-start=\"1680\" data-end=\"1703\">\n<td data-start=\"1680\" data-end=\"1695\" data-col-size=\"sm\">Impermeabilidad<\/td>\n<td data-col-size=\"md\" data-start=\"1695\" data-end=\"1703\">IP66<\/td>\n<\/tr>\n<tr data-start=\"1704\" data-end=\"1735\">\n<td data-start=\"1704\" data-end=\"1718\" data-col-size=\"sm\">Temperatura de trabajo.<\/td>\n<td data-col-size=\"md\" data-start=\"1718\" data-end=\"1735\">0\u00b0C \u2026 +60\u00b0C<\/td>\n<\/tr>\n<tr data-start=\"1736\" data-end=\"1790\">\n<td data-start=\"1736\" data-end=\"1752\" data-col-size=\"sm\">Humedad<\/td>\n<td data-col-size=\"md\" data-start=\"1752\" data-end=\"1790\">1 % \u2026 95 % RH (sin condensaci\u00f3n)<\/td>\n<\/tr>\n<tr data-start=\"1791\" data-end=\"1825\">\n<td data-start=\"1791\" data-end=\"1806\" data-col-size=\"sm\">Dimensiones (largo x ancho x alto)<\/td>\n<td data-col-size=\"md\" data-start=\"1806\" data-end=\"1825\">71 \u00d7 48 \u00d7 90 mm<\/td>\n<\/tr>\n<\/tbody>\n<\/table>\n<div class=\"sticky end-(--thread-content-margin) h-0 self-end select-none\">\n<div class=\"absolute end-0 flex items-end\"><\/div>\n<\/div>\n<\/div>\n<\/div>\n<hr class=\"\" data-start=\"1827\" data-end=\"1830\" \/>\n<h2 class=\"\" data-start=\"1832\" data-end=\"1865\"><strong data-start=\"1835\" data-end=\"1865\">Indicador LED: gu\u00eda r\u00e1pida<\/strong><\/h2>\n<div class=\"_tableContainer_16hzy_1\">\n<div class=\"_tableWrapper_16hzy_14 group flex w-fit flex-col-reverse\">\n<table class=\"w-fit min-w-(--thread-content-width)\" data-start=\"1867\" data-end=\"2110\">\n<thead data-start=\"1867\" data-end=\"1894\">\n<tr data-start=\"1867\" data-end=\"1894\">\n<th data-start=\"1867\" data-end=\"1880\" data-col-size=\"sm\">Modo dispositivo<\/th>\n<th data-start=\"1880\" data-end=\"1894\" data-col-size=\"sm\">Se\u00f1al LED<\/th>\n<\/tr>\n<\/thead>\n<tbody data-start=\"1923\" data-end=\"2110\">\n<tr data-start=\"1923\" data-end=\"1965\">\n<td data-start=\"1923\" data-end=\"1938\" data-col-size=\"sm\">Modo de emparejamiento<\/td>\n<td data-col-size=\"sm\" data-start=\"1938\" data-end=\"1965\"><strong data-start=\"1940\" data-end=\"1947\">ROJO<\/strong> parpadea 1 vez\/s<\/td>\n<\/tr>\n<tr data-start=\"1966\" data-end=\"2033\">\n<td data-start=\"1966\" data-end=\"1985\" data-col-size=\"sm\">Reiniciar (mantener pulsado durante 6 segundos)<\/td>\n<td data-col-size=\"sm\" data-start=\"1985\" data-end=\"2033\"><strong data-start=\"1987\" data-end=\"1994\">ROJO<\/strong> Se ilumina de forma fija \u2192 se apaga cuando se completa el reinicio<\/td>\n<\/tr>\n<tr data-start=\"2034\" data-end=\"2075\">\n<td data-start=\"2034\" data-end=\"2043\" data-col-size=\"sm\">Cargando<\/td>\n<td data-start=\"2043\" data-end=\"2075\" data-col-size=\"sm\"><strong data-start=\"2045\" data-end=\"2052\">ROJO<\/strong> parpadea secuencialmente<\/td>\n<\/tr>\n<tr data-start=\"2076\" data-end=\"2110\">\n<td data-start=\"2076\" data-end=\"2088\" data-col-size=\"sm\">Completamente cargado<\/td>\n<td data-col-size=\"sm\" data-start=\"2088\" data-end=\"2110\"><strong data-start=\"2090\" data-end=\"2097\">ROJO<\/strong> se ilumina de forma constante<\/td>\n<\/tr>\n<\/tbody>\n<\/table>\n<div class=\"sticky end-(--thread-content-margin) h-0 self-end select-none\">\n<div class=\"absolute end-0 flex items-end\"><\/div>\n<\/div>\n<\/div>\n<\/div>\n<hr class=\"\" data-start=\"2112\" data-end=\"2115\" \/>\n<h2 class=\"\" data-start=\"2117\" data-end=\"2157\"><strong data-start=\"2120\" data-end=\"2157\">C\u00f3mo instalar (paso a paso)<\/strong><\/h2>\n<ol data-start=\"2159\" data-end=\"2707\">\n<li class=\"\" data-start=\"2159\" data-end=\"2224\">\n<p class=\"\" data-start=\"2162\" data-end=\"2224\"><strong data-start=\"2162\" data-end=\"2186\">Preparar fuente de agua<\/strong> \u2013 Coloque la bomba m\u00e1s arriba que la salida.<\/p>\n<\/li>\n<li class=\"\" data-start=\"2225\" data-end=\"2292\">\n<p class=\"\" data-start=\"2228\" data-end=\"2292\"><strong data-start=\"2228\" data-end=\"2246\">Instalar filtros<\/strong> en el extremo de entrada de la manguera \u2192 conectar a \u201cIN\u201d.<\/p>\n<\/li>\n<li class=\"\" data-start=\"2293\" data-end=\"2351\">\n<p class=\"\" data-start=\"2296\" data-end=\"2351\"><strong data-start=\"2296\" data-end=\"2337\">Conectar la manguera de salida (6 \u00d7 8 mm, 5 m)<\/strong> hacia \u201cFUERA\u201d.<\/p>\n<\/li>\n<li class=\"\" data-start=\"2352\" data-end=\"2430\">\n<p class=\"\" data-start=\"2355\" data-end=\"2430\"><strong data-start=\"2355\" data-end=\"2367\">Rama<\/strong> con conector de 3 v\u00edas + manguera de 4 \u00d7 7 mm (2 m) para cada planta.<\/p>\n<\/li>\n<li class=\"\" data-start=\"2431\" data-end=\"2519\">\n<p class=\"\" data-start=\"2434\" data-end=\"2519\"><strong data-start=\"2434\" data-end=\"2460\">Insertar la lanza de goteo<\/strong> (caudal ajustable) y ajuste <strong data-start=\"2489\" data-end=\"2501\">tap\u00f3n final<\/strong> \u00faltimo en la manguera.<\/p>\n<\/li>\n<li class=\"\" data-start=\"2520\" data-end=\"2593\">\n<p class=\"\" data-start=\"2523\" data-end=\"2593\"><strong data-start=\"2523\" data-end=\"2541\">Iniciar el dispositivo<\/strong> \u2013 mantenga presionado el bot\u00f3n de reinicio durante 5 segundos hasta que la luz quede fija.<\/p>\n<\/li>\n<li class=\"\" data-start=\"2594\" data-end=\"2707\">\n<p class=\"\" data-start=\"2597\" data-end=\"2707\"><strong data-start=\"2597\" data-end=\"2618\">A\u00f1adir a la aplicaci\u00f3n<\/strong> \u2013 seleccione \u201cRiego por goteo inteligente\u201d, siga las instrucciones (Descubrimiento de Bluetooth \u2192 Wi-Fi 2,4 GHz).<\/p>\n<\/li>\n<\/ol>\n<blockquote data-start=\"2709\" data-end=\"2791\">\n<p class=\"\" data-start=\"2711\" data-end=\"2791\"><strong data-start=\"2711\" data-end=\"2720\">Consejo:<\/strong> Evite mangueras de m\u00e1s de 15 m y m\u00e1s de 10 boquillas para obtener la mejor presi\u00f3n.<\/p>\n<\/blockquote>\n<hr class=\"\" data-start=\"2793\" data-end=\"2796\" \/>\n<h2 class=\"\" data-start=\"2798\" data-end=\"2825\"><strong data-start=\"2801\" data-end=\"2825\">Preguntas frecuentes (FAQ)<\/strong><\/h2>\n<p class=\"\" data-start=\"2827\" data-end=\"2968\"><strong data-start=\"2827\" data-end=\"2856\">\u00bfCon qu\u00e9 frecuencia tengo que cargar?<\/strong><br data-start=\"2856\" data-end=\"2859\" \/>Depende de la cantidad que extraigas, pero con ciclos diarios normales de 1 a 2, una carga suele ser suficiente. <strong data-start=\"2953\" data-end=\"2967\">3\u20136 semanas<\/strong>.<\/p>\n<p class=\"\" data-start=\"2970\" data-end=\"3074\"><strong data-start=\"2970\" data-end=\"2998\">\u00bfPuedo conducir sin Wi-Fi?<\/strong><br data-start=\"2998\" data-end=\"3001\" \/>S\u00ed, la programaci\u00f3n se almacena localmente, pero se pierde el control remoto y las notificaciones push.<\/p>\n<p class=\"\" data-start=\"3076\" data-end=\"3181\"><strong data-start=\"3076\" data-end=\"3112\">\u00bfFunciona con soluci\u00f3n nutritiva?<\/strong><br data-start=\"3112\" data-end=\"3115\" \/>S\u00ed, mezcle los nutrientes en el tanque de agua y saldr\u00e1n en gotas.<\/p>\n<p class=\"\" data-start=\"3183\" data-end=\"3284\"><strong data-start=\"3183\" data-end=\"3206\">\u00bfEs resistente al invierno?<\/strong><br data-start=\"3206\" data-end=\"3209\" \/>La electr\u00f3nica puede soportar temperaturas de hasta 0 \u00b0C, pero vac\u00ede la manguera y la bomba si hay riesgo de heladas.<\/p>\n<hr class=\"\" data-start=\"3286\" data-end=\"3289\" \/>\n<h2 class=\"\" data-start=\"3291\" data-end=\"3316\"><strong data-start=\"3294\" data-end=\"3316\">El paquete contiene<\/strong><\/h2>\n<p>1x unidad de riego por goteo inteligente<br \/>\n1 conector de 3 v\u00edas<br \/>\n1x Cabezal de filtro con malla<br \/>\n1x Manguera transparente 4 \u00d7 7 mm (2 m)<br \/>\n1x Manguera transparente 6 \u00d7 8 mm (5 m)<br \/>\n1x lanza de goteo ajustable<br \/>\n1x tap\u00f3n de extremo<br \/>\n1x Manual (Ingl\u00e9s)<\/p>\n<hr class=\"\" data-start=\"3616\" data-end=\"3619\" \/>\n<h2 class=\"\" data-start=\"3621\" data-end=\"3658\"><strong data-start=\"3624\" data-end=\"3658\">Consejos de seguridad e instalaci\u00f3n<\/strong><\/h2>\n<ol data-start=\"3660\" data-end=\"3997\">\n<li class=\"\" data-start=\"3660\" data-end=\"3726\">\n<p class=\"\" data-start=\"3663\" data-end=\"3726\">Sostener <strong data-start=\"3668\" data-end=\"3686\">salida inferior<\/strong> que la entrada para evitar el reflujo.<\/p>\n<\/li>\n<li class=\"\" data-start=\"3727\" data-end=\"3806\">\n<p class=\"\" data-start=\"3730\" data-end=\"3806\">Superar <strong data-start=\"3740\" data-end=\"3753\">no 15 m<\/strong> manguera o <strong data-start=\"3766\" data-end=\"3783\">10 boquillas<\/strong> \u2013 puede dar baja presi\u00f3n.<\/p>\n<\/li>\n<li class=\"\" data-start=\"3807\" data-end=\"3879\">\n<p class=\"\" data-start=\"3810\" data-end=\"3879\">Asegurar que <strong data-start=\"3822\" data-end=\"3841\">todas las conexiones<\/strong> est\u00e1n sellados para evitar fugas.<\/p>\n<\/li>\n<li class=\"\" data-start=\"3880\" data-end=\"3928\">\n<p class=\"\" data-start=\"3883\" data-end=\"3928\">Cargar siempre con <strong data-start=\"3900\" data-end=\"3913\">5 V \/ 2 A<\/strong> Adaptador USB.<\/p>\n<\/li>\n<li class=\"\" data-start=\"3929\" data-end=\"3997\">\n<p class=\"\" data-start=\"3932\" data-end=\"3997\">Evite vibraciones fuertes o superficies inestables durante la instalaci\u00f3n.<\/p>\n<\/li>\n<\/ol>","protected":false},"excerpt":{"rendered":"<ul>\n<li class=\"\" data-start=\"116\" data-end=\"198\">\n<p class=\"\" data-start=\"118\" data-end=\"198\">\ud83d\udca6 <strong data-start=\"121\" data-end=\"151\">Riego autom\u00e1tico por goteo<\/strong> \u2013 establecer un horario o iniciar manualmente en la aplicaci\u00f3n<\/p>\n<\/li>\n<li class=\"\" data-start=\"199\" data-end=\"277\">\n<p class=\"\" data-start=\"201\" data-end=\"277\">\ud83d\udcf1 <strong data-start=\"204\" data-end=\"225\">Wi-Fi + Bluetooth<\/strong> \u2013 Aplicaci\u00f3n \u201cSmart Life\u201d, notificaci\u00f3n push sobre nivel bajo de bater\u00eda<\/p>\n<\/li>\n<li class=\"\" data-start=\"278\" data-end=\"363\">\n<p class=\"\" data-start=\"280\" data-end=\"363\">\ud83d\udd0b <strong data-start=\"283\" data-end=\"308\">Bater\u00eda 18650 incorporada<\/strong> \u2013 carga a trav\u00e9s de USB-C, corriente de espera ultrabaja (135 \u00b5A)<\/p>\n<\/li>\n<li class=\"\" data-start=\"364\" data-end=\"435\">\n<p class=\"\" data-start=\"366\" data-end=\"435\">\ud83c\udf27\ufe0f <strong data-start=\"370\" data-end=\"384\">Sellado IP66<\/strong> \u2013 Puede soportar la lluvia y el polvo, perfecto para patios y balcones<\/p>\n<\/li>\n<li class=\"\" data-start=\"436\" data-end=\"514\">\n<p class=\"\" data-start=\"438\" data-end=\"514\">\ud83c\udf31 <strong data-start=\"441\" data-end=\"477\">Hasta 10 plantas \/ 15 m de manguera<\/strong> \u2013 Boquillas de goteo ajustables incluidas<\/p>\n<\/li>\n<li class=\"\" data-start=\"515\" data-end=\"586\">\n<p class=\"\" data-start=\"517\" data-end=\"586\">\u2699\ufe0f <strong data-start=\"520\" data-end=\"543\">F\u00e1cil montaje DIY<\/strong> \u2013 filtros, mangueras y conectores incluidos<\/p>\n<\/li>\n<\/ul>","protected":false},"featured_media":152370,"template":"","meta":{"_acf_changed":false},"product_brand":[],"product_cat":[4663,4765],"product_tag":[],"class_list":{"0":"post-152352","1":"product","2":"type-product","3":"status-publish","4":"has-post-thumbnail","6":"product_cat-smart-home","7":"product_cat-smart-tradgard","8":"pa_brands-stonehouse-smart","9":"tm-no-options","11":"first","12":"instock","13":"sale","14":"taxable","15":"shipping-taxable","16":"purchasable","17":"product-type-simple"},"acf":[],"_links":{"self":[{"href":"https:\/\/secureus.se\/es\/wp-json\/wp\/v2\/product\/152352","targetHints":{"allow":["GET"]}}],"collection":[{"href":"https:\/\/secureus.se\/es\/wp-json\/wp\/v2\/product"}],"about":[{"href":"https:\/\/secureus.se\/es\/wp-json\/wp\/v2\/types\/product"}],"wp:featuredmedia":[{"embeddable":true,"href":"https:\/\/secureus.se\/es\/wp-json\/wp\/v2\/media\/152370"}],"wp:attachment":[{"href":"https:\/\/secureus.se\/es\/wp-json\/wp\/v2\/media?parent=152352"}],"wp:term":[{"taxonomy":"product_brand","embeddable":true,"href":"https:\/\/secureus.se\/es\/wp-json\/wp\/v2\/product_brand?post=152352"},{"taxonomy":"product_cat","embeddable":true,"href":"https:\/\/secureus.se\/es\/wp-json\/wp\/v2\/product_cat?post=152352"},{"taxonomy":"product_tag","embeddable":true,"href":"https:\/\/secureus.se\/es\/wp-json\/wp\/v2\/product_tag?post=152352"}],"curies":[{"name":"wp","href":"https:\/\/api.w.org\/{rel}","templated":true}]}}