{"id":152416,"date":"2025-03-24T16:14:50","date_gmt":"2025-03-24T15:14:50","guid":{"rendered":"https:\/\/secureus.se\/wi-fi-vaderstation-pro-7-i-1-sensor-med-vind-regn-uv-smart-appstyrd\/"},"modified":"2026-04-19T16:24:47","modified_gmt":"2026-04-19T14:24:47","slug":"wi-fi-vaderstation-pro-7-i-1-sensor-med-vind-regn-uv-smart-appstyrd","status":"publish","type":"product","link":"https:\/\/secureus.se\/es\/wi-fi-vaderstation-pro-7-i-1-sensor-med-vind-regn-uv-smart-appstyrd\/","title":{"rendered":"Estaci\u00f3n meteorol\u00f3gica Wi-Fi Pro: sensor 7 en 1 con viento, lluvia y rayos UV, inteligente y controlado por aplicaci\u00f3n"},"content":{"rendered":"<h3><strong>Estaci\u00f3n meteorol\u00f3gica Wi-Fi Pro: sensor 7 en 1 con viento, lluvia y rayos UV<\/strong><\/h3>\n<hr \/>\n<h4><strong>Descripci\u00f3n r\u00e1pida<\/strong><\/h4>\n<ul>\n<li><strong>Pron\u00f3stico de 4 d\u00edas en pantalla<\/strong> + hasta <strong>6 d\u00edas en la aplicaci\u00f3n Tuya<\/strong><\/li>\n<li><strong>Emparejamiento f\u00e1cil de Wi-Fi + Bluetooth<\/strong> \u2013 fecha\/hora autom\u00e1tica, gr\u00e1ficos y notificaciones push<\/li>\n<li><strong>Viento 0\u2013180 km\/h y 0\u2013359 \u00b0<\/strong> \u2013 direcci\u00f3n precisa mediante br\u00fajula interna<\/li>\n<li><strong>Pluvi\u00f3metro 0\u20139999 mm<\/strong> \u2013 aviso de lluvia ajustable (est\u00e1ndar 50 mm\/24 h)<\/li>\n<li><strong>Radiaci\u00f3n solar 1\u2013190 W\/m\u00b2 + \u00edndice UV<\/strong><\/li>\n<li><strong>Clima interior\/exterior<\/strong> \u2013 temperatura \u221240 \u2026 +60 \u00b0C y humedad 20 \u2013 95 % RH<\/li>\n<li><strong>3 alarmas independientes, alerta de temperatura y lluvia<\/strong><\/li>\n<li><strong>Adaptador de corriente USB-C + bater\u00eda AAA de respaldo<\/strong> (estaci\u00f3n) | <strong>AA + panel solar<\/strong> (sensor)<\/li>\n<li><strong>Alcance de 100 m<\/strong> Entre el sensor y la unidad base, 25 m de Wi-Fi al enrutador<\/li>\n<li><strong>Luz trasera de 3 etapas e icono de bater\u00eda baja<\/strong><\/li>\n<li><strong>Manual de instalaci\u00f3n en ingl\u00e9s, alem\u00e1n, franc\u00e9s, espa\u00f1ol e italiano.<\/strong><\/li>\n<\/ul>\n<hr \/>\n<h2><strong>Descripci\u00f3n del Producto<\/strong><\/h2>\n<p>Con el avanzado <strong>Estaci\u00f3n meteorol\u00f3gica Wi-Fi Pro <\/strong>Obtendr\u00e1s una estaci\u00f3n meteorol\u00f3gica completa para tu hogar, granja o invernadero. El sensor exterior 7 en 1 alimentado por energ\u00eda solar mide la velocidad del viento, la direcci\u00f3n del viento, la precipitaci\u00f3n, el \u00edndice UV, la radiaci\u00f3n solar, la temperatura y la humedad en un solo paquete robusto. Gracias a <strong>Casa de piedra inteligente<\/strong> \/ <strong>Tuya Smart<\/strong> Puede seguir datos en tiempo real, gr\u00e1ficos hist\u00f3ricos y pron\u00f3sticos de IA en su dispositivo m\u00f3vil, y tambi\u00e9n automatizar rutinas de hogares inteligentes (por ejemplo, cerrar toldos cuando los rayos UV superan los 6). Las alarmas se activan cuando hay temperaturas altas o bajas o lluvias intensas, mientras que la gran pantalla a color proporciona una visi\u00f3n general clara en tiempo real.<\/p>\n<p>Todos los sensores se encuentran en la unidad exterior, por lo que no es posible instalar m\u00e1s. Si desea controlar m\u00e1s espacios, puede adquirir por separado el SMH-WEATHER, que es m\u00e1s sencillo pero ofrece la opci\u00f3n de 3 sensores, por ejemplo, para s\u00f3tanos o trasteros.<\/p>\n<p>Tenga en cuenta que puede crear escenarios en la aplicaci\u00f3n Stonehouse Smart, por ejemplo, iniciar los elementos de calefacci\u00f3n si la temperatura cae por debajo de ciertos grados.<\/p>\n<hr \/>\n<h2><strong>Especificaciones t\u00e9cnicas<\/strong><\/h2>\n<table>\n<thead>\n<tr>\n<th><strong>Par\u00e1metro<\/strong><\/th>\n<th><strong>Valor<\/strong><\/th>\n<th><\/th>\n<\/tr>\n<\/thead>\n<tbody>\n<tr>\n<td><strong>Pron\u00f3stico<\/strong><\/td>\n<td>4 d\u00edas en exhibici\u00f3n, 6 d\u00edas en aplicaci\u00f3n<\/td>\n<td><\/td>\n<\/tr>\n<tr>\n<td><strong>Velocidad del viento<\/strong><\/td>\n<td>0 \u2013 180 km\/h (111 mph) \u00b1(espec.)<\/td>\n<td><\/td>\n<\/tr>\n<tr>\n<td><strong>Direcci\u00f3n del viento<\/strong><\/td>\n<td>0 \u2013 359\u00b0<\/td>\n<td><\/td>\n<\/tr>\n<tr>\n<td><strong>Lluvia<\/strong><\/td>\n<td>0 \u2013 9999 mm, resoluci\u00f3n 0,1 mm<\/td>\n<td><\/td>\n<\/tr>\n<tr>\n<td><strong>Radiaci\u00f3n solar \/ UV<\/strong><\/td>\n<td>1 \u2013 190 W\/m\u00b2<\/td>\n<td><\/td>\n<\/tr>\n<tr>\n<td><strong>Temperatura interior<\/strong><\/td>\n<td>\u22129,9 \u2026 +50 \u00b0C (\u00b11 \u00b0C 0\u201340 \u00b0C)<\/td>\n<td><\/td>\n<\/tr>\n<tr>\n<td><strong>Temperatura exterior<\/strong><\/td>\n<td>\u221240 \u2026 +60 \u00b0C (\u00b12 \u00b0C)<\/td>\n<td><\/td>\n<\/tr>\n<tr>\n<td><strong>Humedad (todos los sensores)<\/strong><\/td>\n<td>20 \u2013 95 % HR (\u00b15 % HR 40\u201380 % HR)<\/td>\n<td><\/td>\n<\/tr>\n<tr>\n<td><strong>Presi\u00f3n<\/strong><\/td>\n<td>850 \u2013 1100 hPa (\u00b15 hPa)<\/td>\n<td><\/td>\n<\/tr>\n<tr>\n<td><strong>Alimentaci\u00f3n \u2013 unidad base<\/strong><\/td>\n<td>5 V USB-C (3 W) + 3 \u00d7 AAA de respaldo<\/td>\n<td><\/td>\n<\/tr>\n<tr>\n<td><strong>Sensor de corriente<\/strong><\/td>\n<td>3 \u00d7 AA (LR6) + panel solar<\/td>\n<td><\/td>\n<\/tr>\n<tr>\n<td><strong>Inal\u00e1mbrico<\/strong><\/td>\n<td>Wi-Fi 2,4 GHz \/ Bluetooth (emparejamiento)<\/td>\n<td><\/td>\n<\/tr>\n<tr>\n<td><strong>Rango del sensor<\/strong><\/td>\n<td>\u2264 100 m de visi\u00f3n clara<\/td>\n<td><\/td>\n<\/tr>\n<tr>\n<td><strong>Alcance de Wi-Fi<\/strong><\/td>\n<td>\u2264 25 m hasta el enrutador<\/td>\n<td><\/td>\n<\/tr>\n<tr>\n<td><strong>Luz trasera<\/strong><\/td>\n<td>3 niveles + 8 s autom\u00e1tico cuando funciona con bater\u00eda<\/td>\n<td><\/td>\n<\/tr>\n<tr>\n<td><strong>Alarma<\/strong><\/td>\n<td>70 dB a 10 cm<\/td>\n<td><\/td>\n<\/tr>\n<tr>\n<td><strong>Dimensiones de la unidad base<\/strong><\/td>\n<td>aprox. 190 \u00d7 98 \u00d7 40 mm<\/td>\n<td><\/td>\n<\/tr>\n<\/tbody>\n<\/table>\n<hr \/>\n<h2><strong>Reflejos<\/strong><\/h2>\n<ul>\n<li><strong>Sensor solar 7 en 1<\/strong> Con nivel de burbuja y marca norte para un f\u00e1cil montaje.<\/li>\n<li><strong>Gr\u00e1fico de tendencia de presi\u00f3n<\/strong> M\u00e1s de 12 horas en pantalla para una r\u00e1pida interpretaci\u00f3n del clima<\/li>\n<li><strong>Tres alarmas de usuario<\/strong> Con programaci\u00f3n semanal, controlada mediante la aplicaci\u00f3n o directamente en el dispositivo<\/li>\n<li><strong>Advertencia de lluvia y alerta de temperatura<\/strong> \u2013 sonido + flash en pantalla y notificaci\u00f3n push<\/li>\n<li><strong>Interfaz multiling\u00fce<\/strong> \u2013 d\u00eda de la semana en 7 idiomas, de forma manual o autom\u00e1tica mediante la aplicaci\u00f3n<\/li>\n<\/ul>\n<hr \/>\n<h2><strong>El paquete contiene<\/strong><\/h2>\n<table>\n<thead>\n<tr>\n<th>Parte<\/th>\n<th><\/th>\n<th>N\u00famero<\/th>\n<\/tr>\n<\/thead>\n<tbody>\n<tr>\n<td>\u2460 Estaci\u00f3n base con pantalla a color<\/td>\n<td><\/td>\n<td>1<\/td>\n<\/tr>\n<tr>\n<td>\u2461 Sensor de energ\u00eda solar 7 en 1<\/td>\n<td><\/td>\n<td>1<\/td>\n<\/tr>\n<tr>\n<td>\u2462 Soporte de montaje y kit de tornillos<\/td>\n<td><\/td>\n<td>1<\/td>\n<\/tr>\n<tr>\n<td>\u2463 Cable USB-C + adaptador de corriente de 5 V<\/td>\n<td><\/td>\n<td>1<\/td>\n<\/tr>\n<tr>\n<td>5 <strong>Manual (5 idiomas):<\/strong> EN, DE, FR, ES, IT<\/td>\n<td><\/td>\n<td>1<\/td>\n<\/tr>\n<\/tbody>\n<\/table>\n<p><em>(Pilas no incluidas.)<\/em><\/p>\n<hr \/>\n<h2><strong>Instalaci\u00f3n \u2013 paso a paso<\/strong><\/h2>\n<ol>\n<li><strong>Coloque el sensor<\/strong> 1,5 m por encima del suelo y al menos 15 m libres en todas las direcciones; El panel solar debe apuntar hacia el sur.<\/li>\n<li><strong>Ajustar el nivel<\/strong> y bloquee los tornillos hexagonales para una medici\u00f3n precisa de la lluvia<\/li>\n<li><strong>Conectar la unidad base<\/strong> al adaptador de corriente (inserte una bater\u00eda AAA de respaldo en caso de corte de energ\u00eda).<\/li>\n<li><strong>Emparejarse<\/strong> - sostener <strong>WIFI\/LUZ\/SNZ<\/strong> Durante 3 segundos, siga la aplicaci\u00f3n Stonehouse Smart\/Tuya para iniciar sesi\u00f3n en Wi-Fi<\/li>\n<li>Espere hasta que todos los \u00edconos muestren datos estables; Ajuste los canales 1 a 3 si agrega sensores adicionales<\/li>\n<\/ol>\n<hr \/>\n<h2><strong>Preguntas frecuentes (FAQ)<\/strong><\/h2>\n<ul>\n<li><strong>\u00bfPuedo conducir sin Wi-Fi?<\/strong><br \/>\nS\u00ed, todas las mediciones se guardan localmente, pero se pierde el pron\u00f3stico y el acceso remoto.<\/li>\n<li><strong>\u00bfCon qu\u00e9 frecuencia se reemplazan las bater\u00edas?<\/strong><br \/>\nSensor: 6 a 12 meses seg\u00fan el clima; Unidad base: AAA solo para cortes de energ\u00eda prolongados.<\/li>\n<li><strong>\u00bfHome Assistant tiene soporte?<\/strong><br \/>\nIndirectamente a trav\u00e9s de la integraci\u00f3n de Tuya o el puente MQTT.<\/li>\n<li>\n<h2 data-start=\"934\" data-end=\"974\">\u00bfQu\u00e9 estaci\u00f3n meteorol\u00f3gica debo elegir?<\/h2>\n<p data-start=\"1211\" data-end=\"1483\">\n<\/li>\n<\/ul>","protected":false},"excerpt":{"rendered":"<ul data-start=\"96\" data-end=\"1155\">\n<li class=\"\" data-start=\"96\" data-end=\"209\">\n<p class=\"\" data-start=\"98\" data-end=\"209\"><strong data-start=\"102\" data-end=\"133\">Pron\u00f3stico de 4 d\u00edas en pantalla<\/strong> + hasta <strong data-start=\"145\" data-end=\"169\">6 d\u00edas en la aplicaci\u00f3n Stonehouse Smart \/ Tuya<\/strong><\/p>\n<\/li>\n<li class=\"\" data-start=\"210\" data-end=\"333\">\n<p class=\"\" data-start=\"212\" data-end=\"333\"><strong data-start=\"215\" data-end=\"246\">Emparejamiento f\u00e1cil de Wi-Fi + Bluetooth<\/strong> \u2013 fecha\/hora autom\u00e1tica, gr\u00e1ficos y notificaciones push<\/p>\n<\/li>\n<li class=\"\" data-start=\"334\" data-end=\"445\">\n<p class=\"\" data-start=\"336\" data-end=\"445\"><strong data-start=\"340\" data-end=\"369\">Viento 0\u2013180 km\/h y 0\u2013359 \u00b0<\/strong> \u2013 direcci\u00f3n precisa mediante br\u00fajula interna<\/p>\n<\/li>\n<li class=\"\" data-start=\"446\" data-end=\"561\">\n<p class=\"\" data-start=\"448\" data-end=\"561\"><strong data-start=\"450\" data-end=\"474\">Pluvi\u00f3metro 0\u20139999 mm<\/strong> \u2013 aviso de lluvia ajustable (est\u00e1ndar 50 mm\/24 h)<\/p>\n<\/li>\n<li class=\"\" data-start=\"562\" data-end=\"647\">\n<p class=\"\" data-start=\"564\" data-end=\"647\"><strong data-start=\"567\" data-end=\"607\">Radiaci\u00f3n solar 1\u2013190 W\/m\u00b2 + \u00edndice UV<\/strong><\/p>\n<\/li>\n<\/ul>","protected":false},"featured_media":162705,"template":"","meta":{"_acf_changed":false},"product_brand":[],"product_cat":[4767],"product_tag":[],"class_list":{"0":"post-152416","1":"product","2":"type-product","3":"status-publish","4":"has-post-thumbnail","6":"product_cat-smart-klimat-vader","7":"product_shipping_class-tunga-paket","8":"pa_brands-stonehouse-smart","9":"tm-no-options","11":"first","12":"instock","13":"sale","14":"taxable","15":"shipping-taxable","16":"purchasable","17":"product-type-simple"},"acf":[],"_links":{"self":[{"href":"https:\/\/secureus.se\/es\/wp-json\/wp\/v2\/product\/152416","targetHints":{"allow":["GET"]}}],"collection":[{"href":"https:\/\/secureus.se\/es\/wp-json\/wp\/v2\/product"}],"about":[{"href":"https:\/\/secureus.se\/es\/wp-json\/wp\/v2\/types\/product"}],"wp:featuredmedia":[{"embeddable":true,"href":"https:\/\/secureus.se\/es\/wp-json\/wp\/v2\/media\/162705"}],"wp:attachment":[{"href":"https:\/\/secureus.se\/es\/wp-json\/wp\/v2\/media?parent=152416"}],"wp:term":[{"taxonomy":"product_brand","embeddable":true,"href":"https:\/\/secureus.se\/es\/wp-json\/wp\/v2\/product_brand?post=152416"},{"taxonomy":"product_cat","embeddable":true,"href":"https:\/\/secureus.se\/es\/wp-json\/wp\/v2\/product_cat?post=152416"},{"taxonomy":"product_tag","embeddable":true,"href":"https:\/\/secureus.se\/es\/wp-json\/wp\/v2\/product_tag?post=152416"}],"curies":[{"name":"wp","href":"https:\/\/api.w.org\/{rel}","templated":true}]}}