{"id":152591,"date":"2025-05-27T11:36:26","date_gmt":"2025-05-27T09:36:26","guid":{"rendered":"https:\/\/secureus.se\/?post_type=product&#038;p=152591"},"modified":"2026-04-23T12:37:56","modified_gmt":"2026-04-23T10:37:56","slug":"kortskrivare-fargo-dtc1250e-med-ethernet-dubbelsidig","status":"publish","type":"product","link":"https:\/\/secureus.se\/es\/kortskrivare-fargo-dtc1250e-med-ethernet-dubbelsidig\/","title":{"rendered":"Impresora de tarjetas Fargo DTC1250e con Ethernet (doble cara)"},"content":{"rendered":"<p>La Fargo DTC1250e es una de las impresoras de tarjetas de pl\u00e1stico m\u00e1s r\u00e1pidas del mercado. Puede producir el doble de tarjetas en el mismo tiempo que otros competidores l\u00edderes. Su dise\u00f1o compacto es ideal para una variedad de entornos de oficina y se puede integrar para trabajar con otros productos HID, lo que garantiza el m\u00e1ximo valor. La pantalla gr\u00e1fica permite un funcionamiento eficiente y la impresora se puede actualizar para incluir un codificador iCLASS SE\u00ae incorporado, lo que permite obtener tarjetas de identificaci\u00f3n seguras en un solo paso.<\/p>\n<p>Imprime 6 segundos\/tarjeta (K) o 16 segundos\/tarjeta (YMCKO)<\/p>\n<p>Imprime en tama\u00f1os de tarjetas est\u00e1ndar CR80 o CR79, incluidos PVC, PET y respaldo adhesivo.<\/p>\n<ul>\n<li>Modelos disponibles de una y dos caras.<\/li>\n<li>Codificaci\u00f3n Mifare disponible<\/li>\n<li>Garant\u00eda del fabricante de 3 a\u00f1os para la impresora y el cabezal de impresi\u00f3n.<\/li>\n<\/ul>\n<p><strong>Peso del producto<\/strong>:7,00 kilos<\/p>","protected":false},"excerpt":{"rendered":"<p>La Fargo DTC1250e es una de las impresoras de tarjetas de pl\u00e1stico m\u00e1s r\u00e1pidas del mercado. Puede producir el doble de tarjetas en el mismo tiempo que otros competidores l\u00edderes. Su dise\u00f1o compacto es ideal para<\/p>","protected":false},"featured_media":152586,"template":"","meta":{"_acf_changed":false},"product_brand":[],"product_cat":[3206],"product_tag":[4863],"class_list":{"0":"post-152591","1":"product","2":"type-product","3":"status-publish","4":"has-post-thumbnail","6":"product_cat-fargo","7":"product_tag-pf","8":"pa_brands-fargo","9":"tm-no-options","11":"first","12":"outofstock","13":"sale","14":"taxable","15":"shipping-taxable","16":"purchasable","17":"product-type-simple"},"acf":[],"_links":{"self":[{"href":"https:\/\/secureus.se\/es\/wp-json\/wp\/v2\/product\/152591","targetHints":{"allow":["GET"]}}],"collection":[{"href":"https:\/\/secureus.se\/es\/wp-json\/wp\/v2\/product"}],"about":[{"href":"https:\/\/secureus.se\/es\/wp-json\/wp\/v2\/types\/product"}],"wp:featuredmedia":[{"embeddable":true,"href":"https:\/\/secureus.se\/es\/wp-json\/wp\/v2\/media\/152586"}],"wp:attachment":[{"href":"https:\/\/secureus.se\/es\/wp-json\/wp\/v2\/media?parent=152591"}],"wp:term":[{"taxonomy":"product_brand","embeddable":true,"href":"https:\/\/secureus.se\/es\/wp-json\/wp\/v2\/product_brand?post=152591"},{"taxonomy":"product_cat","embeddable":true,"href":"https:\/\/secureus.se\/es\/wp-json\/wp\/v2\/product_cat?post=152591"},{"taxonomy":"product_tag","embeddable":true,"href":"https:\/\/secureus.se\/es\/wp-json\/wp\/v2\/product_tag?post=152591"}],"curies":[{"name":"wp","href":"https:\/\/api.w.org\/{rel}","templated":true}]}}