{"id":152615,"date":"2025-05-28T14:28:41","date_gmt":"2025-05-28T12:28:41","guid":{"rendered":"https:\/\/secureus.se\/692-500-proximity-cards-pack-of-10\/"},"modified":"2025-09-09T14:26:26","modified_gmt":"2025-09-09T12:26:26","slug":"692-500-proximity-cards-pack-of-10","status":"publish","type":"product","link":"https:\/\/secureus.se\/es\/692-500-proximity-cards-pack-of-10\/","title":{"rendered":"Tarjetas de proximidad 692-500 (paquete de 10)"},"content":{"rendered":"<p>Tarjetas ISO de proximidad blancas brillantes (paquete de 10)<\/p>\n<p>Las tarjetas de proximidad 692-500 proporcionan la soluci\u00f3n de seguridad perfecta que sus clientes buscan. Cada tarjeta est\u00e1 codificada individualmente con un n\u00famero \u00fanico de 8 d\u00edgitos, lo que garantiza una mayor seguridad de la tarjeta y simplifica el proceso de emisi\u00f3n. Ofrecemos estas tarjetas en tama\u00f1o est\u00e1ndar CR80 (tarjeta de cr\u00e9dito), con un acabado blanco brillante limpio que permite una f\u00e1cil impresi\u00f3n y personalizaci\u00f3n seg\u00fan las preferencias de sus clientes.<\/p>\n<p><strong>\u00bfPreguntas sobre compatibilidad?<\/strong><\/p>\n<p>Nuestro equipo dedicado est\u00e1 aqu\u00ed para ayudarle. Cont\u00e1ctenos para obtener orientaci\u00f3n experta.<\/p>\n<p>Fabricado seg\u00fan normas ISO<br \/>\nAcabado blanco brillante para una f\u00e1cil personalizaci\u00f3n.<br \/>\nTama\u00f1o de tarjeta de cr\u00e9dito CR80<\/p>\n<p>Peso del producto:<br \/>\n0,07 kilogramos<\/p>","protected":false},"excerpt":{"rendered":"<p>Tarjetas de proximidad ISO de color blanco brillante (paquete de 10) Las tarjetas de proximidad 692-500 brindan la soluci\u00f3n de seguridad perfecta que buscan sus clientes. Cada tarjeta est\u00e1 codificada individualmente con un n\u00famero \u00fanico de 8 d\u00edgitos, lo que garantiza una mayor seguridad de la tarjeta y<\/p>","protected":false},"featured_media":152613,"template":"","meta":{"_acf_changed":false},"product_brand":[],"product_cat":[4820],"product_tag":[],"class_list":{"0":"post-152615","1":"product","2":"type-product","3":"status-publish","4":"has-post-thumbnail","6":"product_cat-paxton-kort","7":"product_shipping_class-postnord-varubrev","8":"tm-no-options","10":"first","11":"outofstock","12":"taxable","13":"shipping-taxable","14":"purchasable","15":"product-type-simple"},"acf":[],"_links":{"self":[{"href":"https:\/\/secureus.se\/es\/wp-json\/wp\/v2\/product\/152615","targetHints":{"allow":["GET"]}}],"collection":[{"href":"https:\/\/secureus.se\/es\/wp-json\/wp\/v2\/product"}],"about":[{"href":"https:\/\/secureus.se\/es\/wp-json\/wp\/v2\/types\/product"}],"wp:featuredmedia":[{"embeddable":true,"href":"https:\/\/secureus.se\/es\/wp-json\/wp\/v2\/media\/152613"}],"wp:attachment":[{"href":"https:\/\/secureus.se\/es\/wp-json\/wp\/v2\/media?parent=152615"}],"wp:term":[{"taxonomy":"product_brand","embeddable":true,"href":"https:\/\/secureus.se\/es\/wp-json\/wp\/v2\/product_brand?post=152615"},{"taxonomy":"product_cat","embeddable":true,"href":"https:\/\/secureus.se\/es\/wp-json\/wp\/v2\/product_cat?post=152615"},{"taxonomy":"product_tag","embeddable":true,"href":"https:\/\/secureus.se\/es\/wp-json\/wp\/v2\/product_tag?post=152615"}],"curies":[{"name":"wp","href":"https:\/\/api.w.org\/{rel}","templated":true}]}}