{"id":152769,"date":"2025-06-03T16:04:06","date_gmt":"2025-06-03T14:04:06","guid":{"rendered":"https:\/\/secureus.se\/?post_type=product&#038;p=152769"},"modified":"2026-03-10T11:05:34","modified_gmt":"2026-03-10T10:05:34","slug":"ajax-motioncam-outdoor-highmount-phod","status":"publish","type":"product","link":"https:\/\/secureus.se\/es\/ajax-motioncam-outdoor-highmount-phod\/","title":{"rendered":"C\u00e1mara Ajax MotionCam para exteriores de montaje alto (PhOD)"},"content":{"rendered":"<h1 data-start=\"369\" data-end=\"800\">C\u00e1mara Ajax MotionCam para exteriores de montaje alto (PhOD)<\/h1>\n<p data-start=\"369\" data-end=\"800\">Ajax MotionCam Outdoor HighMount (PhOD) es un detector de movimiento inal\u00e1mbrico avanzado para uso en exteriores que combina dos sensores PIR y un sensor de microondas para detectar movimiento con precisi\u00f3n sin puntos muertos.<\/p>\n<p data-start=\"369\" data-end=\"800\">La c\u00e1mara incorporada env\u00eda im\u00e1genes en caso de alarma, cuando se activan los detectores de humo y cuando se lo solicita.<\/p>\n<p data-start=\"369\" data-end=\"800\">La c\u00e1mara tiene iluminaci\u00f3n IR que se activa autom\u00e1ticamente por la noche para proporcionar im\u00e1genes claras incluso en condiciones de oscuridad.<\/p>\n<p data-start=\"802\" data-end=\"1115\">El detector tiene un nivel de sensibilidad ajustable de tres niveles y est\u00e1 equipado con un sensor de temperatura para medir la temperatura ambiente.<\/p>\n<p data-start=\"802\" data-end=\"1115\">Es compatible con Hub 2, Hub 2 Plus, Hub Hybrid Fibra y ReX 2 y puede instalarse a alturas de entre 2 y 4 metros, proporcionando una amplia \u00e1rea de cobertura de hasta 15 metros.<\/p>\n<p data-start=\"1117\" data-end=\"1427\">Para minimizar las falsas alarmas, se utilizan algoritmos avanzados como SmartDetect y LISA, y una lente Fresnel permite distinguir a las personas del calor o el ruido de movimiento.<\/p>\n<p data-start=\"1117\" data-end=\"1427\">La instalaci\u00f3n es f\u00e1cil y flexible, gracias al soporte met\u00e1lico incluido que permite la rotaci\u00f3n para ajustar el \u00e1ngulo de visi\u00f3n.<\/p>\n<p data-start=\"1429\" data-end=\"1561\">El detector tiene clasificaci\u00f3n IP55 y funciona en temperaturas de -25\u00b0 a +60\u00b0C, lo que lo hace ideal para su uso en entornos exteriores.<\/p>","protected":false},"excerpt":{"rendered":"<p>Ajax MotionCam Outdoor HighMount (PhOD) es un detector de movimiento inal\u00e1mbrico para uso exterior con una c\u00e1mara incorporada, que proporciona verificaci\u00f3n fotogr\u00e1fica en caso de alarma y movimiento.<\/p>\n<p>Se puede instalar a alturas entre 2 y 4 metros y tiene un alcance de detecci\u00f3n de hasta 15 metros.<\/p>","protected":false},"featured_media":152157,"template":"","meta":{"_acf_changed":false},"product_brand":[],"product_cat":[3156,3157],"product_tag":[4863],"class_list":{"0":"post-152769","1":"product","2":"type-product","3":"status-publish","4":"has-post-thumbnail","6":"product_cat-rorelse-och-kamera","7":"product_cat-utomhussakerhet","8":"product_tag-pf","9":"pa_brands-ajax-systems","10":"pa_farg-vit","11":"tm-no-options","13":"first","14":"onbackorder","15":"sale","16":"taxable","17":"shipping-taxable","18":"purchasable","19":"product-type-simple"},"acf":[],"_links":{"self":[{"href":"https:\/\/secureus.se\/es\/wp-json\/wp\/v2\/product\/152769","targetHints":{"allow":["GET"]}}],"collection":[{"href":"https:\/\/secureus.se\/es\/wp-json\/wp\/v2\/product"}],"about":[{"href":"https:\/\/secureus.se\/es\/wp-json\/wp\/v2\/types\/product"}],"wp:featuredmedia":[{"embeddable":true,"href":"https:\/\/secureus.se\/es\/wp-json\/wp\/v2\/media\/152157"}],"wp:attachment":[{"href":"https:\/\/secureus.se\/es\/wp-json\/wp\/v2\/media?parent=152769"}],"wp:term":[{"taxonomy":"product_brand","embeddable":true,"href":"https:\/\/secureus.se\/es\/wp-json\/wp\/v2\/product_brand?post=152769"},{"taxonomy":"product_cat","embeddable":true,"href":"https:\/\/secureus.se\/es\/wp-json\/wp\/v2\/product_cat?post=152769"},{"taxonomy":"product_tag","embeddable":true,"href":"https:\/\/secureus.se\/es\/wp-json\/wp\/v2\/product_tag?post=152769"}],"curies":[{"name":"wp","href":"https:\/\/api.w.org\/{rel}","templated":true}]}}