{"id":153395,"date":"2025-06-24T13:00:07","date_gmt":"2025-06-24T11:00:07","guid":{"rendered":"https:\/\/secureus.se\/magicard-mc250ymckok-colour-ribbon-250-prints-4\/"},"modified":"2026-04-08T17:00:25","modified_gmt":"2026-04-08T15:00:25","slug":"magicard-mc250ymckok-colour-ribbon-250-prints","status":"publish","type":"product","link":"https:\/\/secureus.se\/es\/magicard-mc250ymckok-colour-ribbon-250-prints\/","title":{"rendered":"Cinta Magicard \u2013 MC250YMCKOK (250 impresiones)"},"content":{"rendered":"<h1>Cinta<br \/>\n  Magicard &#8211; MC250YMCKOK (250 utskrifter)<\/h1>\n<p>F\u00e4rgband Magicard &#8211; MC250YMCKOK (250 utskrifter) \u00e4r ett f\u00e4rgband<br \/>\n  para imprimir tarjetas de pl\u00e1stico con colores n\u00edtidos, texto claro y buena calidad<br \/>\n  reproducci\u00f3n detallada. El tipo de cinta YMCKOK proporciona la combinaci\u00f3n correcta de paneles de color y<br \/>\n  L\u00e1mina protectora para impresi\u00f3n profesional de tarjetas.<\/p>\n<p>Adecuado para tarjetas de identificaci\u00f3n, tarjetas de acceso, tarjetas de membres\u00eda y otras.<br \/>\n  tarjetas de pl\u00e1stico donde se requiere alta calidad de impresi\u00f3n y confiabilidad<br \/>\n  importante.<\/p>\n<ul>\n<li>Capacidad: hasta 250 impresiones<\/li>\n<li>Tipo de banda: YMCKOK<\/li>\n<li>Adecuado para impresi\u00f3n de tarjetas a doble cara<\/li>\n<li>Artikelnummer: MC250YMCKOK<\/li>\n<\/ul>\n<p><strong>Kompatibel med Magicard 300 &amp; Magicard E+<br \/>\n  event.<\/strong><\/p>\n<p><strong>Peso del producto:<\/strong> 0,18 kg<\/p>","protected":false},"excerpt":{"rendered":"<p><span data-teams=\"true\">Etiqueta RFID robusta con<strong> Clasificaci\u00f3n IP68 o<\/strong>Dise\u00f1o compacto en material sobremoldeado de gran durabilidad industrial. Admite LF, HF, UHF y combinaciones: ideal para entornos industriales.<\/span><\/p>\n<p>Si necesita productos respetuosos con el medio ambiente, le recomendamos nuestro <span style=\"text-decoration: underline\"><strong>V\u00f3rtice Eco<\/strong><\/span>Est\u00e1 fabricado con material reciclado 100%: una victoria para ti y para el medio ambiente.<\/p>\n<p><span style=\"text-decoration: underline\">IP68 significa que el producto es totalmente resistente al polvo y puede soportar una inmersi\u00f3n prolongada en agua sin sufrir da\u00f1os.<\/span><\/p>","protected":false},"featured_media":153387,"template":"","meta":{"_acf_changed":false},"product_brand":[],"product_cat":[3216,4829],"product_tag":[4863],"class_list":{"0":"post-153395","1":"product","2":"type-product","3":"status-publish","4":"has-post-thumbnail","6":"product_cat-magicard-fargband-retransfer","7":"product_cat-magicard-300-band","8":"product_tag-pf","9":"pa_brands-magicard","10":"tm-has-options","12":"first","13":"instock","14":"sale","15":"taxable","16":"shipping-taxable","17":"purchasable","18":"product-type-simple"},"acf":[],"_links":{"self":[{"href":"https:\/\/secureus.se\/es\/wp-json\/wp\/v2\/product\/153395","targetHints":{"allow":["GET"]}}],"collection":[{"href":"https:\/\/secureus.se\/es\/wp-json\/wp\/v2\/product"}],"about":[{"href":"https:\/\/secureus.se\/es\/wp-json\/wp\/v2\/types\/product"}],"wp:featuredmedia":[{"embeddable":true,"href":"https:\/\/secureus.se\/es\/wp-json\/wp\/v2\/media\/153387"}],"wp:attachment":[{"href":"https:\/\/secureus.se\/es\/wp-json\/wp\/v2\/media?parent=153395"}],"wp:term":[{"taxonomy":"product_brand","embeddable":true,"href":"https:\/\/secureus.se\/es\/wp-json\/wp\/v2\/product_brand?post=153395"},{"taxonomy":"product_cat","embeddable":true,"href":"https:\/\/secureus.se\/es\/wp-json\/wp\/v2\/product_cat?post=153395"},{"taxonomy":"product_tag","embeddable":true,"href":"https:\/\/secureus.se\/es\/wp-json\/wp\/v2\/product_tag?post=153395"}],"curies":[{"name":"wp","href":"https:\/\/api.w.org\/{rel}","templated":true}]}}