{"id":153584,"date":"2025-06-27T15:24:49","date_gmt":"2025-06-27T13:24:49","guid":{"rendered":"https:\/\/secureus.se\/?post_type=product&#038;p=153584"},"modified":"2026-03-31T13:29:49","modified_gmt":"2026-03-31T11:29:49","slug":"ajax-indoorcam-4mp-vit-wifi-kamera-for-inomhusbruk","status":"publish","type":"product","link":"https:\/\/secureus.se\/es\/ajax-indoorcam-4mp-vit-wifi-kamera-for-inomhusbruk\/","title":{"rendered":"Ajax IndoorCam 4MP Blanca - C\u00e1mara WiFi para interiores"},"content":{"rendered":"<p data-start=\"794\" data-end=\"1003\"><strong data-start=\"794\" data-end=\"812\">C\u00e1mara interior del Ajax<\/strong> Combina seguridad avanzada con una instalaci\u00f3n sencilla. La c\u00e1mara se conecta a la app Ajax mediante un c\u00f3digo QR y comienza a transmitir al instante, tanto si la usas de forma independiente como si la combinas con un concentrador Ajax.<\/p>\n<p data-start=\"1008\" data-end=\"1369\">El incorporado <strong data-start=\"1021\" data-end=\"1034\">El motor de IA<\/strong> y <strong data-start=\"1039\" data-end=\"1054\">El sensor PIR<\/strong> Minimiza las falsas alarmas al reconocer personas, animales y veh\u00edculos. Cuando la c\u00e1mara detecta a una persona, se env\u00eda una notificaci\u00f3n push; t\u00f3cala y estar\u00e1s en modo en vivo en segundos. Si deseas revisar las grabaciones posteriormente y filtrar por eventos de IA, conecta la c\u00e1mara a <strong data-start=\"1325\" data-end=\"1337\">Ajax NVR<\/strong> o <strong data-start=\"1344\" data-end=\"1366\">Almacenamiento en la nube Ajax<\/strong>.<\/p>\n<p data-start=\"1371\" data-end=\"1539\">Gracias a <strong data-start=\"1381\" data-end=\"1416\">Los Protocolos del Joyero y las Alas<\/strong> IndoorCam contin\u00faa enviando eventos, alarmas e im\u00e1genes fijas a trav\u00e9s de su concentrador Ajax incluso si la red Wi-Fi no funciona.<\/p>\n<hr data-start=\"1541\" data-end=\"1544\" \/>\n<h2 data-start=\"1546\" data-end=\"1574\"><strong data-start=\"1549\" data-end=\"1574\">Caracter\u00edsticas y beneficios<\/strong><\/h2>\n<div class=\"_tableContainer_16hzy_1\">\n<div class=\"_tableWrapper_16hzy_14 group flex w-fit flex-col-reverse\">\n<table class=\"w-fit min-w-(--thread-content-width)\" data-start=\"1576\" data-end=\"2442\">\n<thead data-start=\"1576\" data-end=\"1605\">\n<tr data-start=\"1576\" data-end=\"1605\">\n<th data-start=\"1576\" data-end=\"1591\" data-col-size=\"sm\"><strong data-start=\"1578\" data-end=\"1590\">Categor\u00eda<\/strong><\/th>\n<th data-start=\"1591\" data-end=\"1605\" data-col-size=\"md\"><strong data-start=\"1593\" data-end=\"1603\">Detalle<\/strong><\/th>\n<\/tr>\n<\/thead>\n<tbody data-start=\"1635\" data-end=\"2442\">\n<tr data-start=\"1635\" data-end=\"1693\">\n<td data-start=\"1635\" data-end=\"1647\" data-col-size=\"sm\"><strong data-start=\"1637\" data-end=\"1646\">Video<\/strong><\/td>\n<td data-col-size=\"md\" data-start=\"1647\" data-end=\"1693\">4MP, 2560 \u00d7 1440 a 25 fps, <strong data-start=\"1677\" data-end=\"1686\">H.264<\/strong>, HDR<\/td>\n<\/tr>\n<tr data-start=\"1694\" data-end=\"1731\">\n<td data-start=\"1694\" data-end=\"1711\" data-col-size=\"sm\"><strong data-start=\"1696\" data-end=\"1710\">\u00c1ngulo de visi\u00f3n<\/strong><\/td>\n<td data-col-size=\"md\" data-start=\"1711\" data-end=\"1731\">110\u00b0H \/ 60\u00b0W<\/td>\n<\/tr>\n<tr data-start=\"1732\" data-end=\"1787\">\n<td data-start=\"1732\" data-end=\"1750\" data-col-size=\"sm\"><strong data-start=\"1734\" data-end=\"1749\">Modo nocturno IR<\/strong><\/td>\n<td data-col-size=\"md\" data-start=\"1750\" data-end=\"1787\">Hasta 8 m, autom\u00e1tico d\u00eda\/noche<\/td>\n<\/tr>\n<tr data-start=\"1788\" data-end=\"1862\">\n<td data-start=\"1788\" data-end=\"1804\" data-col-size=\"sm\"><strong data-start=\"1790\" data-end=\"1803\">An\u00e1lisis de IA<\/strong><\/td>\n<td data-col-size=\"md\" data-start=\"1804\" data-end=\"1862\">Personas \/ Animales \/ Veh\u00edculos: funciona incluso sin almacenamiento<\/td>\n<\/tr>\n<tr data-start=\"1863\" data-end=\"1929\">\n<td data-start=\"1863\" data-end=\"1880\" data-col-size=\"sm\"><strong data-start=\"1865\" data-end=\"1879\">Sensor PIR<\/strong><\/td>\n<td data-col-size=\"md\" data-start=\"1880\" data-end=\"1929\">Cobertura de 4 m, activa grabaciones y notificaciones push<\/td>\n<\/tr>\n<tr data-start=\"1930\" data-end=\"1996\">\n<td data-start=\"1930\" data-end=\"1941\" data-col-size=\"sm\"><strong data-start=\"1932\" data-end=\"1940\">Sonido<\/strong><\/td>\n<td data-col-size=\"md\" data-start=\"1941\" data-end=\"1996\">Bidireccional (micr\u00f3fono + altavoz de 1,5 W), cancelaci\u00f3n de ruido y eco<\/td>\n<\/tr>\n<tr data-start=\"1997\" data-end=\"2105\">\n<td data-start=\"1997\" data-end=\"2017\" data-col-size=\"sm\"><strong data-start=\"1999\" data-end=\"2016\">Comunicaci\u00f3n<\/strong><\/td>\n<td data-col-size=\"md\" data-start=\"2017\" data-end=\"2105\">Wi-Fi 802.11 b\/g\/n 2,4 GHz (\u2264 3 Mbit\/s)<br \/>\nJoyero \u2264 1.700 m<br \/>\nAlas para fotos<\/td>\n<\/tr>\n<tr data-start=\"2106\" data-end=\"2176\">\n<td data-start=\"2106\" data-end=\"2121\" data-col-size=\"sm\"><strong data-start=\"2108\" data-end=\"2120\">Seguridad<\/strong><\/td>\n<td data-col-size=\"md\" data-start=\"2121\" data-end=\"2176\">Cifrado mTLS, arranque seguro, hardware aprobado por la NDAA<\/td>\n<\/tr>\n<tr data-start=\"2177\" data-end=\"2259\">\n<td data-start=\"2177\" data-end=\"2193\" data-col-size=\"sm\"><strong data-start=\"2179\" data-end=\"2192\">Escenarios<\/strong><\/td>\n<td data-col-size=\"md\" data-start=\"2193\" data-end=\"2259\">Iniciar grabaci\u00f3n en caso de alarma, mostrar imagen en vivo para el centro de alarmas, etc.<\/td>\n<\/tr>\n<tr data-start=\"2260\" data-end=\"2321\">\n<td data-start=\"2260\" data-end=\"2272\" data-col-size=\"sm\"><strong data-start=\"2262\" data-end=\"2271\">Actual<\/strong><\/td>\n<td data-col-size=\"md\" data-start=\"2272\" data-end=\"2321\">12 V CC (adaptador con cable de 1,5 m incluido), \u2264 10 W<\/td>\n<\/tr>\n<tr data-start=\"2322\" data-end=\"2369\">\n<td data-start=\"2322\" data-end=\"2334\" data-col-size=\"sm\"><strong data-start=\"2324\" data-end=\"2333\">Ambiente<\/strong><\/td>\n<td data-col-size=\"md\" data-start=\"2334\" data-end=\"2369\">0 \u2026 +40 \u00b0C, \u2264 90 % HR, <strong data-start=\"2359\" data-end=\"2367\">IP20<\/strong><\/td>\n<\/tr>\n<tr data-start=\"2370\" data-end=\"2442\">\n<td data-start=\"2370\" data-end=\"2388\" data-col-size=\"sm\"><strong data-start=\"2372\" data-end=\"2387\">Dimensiones \/ peso<\/strong><\/td>\n<td data-col-size=\"md\" data-start=\"2388\" data-end=\"2442\">Indicado en el manual (\u2248 75 \u00d7 75 \u00d7 110 mm), peso aprox. 200 g<\/td>\n<\/tr>\n<\/tbody>\n<\/table>\n<div class=\"sticky end-(--thread-content-margin) h-0 self-end select-none\">\n<div class=\"absolute end-0 flex items-end\"><\/div>\n<\/div>\n<\/div>\n<\/div>\n<hr data-start=\"2444\" data-end=\"2447\" \/>\n<h2 data-start=\"2449\" data-end=\"2480\"><strong data-start=\"2452\" data-end=\"2480\">Especificaciones t\u00e9cnicas<\/strong><\/h2>\n<div class=\"_tableContainer_16hzy_1\">\n<div class=\"_tableWrapper_16hzy_14 group flex w-fit flex-col-reverse\">\n<table class=\"w-fit min-w-(--thread-content-width)\" data-start=\"2482\" data-end=\"2922\">\n<thead data-start=\"2482\" data-end=\"2503\">\n<tr data-start=\"2482\" data-end=\"2503\">\n<th data-start=\"2482\" data-end=\"2494\" data-col-size=\"sm\">Par\u00e1metro<\/th>\n<th data-start=\"2494\" data-end=\"2503\" data-col-size=\"md\">Valor<\/th>\n<\/tr>\n<\/thead>\n<tbody data-start=\"2526\" data-end=\"2922\">\n<tr data-start=\"2526\" data-end=\"2561\">\n<td data-start=\"2526\" data-end=\"2539\" data-col-size=\"sm\">Resoluci\u00f3n<\/td>\n<td data-col-size=\"md\" data-start=\"2539\" data-end=\"2561\">4 MP (2560 \u00d7 1440)<\/td>\n<\/tr>\n<tr data-start=\"2562\" data-end=\"2587\">\n<td data-start=\"2562\" data-end=\"2577\" data-col-size=\"sm\">Velocidad de fotogramas<\/td>\n<td data-col-size=\"md\" data-start=\"2577\" data-end=\"2587\">25 fps<\/td>\n<\/tr>\n<tr data-start=\"2588\" data-end=\"2612\">\n<td data-start=\"2588\" data-end=\"2603\" data-col-size=\"sm\">Compresi\u00f3n<\/td>\n<td data-col-size=\"md\" data-start=\"2603\" data-end=\"2612\">H.264<\/td>\n<\/tr>\n<tr data-start=\"2613\" data-end=\"2639\">\n<td data-start=\"2613\" data-end=\"2619\" data-col-size=\"sm\">Campo de visi\u00f3n<\/td>\n<td data-start=\"2619\" data-end=\"2639\" data-col-size=\"md\">110\u00b0H \/ 60\u00b0W<\/td>\n<\/tr>\n<tr data-start=\"2640\" data-end=\"2656\">\n<td data-start=\"2640\" data-end=\"2649\" data-col-size=\"sm\">LED infrarrojo<\/td>\n<td data-col-size=\"md\" data-start=\"2649\" data-end=\"2656\">8 metros<\/td>\n<\/tr>\n<tr data-start=\"2657\" data-end=\"2677\">\n<td data-start=\"2657\" data-end=\"2670\" data-col-size=\"sm\">\u00c1rea PIR<\/td>\n<td data-col-size=\"md\" data-start=\"2670\" data-end=\"2677\">4 metros<\/td>\n<\/tr>\n<tr data-start=\"2678\" data-end=\"2741\">\n<td data-start=\"2678\" data-end=\"2693\" data-col-size=\"sm\">Tipos de disparadores<\/td>\n<td data-col-size=\"md\" data-start=\"2693\" data-end=\"2741\">Movimiento, objetos de IA, alarmas de detectores, escenarios<\/td>\n<\/tr>\n<tr data-start=\"2742\" data-end=\"2787\">\n<td data-start=\"2742\" data-end=\"2752\" data-col-size=\"sm\">Almacenamiento<\/td>\n<td data-start=\"2752\" data-end=\"2787\" data-col-size=\"md\">NVR Ajax (HDD) o Ajax Cloud<\/td>\n<\/tr>\n<tr data-start=\"2788\" data-end=\"2820\">\n<td data-start=\"2788\" data-end=\"2806\" data-col-size=\"sm\">Velocidad de Wi-Fi<\/td>\n<td data-start=\"2806\" data-end=\"2820\" data-col-size=\"md\">\u2264 3 Mbps<\/td>\n<\/tr>\n<tr data-start=\"2821\" data-end=\"2863\">\n<td data-start=\"2821\" data-end=\"2841\" data-col-size=\"sm\">Alcance del joyero<\/td>\n<td data-start=\"2841\" data-end=\"2863\" data-col-size=\"md\">\u2264 1.700 m de visibilidad clara<\/td>\n<\/tr>\n<tr data-start=\"2864\" data-end=\"2899\">\n<td data-start=\"2864\" data-end=\"2872\" data-col-size=\"sm\">Actual<\/td>\n<td data-start=\"2872\" data-end=\"2899\" data-col-size=\"md\">12 V CC (adaptador incluido)<\/td>\n<\/tr>\n<tr data-start=\"2900\" data-end=\"2922\">\n<td data-start=\"2900\" data-end=\"2914\" data-col-size=\"sm\">Clase de protecci\u00f3n<\/td>\n<td data-start=\"2914\" data-end=\"2922\" data-col-size=\"md\">IP20<\/td>\n<\/tr>\n<\/tbody>\n<\/table>\n<div class=\"sticky end-(--thread-content-margin) h-0 self-end select-none\">\n<div class=\"absolute end-0 flex items-end\"><\/div>\n<\/div>\n<\/div>\n<\/div>\n<hr data-start=\"2924\" data-end=\"2927\" \/>\n<h2 data-start=\"2929\" data-end=\"2956\"><strong data-start=\"2932\" data-end=\"2956\">Comunicaci\u00f3n de respaldo<\/strong><\/h2>\n<div class=\"_tableContainer_16hzy_1\">\n<div class=\"_tableWrapper_16hzy_14 group flex w-fit flex-col-reverse\">\n<table class=\"w-fit min-w-(--thread-content-width)\" data-start=\"2958\" data-end=\"3142\">\n<thead data-start=\"2958\" data-end=\"3011\">\n<tr data-start=\"2958\" data-end=\"3011\">\n<th data-start=\"2958\" data-end=\"2967\" data-col-size=\"sm\">Primario<\/th>\n<th data-start=\"2967\" data-end=\"2976\" data-col-size=\"sm\">Respaldo<\/th>\n<th data-start=\"2976\" data-end=\"3011\" data-col-size=\"sm\">\u00bfQu\u00e9 se env\u00eda cuando se cae el Wi-Fi?<\/th>\n<\/tr>\n<\/thead>\n<tbody data-start=\"3066\" data-end=\"3142\">\n<tr data-start=\"3066\" data-end=\"3142\">\n<td data-start=\"3066\" data-end=\"3082\" data-col-size=\"sm\">Wi-Fi de 2,4 GHz<\/td>\n<td data-start=\"3082\" data-end=\"3115\" data-col-size=\"sm\">Joyero + Alas a trav\u00e9s del centro Ajax<\/td>\n<td data-start=\"3115\" data-end=\"3142\" data-col-size=\"sm\">Alarmas, eventos y fotos<\/td>\n<\/tr>\n<\/tbody>\n<\/table>\n<div class=\"sticky end-(--thread-content-margin) h-0 self-end select-none\">\n<div class=\"absolute end-0 flex items-end\"><\/div>\n<\/div>\n<\/div>\n<\/div>\n<hr data-start=\"3144\" data-end=\"3147\" \/>\n<h2 data-start=\"3149\" data-end=\"3170\"><strong data-start=\"3152\" data-end=\"3170\">Compatibilidad<\/strong><\/h2>\n<p data-start=\"3172\" data-end=\"3269\">Hub 2 \/ Hub 2 (4G) \/ Hub 2 Plus \/ Hub BP \/ Hub Hybrid 4G \/ ReX 2 y todos <strong data-start=\"3247\" data-end=\"3259\">Ajax NVR<\/strong>modelos.<\/p>\n<p data-start=\"3172\" data-end=\"3269\"><strong>Contiene:<\/strong><br \/>\nC\u00e1mara<br \/>\nAdjunto<br \/>\nTransformador enchufable con cable de 1,5 m<\/p>","protected":false},"excerpt":{"rendered":"<ul>\n<li data-start=\"100\" data-end=\"177\">\n<p data-start=\"102\" data-end=\"177\"><strong data-start=\"105\" data-end=\"131\">V\u00eddeo de 4 MP (2K) + HDR<\/strong> - colores n\u00edtidos tanto en escenas claras como oscuras<\/p>\n<\/li>\n<li data-start=\"178\" data-end=\"259\">\n<p data-start=\"180\" data-end=\"259\"><strong data-start=\"183\" data-end=\"207\">Reconocimiento de IA + PIR<\/strong> - separa personas, animales y veh\u00edculos (alcance 4 m)<\/p>\n<\/li>\n<li data-start=\"260\" data-end=\"336\">\n<p data-start=\"262\" data-end=\"336\"><strong data-start=\"265\" data-end=\"289\">Comunicaci\u00f3n bidireccional<\/strong> - Micr\u00f3fono integrado (G.722) y altavoz de 85 dB<\/p>\n<\/li>\n<li data-start=\"337\" data-end=\"427\">\n<p data-start=\"339\" data-end=\"427\"><strong data-start=\"342\" data-end=\"383\">Wi-Fi 2,4 GHz + Jeweller\/Alas de respaldo<\/strong> - conserva alarmas e im\u00e1genes si se cae la Wi-Fi<\/p>\n<\/li>\n<li data-start=\"428\" data-end=\"515\">\n<p data-start=\"430\" data-end=\"515\"><strong data-start=\"433\" data-end=\"453\">Almacenamiento flexible<\/strong> - localmente en <strong data-start=\"466\" data-end=\"478\">Ajax NVR<\/strong> o en <strong data-start=\"487\" data-end=\"501\">Nube Ajax<\/strong> (pr\u00f3ximamente)<\/p>\n<\/li>\n<li data-start=\"516\" data-end=\"590\">\n<p data-start=\"518\" data-end=\"590\"><strong data-start=\"521\" data-end=\"559\">Conformidad con la NDAA y cifrado (mTLS)<\/strong> - sin componentes prohibidos<\/p>\n<\/li>\n<li data-start=\"591\" data-end=\"684\">\n<p data-start=\"593\" data-end=\"684\"><strong data-start=\"596\" data-end=\"625\">Escenarios y control del centro<\/strong> - grabar constantemente o s\u00f3lo cuando la alarma est\u00e1 encendida<\/p>\n<\/li>\n<li data-start=\"685\" data-end=\"760\">\n<p data-start=\"687\" data-end=\"760\">\ud83d\udd0c <strong data-start=\"690\" data-end=\"724\">Adaptador de 12 V CC (incluido) + IP20<\/strong> - perfecto para el hogar, la oficina y la tienda<\/p>\n<\/li>\n<\/ul>","protected":false},"featured_media":155506,"template":"","meta":{"_acf_changed":false},"product_brand":[],"product_cat":[4011,3156],"product_tag":[4863],"class_list":{"0":"post-153584","1":"product","2":"type-product","3":"status-publish","4":"has-post-thumbnail","6":"product_cat-ajax-kameror","7":"product_cat-rorelse-och-kamera","8":"product_tag-pf","9":"pa_brands-ajax-systems","10":"pa_farg-vit","11":"tm-no-options","13":"first","14":"instock","15":"sale","16":"taxable","17":"shipping-taxable","18":"purchasable","19":"product-type-simple"},"acf":[],"_links":{"self":[{"href":"https:\/\/secureus.se\/es\/wp-json\/wp\/v2\/product\/153584","targetHints":{"allow":["GET"]}}],"collection":[{"href":"https:\/\/secureus.se\/es\/wp-json\/wp\/v2\/product"}],"about":[{"href":"https:\/\/secureus.se\/es\/wp-json\/wp\/v2\/types\/product"}],"wp:featuredmedia":[{"embeddable":true,"href":"https:\/\/secureus.se\/es\/wp-json\/wp\/v2\/media\/155506"}],"wp:attachment":[{"href":"https:\/\/secureus.se\/es\/wp-json\/wp\/v2\/media?parent=153584"}],"wp:term":[{"taxonomy":"product_brand","embeddable":true,"href":"https:\/\/secureus.se\/es\/wp-json\/wp\/v2\/product_brand?post=153584"},{"taxonomy":"product_cat","embeddable":true,"href":"https:\/\/secureus.se\/es\/wp-json\/wp\/v2\/product_cat?post=153584"},{"taxonomy":"product_tag","embeddable":true,"href":"https:\/\/secureus.se\/es\/wp-json\/wp\/v2\/product_tag?post=153584"}],"curies":[{"name":"wp","href":"https:\/\/api.w.org\/{rel}","templated":true}]}}