{"id":153998,"date":"2023-11-23T09:56:32","date_gmt":"2023-11-23T08:56:32","guid":{"rendered":"https:\/\/secureus.se\/kombidetektor-ir-mv-dt8012f4\/"},"modified":"2026-04-08T16:40:06","modified_gmt":"2026-04-08T14:40:06","slug":"kombidetektor-ir-mv-dt8012f4","status":"publish","type":"product","link":"https:\/\/secureus.se\/es\/kombidetektor-ir-mv-dt8012f4\/","title":{"rendered":"DETECTOR IR\/MV COMBINADO Honeywell DT8012F4 - Clase de alarma 2"},"content":{"rendered":"<h1>Detector combinado Honeywell IR\/MV DT8012F4<\/h1>\n<p data-start=\"324\" data-end=\"1290\">El Honeywell COMBI DETECTOR IR\/MV DT8012F4 es un detector de alta calidad que combina tecnolog\u00eda PIR (espejo) y microondas para brindar protecci\u00f3n confiable en entornos comerciales donde puede requerirse un sistema de Clase 2.<\/p>\n<p data-start=\"324\" data-end=\"1290\">Ofrece inmunidad mejorada a falsas alarmas a trav\u00e9s de soluciones patentadas, incluido el procesamiento de se\u00f1al DualCore\u2122, lo que lo hace ideal para \u00e1reas que son dif\u00edciles de proteger con productos est\u00e1ndar.<br data-start=\"750\" data-end=\"753\" \/>Este detector es f\u00e1cil de instalar con una funci\u00f3n de conexi\u00f3n entre la base y el cuerpo del detector, lo que reduce el tiempo y la complejidad de la instalaci\u00f3n.<\/p>\n<p data-start=\"324\" data-end=\"1290\">El DT8012F4 tiene un alcance de 12 x 17 m y tecnolog\u00eda de microondas de banda X a 10,525 GHz, lo que garantiza un rendimiento \u00f3ptimo para proteger su espacio.<br data-start=\"1057\" data-end=\"1060\" \/>Adem\u00e1s, tiene una inmunidad a la luz blanca de 6.500 Lux y una inmunidad a mascotas de 45 kg, lo que lo hace adecuado para entornos con mascotas.<\/p>\n<p data-start=\"324\" data-end=\"1290\">El detector tambi\u00e9n ofrece aprobaciones seg\u00fan EN50131-2-4 Grado 2 Clase II para una instalaci\u00f3n segura.<\/p>\n<p data-start=\"1292\" data-end=\"1322\"><strong data-start=\"1292\" data-end=\"1320\">Caracter\u00edsticas y beneficios:<\/strong><\/p>\n<ul data-start=\"1323\" data-end=\"1617\">\n<li data-start=\"1323\" data-end=\"1375\">\n<p data-start=\"1325\" data-end=\"1375\">Combinaci\u00f3n de PIR y microondas para alta seguridad<\/p>\n<\/li>\n<li data-start=\"1376\" data-end=\"1444\">\n<p data-start=\"1378\" data-end=\"1444\">Inmunidad mejorada a falsas alarmas mediante el procesamiento de se\u00f1ales DualCore\u2122<\/p>\n<\/li>\n<li data-start=\"1445\" data-end=\"1488\">\n<p data-start=\"1447\" data-end=\"1488\">F\u00e1cil instalaci\u00f3n con funci\u00f3n enchufable<\/p>\n<\/li>\n<li data-start=\"1489\" data-end=\"1519\">\n<p data-start=\"1491\" data-end=\"1519\">Inmunidad para mascotas de 45 kg<\/p>\n<\/li>\n<li data-start=\"1520\" data-end=\"1551\">\n<p data-start=\"1522\" data-end=\"1551\">Alcance \u00f3ptimo: 12 x 17 m<\/p>\n<\/li>\n<li data-start=\"1552\" data-end=\"1617\">\n<p data-start=\"1554\" data-end=\"1617\">Inmunidad a la luz blanca de 6.500 Lux para un alto rendimiento en entornos brillantes<\/p>\n<\/li>\n<\/ul>\n<p data-start=\"1619\" data-end=\"1650\"><strong data-start=\"1619\" data-end=\"1648\">Especificaciones t\u00e9cnicas:<\/strong><\/p>\n<ul data-start=\"1651\" data-end=\"2238\">\n<li data-start=\"1651\" data-end=\"1689\">\n<p data-start=\"1653\" data-end=\"1689\">Tipo de detecci\u00f3n: PIR + Microondas<\/p>\n<\/li>\n<li data-start=\"1690\" data-end=\"1713\">\n<p data-start=\"1692\" data-end=\"1713\">Zonas de detecci\u00f3n: 36<\/p>\n<\/li>\n<li data-start=\"1714\" data-end=\"1737\">\n<p data-start=\"1716\" data-end=\"1737\">Alcance: 12 x 17 m<\/p>\n<\/li>\n<li data-start=\"1738\" data-end=\"1771\">\n<p data-start=\"1740\" data-end=\"1771\">Frecuencia de microondas: 10,525 GHz<\/p>\n<\/li>\n<li data-start=\"1772\" data-end=\"1833\">\n<p data-start=\"1774\" data-end=\"1833\">Inmunidad a RFI: 20 V\/m (10-1000 MHz), 15 V\/m (1000-2700 MHz)<\/p>\n<\/li>\n<li data-start=\"1834\" data-end=\"1866\">\n<p data-start=\"1836\" data-end=\"1866\">Fuente de alimentaci\u00f3n: 9 \u2013 15 V CC<\/p>\n<\/li>\n<li data-start=\"1867\" data-end=\"1912\">\n<p data-start=\"1869\" data-end=\"1912\">Consumo de corriente: 14 mA (m\u00e1ximo a 12 V CC)<\/p>\n<\/li>\n<li data-start=\"1913\" data-end=\"1948\">\n<p data-start=\"1915\" data-end=\"1948\">Altura de montaje: 2,3 m (\u00f3ptima)<\/p>\n<\/li>\n<li data-start=\"1949\" data-end=\"1978\">\n<p data-start=\"1951\" data-end=\"1978\">Rel\u00e9 de alarma: 30 mA a 25 V CC<\/p>\n<\/li>\n<li data-start=\"1979\" data-end=\"2008\">\n<p data-start=\"1981\" data-end=\"2008\">Manipulaci\u00f3n: 30 mA a 25 V CC<\/p>\n<\/li>\n<li data-start=\"2009\" data-end=\"2037\">\n<p data-start=\"2011\" data-end=\"2037\">Inmunidad a mascotas: 45 kg<\/p>\n<\/li>\n<li data-start=\"2038\" data-end=\"2069\">\n<p data-start=\"2040\" data-end=\"2069\">Inmunidad a la luz blanca: 6.500 Lux<\/p>\n<\/li>\n<li data-start=\"2070\" data-end=\"2106\">\n<p data-start=\"2072\" data-end=\"2106\">Temperatura de funcionamiento: -10 a +55\u00b0C<\/p>\n<\/li>\n<li data-start=\"2107\" data-end=\"2134\">\n<p data-start=\"2109\" data-end=\"2134\">Dimensiones: 98 x 57 x 43,5 mm<\/p>\n<\/li>\n<li data-start=\"2135\" data-end=\"2150\">\n<p data-start=\"2137\" data-end=\"2150\">Peso: 135g<\/p>\n<\/li>\n<li data-start=\"2151\" data-end=\"2238\">\n<p data-start=\"2153\" data-end=\"2238\">Aprobaciones: EN50131-2-4 Grado 2 Clase II, INCERT, IMQ, SBSC, FG, F&amp;P, NCP, GOST-R<\/p>\n<\/li>\n<\/ul>","protected":false},"excerpt":{"rendered":"<p>Detector combinado con tecnolog\u00eda PIR y microondas, ideal para entornos comerciales.<\/p>\n<p>Alcance de 12 x 17 m, mayor inmunidad a las falsas alarmas y f\u00e1cil instalaci\u00f3n.<\/p>","protected":false},"featured_media":138676,"template":"","meta":{"_acf_changed":false},"product_brand":[],"product_cat":[1324,1325],"product_tag":[2146,2465],"class_list":{"0":"post-153998","1":"product","2":"type-product","3":"status-publish","4":"has-post-thumbnail","6":"product_cat-outlet","7":"product_cat-larmgivare-skalskydd","8":"product_tag-rorelsedetektor-kombidetektorer","9":"product_tag-sbsc-larmklass2","10":"product_shipping_class-postnord-varubrev","11":"pa_brands-honeywell","12":"tm-no-options","14":"first","15":"instock","16":"sale","17":"taxable","18":"shipping-taxable","19":"purchasable","20":"product-type-simple"},"acf":[],"_links":{"self":[{"href":"https:\/\/secureus.se\/es\/wp-json\/wp\/v2\/product\/153998","targetHints":{"allow":["GET"]}}],"collection":[{"href":"https:\/\/secureus.se\/es\/wp-json\/wp\/v2\/product"}],"about":[{"href":"https:\/\/secureus.se\/es\/wp-json\/wp\/v2\/types\/product"}],"wp:featuredmedia":[{"embeddable":true,"href":"https:\/\/secureus.se\/es\/wp-json\/wp\/v2\/media\/138676"}],"wp:attachment":[{"href":"https:\/\/secureus.se\/es\/wp-json\/wp\/v2\/media?parent=153998"}],"wp:term":[{"taxonomy":"product_brand","embeddable":true,"href":"https:\/\/secureus.se\/es\/wp-json\/wp\/v2\/product_brand?post=153998"},{"taxonomy":"product_cat","embeddable":true,"href":"https:\/\/secureus.se\/es\/wp-json\/wp\/v2\/product_cat?post=153998"},{"taxonomy":"product_tag","embeddable":true,"href":"https:\/\/secureus.se\/es\/wp-json\/wp\/v2\/product_tag?post=153998"}],"curies":[{"name":"wp","href":"https:\/\/api.w.org\/{rel}","templated":true}]}}