{"id":154639,"date":"2025-08-01T12:08:38","date_gmt":"2025-08-01T10:08:38","guid":{"rendered":"https:\/\/secureus.se\/?post_type=product&#038;p=154639"},"modified":"2026-03-10T11:06:07","modified_gmt":"2026-03-10T10:06:07","slug":"fireprotect-2-ac-varme-rok-230v","status":"publish","type":"product","link":"https:\/\/secureus.se\/es\/fireprotect-2-ac-varme-rok-230v\/","title":{"rendered":"FireProtect 2 AC - (Calor\/Humo) 230V"},"content":{"rendered":"<h3 data-start=\"124\" data-end=\"213\"><strong data-start=\"128\" data-end=\"213\">Ajax FireProtect 2 AC - Detector de humo\/calor con sirena incorporada e indicaci\u00f3n luminosa - Comunicaci\u00f3n inal\u00e1mbrica y conexi\u00f3n a la red el\u00e9ctrica<\/strong><\/h3>\n<p data-start=\"215\" data-end=\"455\">Este avanzado detector de humo y calor est\u00e1 dise\u00f1ado para su instalaci\u00f3n en interiores y combina la comunicaci\u00f3n inal\u00e1mbrica con la alimentaci\u00f3n de red (110-240 VCA). Est\u00e1 equipado con una sirena integrada y una indicaci\u00f3n luminosa roja que se activa en caso de alarma.<\/p>\n<h4 data-start=\"457\" data-end=\"477\"><strong data-start=\"462\" data-end=\"477\">Caracter\u00edsticas:<\/strong><\/h4>\n<ul data-start=\"478\" data-end=\"1123\">\n<li data-start=\"478\" data-end=\"569\">\n<p data-start=\"480\" data-end=\"569\"><strong data-start=\"480\" data-end=\"503\">Doble detecci\u00f3n:<\/strong> Alarmas tanto en caso de humo en la c\u00e1mara como de cambios r\u00e1pidos de temperatura.<\/p>\n<\/li>\n<li data-start=\"570\" data-end=\"618\">\n<p data-start=\"572\" data-end=\"618\"><strong data-start=\"572\" data-end=\"590\">Sirena incorporada:<\/strong> 85 dB a una distancia de 3 metros.<\/p>\n<\/li>\n<li data-start=\"619\" data-end=\"682\">\n<p data-start=\"621\" data-end=\"682\"><strong data-start=\"621\" data-end=\"640\">Indicaci\u00f3n luminosa:<\/strong> Indicador visual de alarma claro (luz roja).<\/p>\n<\/li>\n<li data-start=\"683\" data-end=\"810\">\n<p data-start=\"685\" data-end=\"810\"><strong data-start=\"685\" data-end=\"709\">Alarmas sincronizadas:<\/strong> Posibilidad de configurar para que todos los detectores del sistema suenen simult\u00e1neamente en caso de alarma de un dispositivo.<\/p>\n<\/li>\n<li data-start=\"811\" data-end=\"934\">\n<p data-start=\"813\" data-end=\"934\"><strong data-start=\"813\" data-end=\"827\">Autodiagn\u00f3stico:<\/strong> Pruebas peri\u00f3dicas de funcionamiento y estado, incluidos avisos de bater\u00eda baja y necesidades de limpieza.<\/p>\n<\/li>\n<li data-start=\"935\" data-end=\"1025\">\n<p data-start=\"937\" data-end=\"1025\"><strong data-start=\"937\" data-end=\"959\">Medici\u00f3n de la temperatura:<\/strong> Sensor de temperatura integrado para controlar la temperatura ambiente.<\/p>\n<\/li>\n<li data-start=\"1026\" data-end=\"1123\">\n<p data-start=\"1028\" data-end=\"1123\"><strong data-start=\"1028\" data-end=\"1049\">Funcionamiento aut\u00f3nomo:<\/strong> Tambi\u00e9n funciona como una alarma de humo tradicional sin conexi\u00f3n a un sistema.<\/p>\n<\/li>\n<\/ul>\n<h4 data-start=\"1125\" data-end=\"1149\"><strong data-start=\"1130\" data-end=\"1149\">Compatibilidad:<\/strong><\/h4>\n<ul data-start=\"1150\" data-end=\"1220\">\n<li data-start=\"1150\" data-end=\"1162\">\n<p data-start=\"1152\" data-end=\"1162\">Hub Plus<\/p>\n<\/li>\n<li data-start=\"1163\" data-end=\"1172\">\n<p data-start=\"1165\" data-end=\"1172\">Golpe 2<\/p>\n<\/li>\n<li data-start=\"1173\" data-end=\"1187\">\n<p data-start=\"1175\" data-end=\"1187\">Hub 2 Plus<\/p>\n<\/li>\n<li data-start=\"1188\" data-end=\"1202\">\n<p data-start=\"1190\" data-end=\"1202\">Cubo h\u00edbrido<\/p>\n<\/li>\n<li data-start=\"1203\" data-end=\"1210\">\n<p data-start=\"1205\" data-end=\"1210\">ReX<\/p>\n<\/li>\n<li data-start=\"1211\" data-end=\"1220\">\n<p data-start=\"1213\" data-end=\"1220\">ReX 2<\/p>\n<\/li>\n<\/ul>\n<h4 data-start=\"1222\" data-end=\"1251\"><strong data-start=\"1227\" data-end=\"1251\">Informaci\u00f3n t\u00e9cnica:<\/strong><\/h4>\n<ul data-start=\"1252\" data-end=\"1558\">\n<li data-start=\"1252\" data-end=\"1307\">\n<p data-start=\"1254\" data-end=\"1307\"><strong data-start=\"1254\" data-end=\"1275\">Alcance inal\u00e1mbrico:<\/strong> Hasta 1700 m en terreno abierto<\/p>\n<\/li>\n<li data-start=\"1308\" data-end=\"1345\">\n<p data-start=\"1310\" data-end=\"1345\"><strong data-start=\"1310\" data-end=\"1331\">Tensi\u00f3n de alimentaci\u00f3n:<\/strong> 110-240 VCA<\/p>\n<\/li>\n<li data-start=\"1346\" data-end=\"1379\">\n<p data-start=\"1348\" data-end=\"1379\"><strong data-start=\"1348\" data-end=\"1366\">Bater\u00eda de reserva:<\/strong> 1 \u00d7 CR123A<\/p>\n<\/li>\n<li data-start=\"1380\" data-end=\"1420\">\n<p data-start=\"1382\" data-end=\"1420\"><strong data-start=\"1382\" data-end=\"1403\">Temperatura de trabajo:<\/strong> 0\u00b0C a +50\u00b0C<\/p>\n<\/li>\n<li data-start=\"1421\" data-end=\"1476\">\n<p data-start=\"1423\" data-end=\"1476\"><strong data-start=\"1423\" data-end=\"1441\">Humedad:<\/strong> Hasta 80 % (sin condensaci\u00f3n)<\/p>\n<\/li>\n<li data-start=\"1477\" data-end=\"1558\">\n<p data-start=\"1479\" data-end=\"1558\"><strong data-start=\"1479\" data-end=\"1503\">Umbral de alarma (calefacci\u00f3n):<\/strong> +64 \u00b0C o aumento de la temperatura en 10 \u00b0C en 1 minuto<\/p>\n<\/li>\n<\/ul>","protected":false},"excerpt":{"rendered":"<p><strong data-start=\"119\" data-end=\"189\">Detector inteligente de humo y calor con sirena incorporada e indicaci\u00f3n luminosa.<\/strong> Alarma por humo o aumento r\u00e1pido de la temperatura y puede sincronizarse con otros detectores del sistema. Alimentaci\u00f3n de 110-240 VCA con bater\u00eda de reserva. Funciona tanto de forma aut\u00f3noma como con dispositivos Ajax como Hub 2, Hub Plus y ReX. Alcance inal\u00e1mbrico de hasta 1.700 m.<\/p>","protected":false},"featured_media":155444,"template":"","meta":{"_acf_changed":false},"product_brand":[],"product_cat":[3159],"product_tag":[4863],"class_list":{"0":"post-154639","1":"product","2":"type-product","3":"status-publish","4":"has-post-thumbnail","6":"product_cat-brandvarnare","7":"product_tag-pf","8":"pa_brands-ajax-systems","9":"pa_farg-vit","10":"tm-no-options","12":"first","13":"instock","14":"taxable","15":"shipping-taxable","16":"purchasable","17":"product-type-simple"},"acf":[],"_links":{"self":[{"href":"https:\/\/secureus.se\/es\/wp-json\/wp\/v2\/product\/154639","targetHints":{"allow":["GET"]}}],"collection":[{"href":"https:\/\/secureus.se\/es\/wp-json\/wp\/v2\/product"}],"about":[{"href":"https:\/\/secureus.se\/es\/wp-json\/wp\/v2\/types\/product"}],"wp:featuredmedia":[{"embeddable":true,"href":"https:\/\/secureus.se\/es\/wp-json\/wp\/v2\/media\/155444"}],"wp:attachment":[{"href":"https:\/\/secureus.se\/es\/wp-json\/wp\/v2\/media?parent=154639"}],"wp:term":[{"taxonomy":"product_brand","embeddable":true,"href":"https:\/\/secureus.se\/es\/wp-json\/wp\/v2\/product_brand?post=154639"},{"taxonomy":"product_cat","embeddable":true,"href":"https:\/\/secureus.se\/es\/wp-json\/wp\/v2\/product_cat?post=154639"},{"taxonomy":"product_tag","embeddable":true,"href":"https:\/\/secureus.se\/es\/wp-json\/wp\/v2\/product_tag?post=154639"}],"curies":[{"name":"wp","href":"https:\/\/api.w.org\/{rel}","templated":true}]}}