{"id":155314,"date":"2025-08-21T13:02:47","date_gmt":"2025-08-21T11:02:47","guid":{"rendered":"https:\/\/secureus.se\/cr17450-30v-2400-mah-batteri-litiumbatteri-2\/"},"modified":"2026-04-15T16:36:41","modified_gmt":"2026-04-15T14:36:41","slug":"cr17450-3v-2400-mah-batteri-litiumbatteri","status":"publish","type":"product","link":"https:\/\/secureus.se\/es\/cr17450-3v-2400-mah-batteri-litiumbatteri\/","title":{"rendered":"Bater\u00eda de litio CR17450 3.0V 2400mAh"},"content":{"rendered":"<h4 data-start=\"713\" data-end=\"775\">Bater\u00eda de litio de alto rendimiento para aplicaciones exigentes<\/h4>\n<p data-start=\"776\" data-end=\"1111\">La CR17450 es una bater\u00eda de litio profesional (Li-SOCl\u2082) dise\u00f1ada para una larga vida \u00fatil y un rendimiento estable. Con un voltaje de 3,0 V y una capacidad de 2400 mAh, ofrece energ\u00eda fiable tanto en entornos industriales como dom\u00e9sticos. Es especialmente adecuada para equipos que deben funcionar de forma continua durante muchos a\u00f1os sin necesidad de sustituirlos.<\/p>\n<h4 data-start=\"1113\" data-end=\"1144\">Especificaciones t\u00e9cnicas<\/h4>\n<ul data-start=\"1145\" data-end=\"1355\">\n<li data-start=\"1145\" data-end=\"1172\">\n<p data-start=\"1147\" data-end=\"1172\">Tipo: CR17450 (Li-SOCl\u2082)<\/p>\n<\/li>\n<li data-start=\"1173\" data-end=\"1192\">\n<p data-start=\"1175\" data-end=\"1192\">Voltaje: 3,0 V<\/p>\n<\/li>\n<li data-start=\"1193\" data-end=\"1216\">\n<p data-start=\"1195\" data-end=\"1216\">Capacidad: 2400 mAh<\/p>\n<\/li>\n<li data-start=\"1217\" data-end=\"1247\">\n<p data-start=\"1219\" data-end=\"1247\">Tama\u00f1o: \u00bd AA (17 \u00d7 45 mm)<\/p>\n<\/li>\n<li data-start=\"1248\" data-end=\"1288\">\n<p data-start=\"1250\" data-end=\"1288\">Rango de temperatura: \u201355 \u00b0C a +85 \u00b0C<\/p>\n<\/li>\n<li data-start=\"1289\" data-end=\"1330\">\n<p data-start=\"1291\" data-end=\"1330\">Autodescarga: Menos de 1 % por a\u00f1o<\/p>\n<\/li>\n<li data-start=\"1331\" data-end=\"1355\">\n<p data-start=\"1333\" data-end=\"1355\">Fabricante: PK Cell<\/p>\n<\/li>\n<\/ul>\n<h4 data-start=\"1357\" data-end=\"1382\">\u00c1reas de uso<\/h4>\n<p data-start=\"1383\" data-end=\"1486\">El CR17450 se utiliza a menudo en equipos que requieren una fuente de alimentaci\u00f3n fiable y duradera, como:<\/p>\n<ul data-start=\"1487\" data-end=\"1835\">\n<li data-start=\"1487\" data-end=\"1575\">\n<p data-start=\"1489\" data-end=\"1575\">Productos de seguridad y alarmas (PowerG PG8944, Visonic PG2 PIR Outdoor Tower Cam, etc.)<\/p>\n<\/li>\n<li data-start=\"1576\" data-end=\"1624\">\n<p data-start=\"1578\" data-end=\"1624\">Control de calefacci\u00f3n por suelo radiante, por ejemplo, sistemas Danfoss<\/p>\n<\/li>\n<li data-start=\"1625\" data-end=\"1675\">\n<p data-start=\"1627\" data-end=\"1675\">Equipos de medici\u00f3n como medidores de agua, gas y electricidad.<\/p>\n<\/li>\n<li data-start=\"1676\" data-end=\"1719\">\n<p data-start=\"1678\" data-end=\"1719\">Sistemas de control industrial y PLC<\/p>\n<\/li>\n<li data-start=\"1720\" data-end=\"1771\">\n<p data-start=\"1722\" data-end=\"1771\">Bater\u00edas de respaldo para electr\u00f3nica y sensores IoT<\/p>\n<\/li>\n<li data-start=\"1772\" data-end=\"1835\">\n<p data-start=\"1774\" data-end=\"1835\">Bolsas de aire en sillas de coche para ni\u00f1os, como Cybex Anoris T y T2 i-Size<\/p>\n<\/li>\n<\/ul>\n<h4 data-start=\"1837\" data-end=\"1852\">Beneficios<\/h4>\n<ul data-start=\"1853\" data-end=\"2081\">\n<li data-start=\"1853\" data-end=\"1903\">\n<p data-start=\"1855\" data-end=\"1903\">Alta capacidad de 2400 mAh para un mayor tiempo de funcionamiento.<\/p>\n<\/li>\n<li data-start=\"1904\" data-end=\"1954\">\n<p data-start=\"1906\" data-end=\"1954\">Voltaje estable durante todo el ciclo de vida de la bater\u00eda<\/p>\n<\/li>\n<li data-start=\"1955\" data-end=\"2000\">\n<p data-start=\"1957\" data-end=\"2000\">Baja autodescarga para almacenamiento a largo plazo<\/p>\n<\/li>\n<li data-start=\"2001\" data-end=\"2045\">\n<p data-start=\"2003\" data-end=\"2045\">Amplio rango de temperatura para diferentes entornos.<\/p>\n<\/li>\n<li data-start=\"2046\" data-end=\"2081\">\n<p data-start=\"2048\" data-end=\"2081\">Libre de mantenimiento y confiable<\/p>\n<\/li>\n<\/ul>\n<h4 data-start=\"2083\" data-end=\"2104\">Compatibilidad<\/h4>\n<p data-start=\"2105\" data-end=\"2236\">Compatible con dispositivos que requieren \u00bd pilas de litio AA de 3,0 V. Marcas comunes: Mazak, Jolt, Danfoss, PowerG, Visonic y Cybex.<\/p>","protected":false},"excerpt":{"rendered":"<p>La CR17450 es una bater\u00eda de litio (Li-SOCl\u2082) compacta y de alto rendimiento de 3,0 V con una capacidad de 2400 mAh. Proporciona energ\u00eda estable y duradera para productos de seguridad, equipos de medici\u00f3n, sistemas de control y termostatos de suelo radiante. Una opci\u00f3n fiable para equipos que requieren a\u00f1os de funcionamiento fiable.<\/p>","protected":false},"featured_media":159173,"template":"","meta":{"_acf_changed":false},"product_brand":[],"product_cat":[1862],"product_tag":[3311,3031,2419],"class_list":{"0":"post-155314","1":"product","2":"type-product","3":"status-publish","4":"has-post-thumbnail","6":"product_cat-batterier-knappcell","7":"product_tag-dsc-neo-svensk-manual","8":"product_tag-neo-ovriga-tillbehor","9":"product_tag-rel-batteri","10":"product_shipping_class-postnord-varubrev","11":"pa_brands-pk-cell","12":"tm-has-options","14":"first","15":"instock","16":"sale","17":"taxable","18":"shipping-taxable","19":"purchasable","20":"product-type-simple"},"acf":[],"_links":{"self":[{"href":"https:\/\/secureus.se\/es\/wp-json\/wp\/v2\/product\/155314","targetHints":{"allow":["GET"]}}],"collection":[{"href":"https:\/\/secureus.se\/es\/wp-json\/wp\/v2\/product"}],"about":[{"href":"https:\/\/secureus.se\/es\/wp-json\/wp\/v2\/types\/product"}],"wp:featuredmedia":[{"embeddable":true,"href":"https:\/\/secureus.se\/es\/wp-json\/wp\/v2\/media\/159173"}],"wp:attachment":[{"href":"https:\/\/secureus.se\/es\/wp-json\/wp\/v2\/media?parent=155314"}],"wp:term":[{"taxonomy":"product_brand","embeddable":true,"href":"https:\/\/secureus.se\/es\/wp-json\/wp\/v2\/product_brand?post=155314"},{"taxonomy":"product_cat","embeddable":true,"href":"https:\/\/secureus.se\/es\/wp-json\/wp\/v2\/product_cat?post=155314"},{"taxonomy":"product_tag","embeddable":true,"href":"https:\/\/secureus.se\/es\/wp-json\/wp\/v2\/product_tag?post=155314"}],"curies":[{"name":"wp","href":"https:\/\/api.w.org\/{rel}","templated":true}]}}