{"id":155407,"date":"2023-09-26T13:10:37","date_gmt":"2023-09-26T11:10:37","guid":{"rendered":"https:\/\/secureus.se\/elslutbleck-step-60-rattvand-24v-kolvkontakt-5m-kabel\/"},"modified":"2026-03-26T09:43:01","modified_gmt":"2026-03-26T08:43:01","slug":"elslutbleck-step-60-rattvand-24v-kolvkontakt-5m-kabel","status":"publish","type":"product","link":"https:\/\/secureus.se\/es\/elslutbleck-step-60-rattvand-24v-kolvkontakt-5m-kabel\/","title":{"rendered":"Terminaci\u00f3n el\u00e9ctrica STEP 60 Enchufe de pist\u00f3n de 24 V en \u00e1ngulo recto Cable de 5 m"},"content":{"rendered":"<div><\/div>\n<div>\n<h1>Terminaci\u00f3n el\u00e9ctrica STEP 60 Enchufe de pist\u00f3n de 24 V en \u00e1ngulo recto Cable de 5 m<\/h1>\n<div>STEP 60 Silent tiene unas caracter\u00edsticas \u00fanicas de apertura y cierre que proporcionan una conducci\u00f3n suave y silenciosa.<\/div>\n<div>En combinaci\u00f3n con una construcci\u00f3n robusta, STEP 60 Silent es una excelente opci\u00f3n para puertas que se utilizan en altas frecuencias o donde se desea reducir el ruido.<\/div>\n<div>Dise\u00f1ado para cerraduras de uno o dos pestillos. Apto para fuego hasta E\/EI120. STEP 60 Silent forma parte de la serie Silent de STEP.<\/div>\n<div>Los productos de la serie tienen una construcci\u00f3n robusta y tecnolog\u00eda silenciosa STEP patentada que proporciona un funcionamiento suave, casi silencioso y una alta resistencia a la intrusi\u00f3n y a la rotura.<\/div>\n<div>Elija STEP Silent si desea reducir el ruido o aumentar la seguridad.<\/div>\n<div><\/div>\n<div><b>Caracter\u00edsticas:\u00a0<\/b><\/div>\n<div>\n<ul>\n<li>Funci\u00f3n correcta (bloqueado en posici\u00f3n desenergizada)<\/li>\n<li>Certificado para resistencia al fuego hasta clase F (E\/EI 120) seg\u00fan SS-EN 14846:2008.<\/li>\n<li>Microinterruptor unipolar conmutador, m\u00e1x. 30 V CC, 1 A.<\/li>\n<li>Interruptor de pist\u00f3n incorporado que proporciona una indicaci\u00f3n para detectar si la puerta est\u00e1 cerrada\/abierta y bloqueada\/desbloqueada.<\/li>\n<li>Contacto de enclavamiento para conexi\u00f3n a sistemas de control de acceso, sistemas de alarma, etc.<\/li>\n<li>Resistencia a la rotura 16 kN (aprox. 1600 kg).<\/li>\n<li>Garantiza la apertura a pesar de una presi\u00f3n de banda de 1 kN (aprox. 100 kg) en funci\u00f3n de avance y retroceso.<\/li>\n<li>El diodo protector est\u00e1 incorporado.<\/li>\n<li>Antidetonante.<\/li>\n<li>Incluye 5 metros de cable libre de hal\u00f3genos.<\/li>\n<\/ul>\n<div><\/div>\n<p><b>Datos t\u00e9cnicos:<\/b><\/p>\n<\/div>\n<div>\n<ul>\n<li>12 V CC + 15 % \u2013 10 %. M\u00e1x. 500 mA, 242 mA desbloqueado.<\/li>\n<li>24 V CC + 15 % \u2013 10 %. M\u00e1x. 250 mA, 121 mA desbloqueado.<\/li>\n<li>Durabilidad: Grado X seg\u00fan SS-EN 14846.<\/li>\n<li>Corrosi\u00f3n: Grado M seg\u00fan SS-EN 14846.<\/li>\n<li>Seguridad: Grado 3 seg\u00fan SS-EN 14846.<\/li>\n<li>Manipulaci\u00f3n el\u00e9ctrica de seguridad: Grado 3 (orientado hacia delante) Grado 1 (orientado hacia atr\u00e1s) seg\u00fan SS-EN 14846.<\/li>\n<\/ul>\n<\/div>\n<\/div>","protected":false},"excerpt":{"rendered":"<p>STEP 60 Silent tiene unas caracter\u00edsticas \u00fanicas de apertura y cierre que proporcionan una conducci\u00f3n suave y silenciosa.<\/p>","protected":false},"featured_media":155668,"template":"","meta":{"_acf_changed":false},"product_brand":[],"product_cat":[3355],"product_tag":[4423],"class_list":{"0":"post-155407","1":"product","2":"type-product","3":"status-publish","4":"has-post-thumbnail","6":"product_cat-elslutbleck","7":"product_tag-rg-step","8":"product_shipping_class-tunga-paket","9":"pa_brands-step","10":"tm-no-options","12":"first","13":"instock","14":"sale","15":"taxable","16":"shipping-taxable","17":"purchasable","18":"product-type-simple"},"acf":[],"_links":{"self":[{"href":"https:\/\/secureus.se\/es\/wp-json\/wp\/v2\/product\/155407","targetHints":{"allow":["GET"]}}],"collection":[{"href":"https:\/\/secureus.se\/es\/wp-json\/wp\/v2\/product"}],"about":[{"href":"https:\/\/secureus.se\/es\/wp-json\/wp\/v2\/types\/product"}],"wp:featuredmedia":[{"embeddable":true,"href":"https:\/\/secureus.se\/es\/wp-json\/wp\/v2\/media\/155668"}],"wp:attachment":[{"href":"https:\/\/secureus.se\/es\/wp-json\/wp\/v2\/media?parent=155407"}],"wp:term":[{"taxonomy":"product_brand","embeddable":true,"href":"https:\/\/secureus.se\/es\/wp-json\/wp\/v2\/product_brand?post=155407"},{"taxonomy":"product_cat","embeddable":true,"href":"https:\/\/secureus.se\/es\/wp-json\/wp\/v2\/product_cat?post=155407"},{"taxonomy":"product_tag","embeddable":true,"href":"https:\/\/secureus.se\/es\/wp-json\/wp\/v2\/product_tag?post=155407"}],"curies":[{"name":"wp","href":"https:\/\/api.w.org\/{rel}","templated":true}]}}