{"id":155452,"date":"2025-08-25T13:21:20","date_gmt":"2025-08-25T11:21:20","guid":{"rendered":"https:\/\/secureus.se\/?post_type=product&#038;p=155452"},"modified":"2026-04-09T13:45:15","modified_gmt":"2026-04-09T11:45:15","slug":"ajax-keypad-touchscreen-manoverpanel-vit-inbyggd-rfid-lasare","status":"publish","type":"product","link":"https:\/\/secureus.se\/es\/ajax-keypad-touchscreen-manoverpanel-vit-inbyggd-rfid-lasare\/","title":{"rendered":"Panel de control con pantalla t\u00e1ctil Ajax KeyPad - Blanco - Lector RFID integrado"},"content":{"rendered":"<h3>El Ajax KeyPad TouchScreen Control Panel White es un panel de control intuitivo y potente dise\u00f1ado para dar un control completo sobre su sistema de alarma Ajax.<\/h3>\n<p>Equipado con una pantalla t\u00e1ctil IPS de 5 pulgadas y un lector RFID incorporado, ofrece facilidad de uso y seguridad en un dise\u00f1o compacto.<\/p>\n<p>El modelo de color blanco se adapta perfectamente a los hogares y negocios modernos y proporciona a los usuarios una interfaz f\u00e1cil de usar para monitorear y controlar la seguridad.<\/p>\n<p><strong>Tecnolog\u00eda avanzada para f\u00e1cil acceso y seguridad<\/strong><br \/>\nCon Ajax KeyPad TouchScreen puedes interactuar con tu sistema de alarma de forma segura y sencilla, gracias al soporte para m\u00faltiples m\u00e9todos de autenticaci\u00f3n: mediante c\u00f3digo, tarjetas de seguridad RFID o llaveros (Pass and Tag), o un tel\u00e9fono inteligente a trav\u00e9s de Bluetooth Low Energy (BLE).<\/p>\n<p>El lector RFID incorporado hace que sea a\u00fan m\u00e1s f\u00e1cil armar y desarmar el sistema, minimizando el riesgo de acceso no autorizado.<\/p>\n<p><strong>Caracter\u00edsticas que mejoran la experiencia del usuario<\/strong><br \/>\nLa pantalla de alta resoluci\u00f3n de 5 pulgadas y el ajuste autom\u00e1tico del brillo facilitan su uso tanto de d\u00eda como de noche.<\/p>\n<p>Con una interfaz f\u00e1cil de usar, puede obtener r\u00e1pidamente una descripci\u00f3n general del estado del sistema, la informaci\u00f3n de la zona y el armado.<\/p>\n<p>Todos los mensajes sobre alarmas, aver\u00edas y aperturas de puertas se muestran claramente en la pantalla, lo que facilita el seguimiento del estado del sistema en tiempo real.<\/p>\n<p><strong>Comunicaci\u00f3n segura y flexible<\/strong><br \/>\nEl teclado t\u00e1ctil Ajax KeyPad utiliza protocolos de radio Jeweller y Wings para una comunicaci\u00f3n confiable y tiene un alcance inal\u00e1mbrico de hasta 1.700 metros.<\/p>\n<p>Esto hace que la instalaci\u00f3n sea f\u00e1cil y flexible, al tiempo que proporciona una comunicaci\u00f3n segura entre el panel y el concentrador Ajax.<\/p>\n<p>Tambi\u00e9n es posible configurar el panel para reproducir notificaciones de audio cuando se abren puertas, se producen retrasos y cuando se activa una alarma.<\/p>\n<p><strong>Bater\u00eda de larga duraci\u00f3n y bajo mantenimiento<\/strong><br \/>\nCon bater\u00edas preinstaladas, el Ajax KeyPad TouchScreen proporciona hasta 1,5 a\u00f1os de funcionamiento sin necesidad de ser reemplazado.<\/p>\n<p>Cuando el nivel de bater\u00eda es bajo, el usuario recibe una notificaci\u00f3n a trav\u00e9s de la aplicaci\u00f3n Ajax, para que pueda reemplazar las bater\u00edas con suficiente antelaci\u00f3n antes de que se agoten.<\/p>\n<p><strong>Caracter\u00edsticas de seguridad y f\u00e1cil instalaci\u00f3n<\/strong><br \/>\nEl KeyPad TouchScreen est\u00e1 equipado con un bot\u00f3n de p\u00e1nico para emergencias y una alarma antimanipulaci\u00f3n que advierte si alguien intenta quitar el panel de la pared.<\/p>\n<p>El panel se bloquea despu\u00e9s de m\u00faltiples ingresos de c\u00f3digo incorrectos para evitar que se adivine el c\u00f3digo y todos los datos se cifran para protegerlos contra el acceso no autorizado.<\/p>\n<p>La instalaci\u00f3n y el emparejamiento se realizan r\u00e1pidamente a trav\u00e9s del c\u00f3digo QR en la aplicaci\u00f3n Ajax, y el sistema se puede configurar f\u00e1cilmente sin necesidad de conocimientos t\u00e9cnicos avanzados.<\/p>\n<p><strong>Especificaciones t\u00e9cnicas<\/strong>:<\/p>\n<ul>\n<li><strong>Pantalla<\/strong>: Pantalla t\u00e1ctil IPS de 5 pulgadas con resoluci\u00f3n de 480 \u00d7 854 p\u00edxeles<\/li>\n<li><strong>Conexi\u00f3n<\/strong>: Inal\u00e1mbrico (protocolos Jeweler y Wings)<\/li>\n<li><strong>Duraci\u00f3n de la bater\u00eda<\/strong>:Hasta 1,5 a\u00f1os con bater\u00edas preinstaladas<\/li>\n<li><strong>Alcance inal\u00e1mbrico<\/strong>:Hasta 1.700 metros<\/li>\n<li><strong>M\u00e9todos de comunicaci\u00f3n<\/strong>:Etiquetas RFID, c\u00f3digo, smartphone v\u00eda BLE<\/li>\n<li><strong>Caracter\u00edsticas de seguridad<\/strong>: Bot\u00f3n de p\u00e1nico, alarma antimanipulaci\u00f3n, protecci\u00f3n contra adivinaci\u00f3n de c\u00f3digo<\/li>\n<li><strong>Autenticaci\u00f3n<\/strong>: Smartphone, tarjetas de seguridad y llaveros (Pass and Tag), c\u00f3digo<\/li>\n<li><strong>Notificaciones de sonido<\/strong>:Retroalimentaci\u00f3n de audio autom\u00e1tica sobre alarmas, aperturas de puertas y retrasos<\/li>\n<li><strong>Compatibilidad<\/strong>: Hub 2 (2G), Hub 2 (4G), Hub 2 Plus, Hub H\u00edbrido (2G), Hub H\u00edbrido (4G), ReX 2<\/li>\n<li><strong>Rango de temperatura<\/strong>: 0\u00b0C a +50\u00b0C<\/li>\n<li><strong>Clase de IP<\/strong>:IP20<\/li>\n<\/ul>\n<p><strong>El paquete contiene<\/strong>:<\/p>\n<ul>\n<li>1 panel de control t\u00e1ctil con teclado Ajax blanco<\/li>\n<li>Kit de montaje<\/li>\n<li>Gu\u00eda de inicio r\u00e1pido<\/li>\n<\/ul>\n<p>Ajax KeyPad TouchScreen es m\u00e1s que un simple panel de control: es una soluci\u00f3n confiable, segura y f\u00e1cil de usar para controlar su sistema de alarma Ajax.<\/p>\n<p>Con tecnolog\u00eda avanzada, instalaci\u00f3n flexible, bater\u00eda de larga duraci\u00f3n y comunicaci\u00f3n segura, es el dispositivo perfecto para proteger su hogar o negocio.<\/p>\n<p><iframe src=\"https:\/\/www.youtube.com\/embed\/VN6aPF8a3Gc\" width=\"600\" height=\"338\" frameborder=\"0\" allowfullscreen=\"allowfullscreen\"><\/iframe><\/p>\n<h3 style=\"text-align: center\"><strong>Tel\u00e9fono inteligente<\/strong><\/h3>\n<p style=\"text-align: center\">KeyPad Touchscreen ofrece varias formas de identificar a los usuarios, incluido el tel\u00e9fono m\u00f3vil, la tecnolog\u00eda BLE (Bluetooth Low Energy) que permite el uso de tel\u00e9fonos inteligentes como reemplazo de tarjetas o llaveros. El dispositivo es compatible con tel\u00e9fonos inteligentes Android e iOS con BLE 4.2 y superior.<\/p>\n<h3 style=\"text-align: center\"><strong>Tarjeta de acceso y etiqueta\/llavero RFID<\/strong><\/h3>\n<p>Adem\u00e1s del tel\u00e9fono m\u00f3vil y BLE, los usuarios tambi\u00e9n pueden usar etiquetas y pases para controlar la alarma. Los administradores tienen la capacidad de asignar o eliminar f\u00e1cilmente derechos para cada pase o etiqueta individual.<\/p>\n<h3 style=\"text-align: center\"><strong>C\u00f3digo<\/strong><\/h3>\n<p style=\"text-align: center\">KeyPad TouchScreen admite diferentes tipos de c\u00f3digos, incluido el c\u00f3digo de teclado general (uno por teclado), el c\u00f3digo personal (individual para cada usuario) y el c\u00f3digo temporal para una persona no registrada.<\/p>","protected":false},"excerpt":{"rendered":"<p>Ajax KeyPad TouchScreen es un panel de control avanzado con una pantalla t\u00e1ctil IPS de 5 pulgadas y un lector RFID incorporado, lo que facilita el control y el monitoreo de su sistema de seguridad Ajax.<\/p>\n<p>Ofrece acceso seguro con c\u00f3digo, tel\u00e9fono m\u00f3vil o etiquetas y puede configurarse para adaptarse tanto a hogares como a empresas.<\/p>","protected":false},"featured_media":155454,"template":"","meta":{"_acf_changed":false},"product_brand":[],"product_cat":[3164],"product_tag":[3127,4863],"class_list":{"0":"post-155452","1":"product","2":"type-product","3":"status-publish","4":"has-post-thumbnail","6":"product_cat-larmstyrning","7":"product_tag-kontrollprodukt","8":"product_tag-pf","9":"product_shipping_class-tunga-paket","10":"pa_brands-ajax-systems","11":"pa_farg-svart","12":"tm-no-options","14":"first","15":"instock","16":"sale","17":"featured","18":"taxable","19":"shipping-taxable","20":"purchasable","21":"product-type-simple"},"acf":[],"_links":{"self":[{"href":"https:\/\/secureus.se\/es\/wp-json\/wp\/v2\/product\/155452","targetHints":{"allow":["GET"]}}],"collection":[{"href":"https:\/\/secureus.se\/es\/wp-json\/wp\/v2\/product"}],"about":[{"href":"https:\/\/secureus.se\/es\/wp-json\/wp\/v2\/types\/product"}],"wp:featuredmedia":[{"embeddable":true,"href":"https:\/\/secureus.se\/es\/wp-json\/wp\/v2\/media\/155454"}],"wp:attachment":[{"href":"https:\/\/secureus.se\/es\/wp-json\/wp\/v2\/media?parent=155452"}],"wp:term":[{"taxonomy":"product_brand","embeddable":true,"href":"https:\/\/secureus.se\/es\/wp-json\/wp\/v2\/product_brand?post=155452"},{"taxonomy":"product_cat","embeddable":true,"href":"https:\/\/secureus.se\/es\/wp-json\/wp\/v2\/product_cat?post=155452"},{"taxonomy":"product_tag","embeddable":true,"href":"https:\/\/secureus.se\/es\/wp-json\/wp\/v2\/product_tag?post=155452"}],"curies":[{"name":"wp","href":"https:\/\/api.w.org\/{rel}","templated":true}]}}