{"id":155664,"date":"2025-08-29T12:38:24","date_gmt":"2025-08-29T10:38:24","guid":{"rendered":"https:\/\/secureus.se\/ateco-rokdetektor-optisk-sm-rd-2\/"},"modified":"2025-09-15T13:45:33","modified_gmt":"2025-09-15T11:45:33","slug":"ateco-rokdetektor-optisk-sm-rd-2","status":"publish","type":"product","link":"https:\/\/secureus.se\/es\/ateco-rokdetektor-optisk-sm-rd-2\/","title":{"rendered":"DETECTOR DE HUMOS \u00d3PTICO SM-RD de Ateco"},"content":{"rendered":"<p>Optisk r\u00f6kdetektor f\u00f6r konventionella system. Godk\u00e4nd enligt EN54-7. Anv\u00e4nds i utrymmen med maximal takh\u00f6jd 20 m. \u00d6vervakad yta 100 kvm. Indikering via ljusledare i larml\u00e4ge. Passar som kompletterande r\u00f6kdetektor till brandd\u00f6rrst\u00e4ngningspaketet BDC-1A. Tekniska data: Sp\u00e4nningsmatning: 9 VDC. Str\u00f6mf\u00f6rbrukning: 50 uA. IP-klass: IP30. M\u00e5tt HxDiameter: 42&#215;102 mm. F\u00e4rg: vit.<\/p>","protected":false},"excerpt":{"rendered":"<p>Optisk r\u00f6kdetektor f\u00f6r konventionella system. Godk\u00e4nd enligt EN54-7. Anv\u00e4nds i utrymmen med maximal takh\u00f6jd 20 m. \u00d6vervakad yta 100 kvm. Indikering via ljusledare i larml\u00e4ge. Passar som kompletterande r\u00f6kdetektor till<\/p>","protected":false},"featured_media":155662,"template":"","meta":{"_acf_changed":false},"product_brand":[],"product_cat":[3373],"product_tag":[],"class_list":{"0":"post-155664","1":"product","2":"type-product","3":"status-publish","4":"has-post-thumbnail","6":"product_cat-rokdetektorer","7":"pa_brands-ateco","8":"tm-no-options","10":"first","11":"instock","12":"sale","13":"taxable","14":"shipping-taxable","15":"purchasable","16":"product-type-simple"},"acf":[],"_links":{"self":[{"href":"https:\/\/secureus.se\/es\/wp-json\/wp\/v2\/product\/155664","targetHints":{"allow":["GET"]}}],"collection":[{"href":"https:\/\/secureus.se\/es\/wp-json\/wp\/v2\/product"}],"about":[{"href":"https:\/\/secureus.se\/es\/wp-json\/wp\/v2\/types\/product"}],"wp:featuredmedia":[{"embeddable":true,"href":"https:\/\/secureus.se\/es\/wp-json\/wp\/v2\/media\/155662"}],"wp:attachment":[{"href":"https:\/\/secureus.se\/es\/wp-json\/wp\/v2\/media?parent=155664"}],"wp:term":[{"taxonomy":"product_brand","embeddable":true,"href":"https:\/\/secureus.se\/es\/wp-json\/wp\/v2\/product_brand?post=155664"},{"taxonomy":"product_cat","embeddable":true,"href":"https:\/\/secureus.se\/es\/wp-json\/wp\/v2\/product_cat?post=155664"},{"taxonomy":"product_tag","embeddable":true,"href":"https:\/\/secureus.se\/es\/wp-json\/wp\/v2\/product_tag?post=155664"}],"curies":[{"name":"wp","href":"https:\/\/api.w.org\/{rel}","templated":true}]}}