{"id":155746,"date":"2025-09-01T12:48:47","date_gmt":"2025-09-01T10:48:47","guid":{"rendered":"https:\/\/secureus.se\/monteringsstolpe-741\/"},"modified":"2026-03-25T15:29:26","modified_gmt":"2026-03-25T14:29:26","slug":"monteringsstolpe-741","status":"publish","type":"product","link":"https:\/\/secureus.se\/es\/monteringsstolpe-741\/","title":{"rendered":"Poste de montaje 741"},"content":{"rendered":"<div>\n<div>\n<div>\n<div><\/div>\n<div>Poste de montaje de acero inoxidable para cerraderos el\u00e9ctricos est\u00e1ndar, especialmente dise\u00f1ado para el sistema de perfiles SapaFront. Se utiliza para adaptar la fijaci\u00f3n de los cerraderos el\u00e9ctricos a los huecos est\u00e1ndar de Sapa.<b>. <\/b><\/div>\n<\/div>\n<div><b><br \/><\/b><\/div>\n<div><b>Caracter\u00edsticas:\u00a0\u00a0<\/b><\/div>\n<div>\n<ul>\n<li>Cuando se utilizan cerraduras de perfil estrecho junto con postes SapaFront, las cerraduras deben equiparse con un poste de 22 mm.\u00a0\u00a0<\/li>\n<li>Se adapta al sistema de construcci\u00f3n SapaFront 2071 desde el exterior.<\/li>\n<li>Destinado a marcos de aluminio. <\/li>\n<\/ul>\n<\/div>\n<div><b>\u00a0<\/b><\/div>\n<div><b>Adecuado para:\u00a0<\/b><\/div>\n<div>Cerraderos el\u00e9ctricos ASSA ABLOY de las series est\u00e1ndar: 70, 570, 71, 571, 75, 575, 585<\/div>\n<\/div>\n<\/div>\n<div>\n<\/p>\n<\/div>","protected":false},"excerpt":{"rendered":"<p>Monteringsstolpe i rostfritt st\u00e5l f\u00f6r standard elslutbleck, speciellt framtagna f\u00f6r SapaFront profilsystem. Anv\u00e4nds f\u00f6r att anpassa inf\u00e4stning av elslutbleck till Sapa standardurtag. Egenskaper:\u00a0\u00a0 D\u00e5 smalprofill\u00e5s anv\u00e4nds tillsammans med SapaFront stolpar,<\/p>","protected":false},"featured_media":155744,"template":"","meta":{"_acf_changed":false},"product_brand":[],"product_cat":[4735],"product_tag":[],"class_list":{"0":"post-155746","1":"product","2":"type-product","3":"status-publish","4":"has-post-thumbnail","6":"product_cat-monteringsstolpe","7":"product_shipping_class-postnord-varubrev","8":"pa_brands-abloy","9":"tm-no-options","11":"first","12":"onbackorder","13":"sale","14":"taxable","15":"shipping-taxable","16":"purchasable","17":"product-type-simple"},"acf":[],"_links":{"self":[{"href":"https:\/\/secureus.se\/es\/wp-json\/wp\/v2\/product\/155746","targetHints":{"allow":["GET"]}}],"collection":[{"href":"https:\/\/secureus.se\/es\/wp-json\/wp\/v2\/product"}],"about":[{"href":"https:\/\/secureus.se\/es\/wp-json\/wp\/v2\/types\/product"}],"wp:featuredmedia":[{"embeddable":true,"href":"https:\/\/secureus.se\/es\/wp-json\/wp\/v2\/media\/155744"}],"wp:attachment":[{"href":"https:\/\/secureus.se\/es\/wp-json\/wp\/v2\/media?parent=155746"}],"wp:term":[{"taxonomy":"product_brand","embeddable":true,"href":"https:\/\/secureus.se\/es\/wp-json\/wp\/v2\/product_brand?post=155746"},{"taxonomy":"product_cat","embeddable":true,"href":"https:\/\/secureus.se\/es\/wp-json\/wp\/v2\/product_cat?post=155746"},{"taxonomy":"product_tag","embeddable":true,"href":"https:\/\/secureus.se\/es\/wp-json\/wp\/v2\/product_tag?post=155746"}],"curies":[{"name":"wp","href":"https:\/\/api.w.org\/{rel}","templated":true}]}}