{"id":155771,"date":"2025-09-01T12:48:48","date_gmt":"2025-09-01T10:48:48","guid":{"rendered":"https:\/\/secureus.se\/monteringsstolpe-731-17\/"},"modified":"2025-09-25T09:14:06","modified_gmt":"2025-09-25T07:14:06","slug":"monteringsstolpe-731-17","status":"publish","type":"product","link":"https:\/\/secureus.se\/es\/monteringsstolpe-731-17\/","title":{"rendered":"Poste de montaje 731-17"},"content":{"rendered":"<div>\n<div>\n<div>\u00a0<\/div>\n<div>\n<p>Poste de fijaci\u00f3n de acero, para cerraderos el\u00e9ctricos est\u00e1ndar de la serie Solid. Permite adaptar la fijaci\u00f3n y las caracter\u00edsticas a la aplicaci\u00f3n actual y al entorno de la puerta. <br \/><b><br \/><\/b><b>Caracter\u00edsticas:\u00a0<\/b><br \/>Para marcos de madera, acero o aluminio.\u00a0<br \/>Cierres dobles con enclavamiento.\u00a0<br \/>Tama\u00f1o de la lengua: 17 mm.\u00a0<\/p>\n<p><b>Adecuado para:<\/b>\u00a0\u00a0<br \/>Cerraderos el\u00e9ctricos ASSA ABLOY de las series est\u00e1ndar: 70, 570, 71, 571, 75, 575, 585<\/p>\n<\/div>\n<\/div>\n<\/div>\n<div>\n<\/p>\n<\/div>","protected":false},"excerpt":{"rendered":"<p>\u00a0 Monteringsstolpe i st\u00e5l, f\u00f6r standard elslutbleck i Solid-serien. Anv\u00e4nds f\u00f6r att anpassa inf\u00e4stning och egenskaper till den aktuella applikationen och d\u00f6rrmilj\u00f6n. Egenskaper:\u00a0F\u00f6r tr\u00e4-, st\u00e5l- eller aluminiumkarmar.\u00a0F\u00f6rreglade dubbelfall\u00e5s.\u00a0Pl\u00f6sm\u00e5tt: 17 mm.\u00a0<\/p>","protected":false},"featured_media":155770,"template":"","meta":{"_acf_changed":false},"product_brand":[],"product_cat":[4735],"product_tag":[],"class_list":{"0":"post-155771","1":"product","2":"type-product","3":"status-publish","4":"has-post-thumbnail","6":"product_cat-monteringsstolpe","7":"product_shipping_class-postnord-varubrev","8":"pa_brands-abloy","9":"tm-no-options","11":"first","12":"outofstock","13":"sale","14":"taxable","15":"shipping-taxable","16":"purchasable","17":"product-type-simple"},"acf":[],"_links":{"self":[{"href":"https:\/\/secureus.se\/es\/wp-json\/wp\/v2\/product\/155771","targetHints":{"allow":["GET"]}}],"collection":[{"href":"https:\/\/secureus.se\/es\/wp-json\/wp\/v2\/product"}],"about":[{"href":"https:\/\/secureus.se\/es\/wp-json\/wp\/v2\/types\/product"}],"wp:featuredmedia":[{"embeddable":true,"href":"https:\/\/secureus.se\/es\/wp-json\/wp\/v2\/media\/155770"}],"wp:attachment":[{"href":"https:\/\/secureus.se\/es\/wp-json\/wp\/v2\/media?parent=155771"}],"wp:term":[{"taxonomy":"product_brand","embeddable":true,"href":"https:\/\/secureus.se\/es\/wp-json\/wp\/v2\/product_brand?post=155771"},{"taxonomy":"product_cat","embeddable":true,"href":"https:\/\/secureus.se\/es\/wp-json\/wp\/v2\/product_cat?post=155771"},{"taxonomy":"product_tag","embeddable":true,"href":"https:\/\/secureus.se\/es\/wp-json\/wp\/v2\/product_tag?post=155771"}],"curies":[{"name":"wp","href":"https:\/\/api.w.org\/{rel}","templated":true}]}}