{"id":155873,"date":"2025-09-03T09:08:45","date_gmt":"2025-09-03T07:08:45","guid":{"rendered":"https:\/\/secureus.se\/monteringsstolpe-511t\/"},"modified":"2026-04-23T11:23:27","modified_gmt":"2026-04-23T09:23:27","slug":"monteringsstolpe-511t","status":"publish","type":"product","link":"https:\/\/secureus.se\/es\/monteringsstolpe-511t\/","title":{"rendered":"Poste de montaje 511T"},"content":{"rendered":"<div>\n<div>\n<div><\/div>\n<div>Poste de fijaci\u00f3n de acero, para cerraderos el\u00e9ctricos simples de la serie Solid. Sirve para adaptar la fijaci\u00f3n y las caracter\u00edsticas a la aplicaci\u00f3n actual y al entorno de la puerta.<\/div>\n<div><\/div>\n<div>\n<p><b>Caracter\u00edsticas:\u00a0<\/b><\/p>\n<ul>\n<li>Para marcos de madera, acero o aluminio.<\/li>\n<li>Cierres dobles con enclavamiento.<\/li>\n<li>Tama\u00f1o de la lengua: 15 mm.<\/li>\n<li>Esquinas redondeadas.<\/li>\n<\/ul>\n<\/div>\n<\/div>\n<div><\/div>\n<\/div>\n<div><b>Adecuado para:\u00a0<\/b><br \/>\nCerraderos el\u00e9ctricos ASSA ABLOY serie \u00fanica: 14, 114, 514, 5114<\/div>\n<div><\/div>","protected":false},"excerpt":{"rendered":"<p>Monteringsstolpe i st\u00e5l, f\u00f6r enkla elslutbleck i Solid-serien. Anv\u00e4nds f\u00f6r att anpassa inf\u00e4stning och egenskaper till den aktuella applikationen och d\u00f6rrmilj\u00f6n. Egenskaper:\u00a0 F\u00f6r tr\u00e4-, st\u00e5l- eller aluminiumkarmar. F\u00f6rreglade dubbelfall\u00e5s. Pl\u00f6sm\u00e5tt:<\/p>","protected":false},"featured_media":155872,"template":"","meta":{"_acf_changed":false},"product_brand":[],"product_cat":[4735],"product_tag":[],"class_list":{"0":"post-155873","1":"product","2":"type-product","3":"status-publish","4":"has-post-thumbnail","6":"product_cat-monteringsstolpe","7":"product_shipping_class-postnord-varubrev","8":"pa_brands-abloy","9":"tm-no-options","11":"first","12":"onbackorder","13":"taxable","14":"shipping-taxable","15":"purchasable","16":"product-type-simple"},"acf":[],"_links":{"self":[{"href":"https:\/\/secureus.se\/es\/wp-json\/wp\/v2\/product\/155873","targetHints":{"allow":["GET"]}}],"collection":[{"href":"https:\/\/secureus.se\/es\/wp-json\/wp\/v2\/product"}],"about":[{"href":"https:\/\/secureus.se\/es\/wp-json\/wp\/v2\/types\/product"}],"wp:featuredmedia":[{"embeddable":true,"href":"https:\/\/secureus.se\/es\/wp-json\/wp\/v2\/media\/155872"}],"wp:attachment":[{"href":"https:\/\/secureus.se\/es\/wp-json\/wp\/v2\/media?parent=155873"}],"wp:term":[{"taxonomy":"product_brand","embeddable":true,"href":"https:\/\/secureus.se\/es\/wp-json\/wp\/v2\/product_brand?post=155873"},{"taxonomy":"product_cat","embeddable":true,"href":"https:\/\/secureus.se\/es\/wp-json\/wp\/v2\/product_cat?post=155873"},{"taxonomy":"product_tag","embeddable":true,"href":"https:\/\/secureus.se\/es\/wp-json\/wp\/v2\/product_tag?post=155873"}],"curies":[{"name":"wp","href":"https:\/\/api.w.org\/{rel}","templated":true}]}}