{"id":155879,"date":"2025-09-03T09:08:46","date_gmt":"2025-09-03T07:08:46","guid":{"rendered":"https:\/\/secureus.se\/monteringsstolpe-507-23\/"},"modified":"2026-03-25T15:28:23","modified_gmt":"2026-03-25T14:28:23","slug":"monteringsstolpe-507-23","status":"publish","type":"product","link":"https:\/\/secureus.se\/es\/monteringsstolpe-507-23\/","title":{"rendered":"Poste de montaje 507-23"},"content":{"rendered":"<div>\n<div>\n<div>\n<div><\/div>\n<div>Poste de fijaci\u00f3n de acero, para cerraderos el\u00e9ctricos simples de la serie Solid. Sirve para adaptar la fijaci\u00f3n y las caracter\u00edsticas a la aplicaci\u00f3n actual y al entorno de la puerta. <b><\/b><\/div>\n<div><b>\u00a0<\/b><\/div>\n<div><b>Caracter\u00edsticas:\u00a0\u00a0<\/b><\/div>\n<div>\n<ul>\n<li>Para marcos de madera, acero o aluminio.<\/li>\n<li>Cerradura de un solo pestillo sin enclavamiento.<\/li>\n<li>Tama\u00f1o de la lengua: 23 mm.<b><\/b><\/li>\n<\/ul>\n<\/div>\n<div><b>\u00a0<\/b><\/div>\n<div><b>Adecuado para:\u00a0\u00a0<\/b><\/div>\n<div>Cerraderos el\u00e9ctricos ASSA ABLOY serie \u00fanica: 14, 114, 514, 5114<\/div>\n<\/div>\n<\/div>\n<\/div>\n<div><\/div>","protected":false},"excerpt":{"rendered":"<p>Monteringsstolpe i st\u00e5l, f\u00f6r enkla elslutbleck i Solid-serien. Anv\u00e4nds f\u00f6r att anpassa inf\u00e4stning och egenskaper till den aktuella applikationen och d\u00f6rrmilj\u00f6n. \u00a0 Egenskaper:\u00a0\u00a0 F\u00f6r tr\u00e4-, st\u00e5l- eller aluminiumkarmar. Enkelfall\u00e5s utan<\/p>","protected":false},"featured_media":155878,"template":"","meta":{"_acf_changed":false},"product_brand":[],"product_cat":[4735],"product_tag":[],"class_list":{"0":"post-155879","1":"product","2":"type-product","3":"status-publish","4":"has-post-thumbnail","6":"product_cat-monteringsstolpe","7":"product_shipping_class-postnord-varubrev","8":"pa_brands-abloy","9":"tm-no-options","11":"first","12":"onbackorder","13":"sale","14":"taxable","15":"shipping-taxable","16":"purchasable","17":"product-type-simple"},"acf":[],"_links":{"self":[{"href":"https:\/\/secureus.se\/es\/wp-json\/wp\/v2\/product\/155879","targetHints":{"allow":["GET"]}}],"collection":[{"href":"https:\/\/secureus.se\/es\/wp-json\/wp\/v2\/product"}],"about":[{"href":"https:\/\/secureus.se\/es\/wp-json\/wp\/v2\/types\/product"}],"wp:featuredmedia":[{"embeddable":true,"href":"https:\/\/secureus.se\/es\/wp-json\/wp\/v2\/media\/155878"}],"wp:attachment":[{"href":"https:\/\/secureus.se\/es\/wp-json\/wp\/v2\/media?parent=155879"}],"wp:term":[{"taxonomy":"product_brand","embeddable":true,"href":"https:\/\/secureus.se\/es\/wp-json\/wp\/v2\/product_brand?post=155879"},{"taxonomy":"product_cat","embeddable":true,"href":"https:\/\/secureus.se\/es\/wp-json\/wp\/v2\/product_cat?post=155879"},{"taxonomy":"product_tag","embeddable":true,"href":"https:\/\/secureus.se\/es\/wp-json\/wp\/v2\/product_tag?post=155879"}],"curies":[{"name":"wp","href":"https:\/\/api.w.org\/{rel}","templated":true}]}}