{"id":155895,"date":"2025-09-03T09:29:35","date_gmt":"2025-09-03T07:29:35","guid":{"rendered":"https:\/\/secureus.se\/monteringsstolpe-975-wm\/"},"modified":"2026-04-08T15:06:48","modified_gmt":"2026-04-08T13:06:48","slug":"monteringsstolpe-975-wm","status":"publish","type":"product","link":"https:\/\/secureus.se\/es\/monteringsstolpe-975-wm\/","title":{"rendered":"Poste de montaje 975-WM"},"content":{"rendered":"<p>ASSA ABLOY 975-WM es un poste de montaje plano de acero inoxidable, adaptado para Wicona 75\/Modul. Se adapta a los cerraderos est\u00e1ndar de Assa de la serie 900 junto con las cajas de cerraduras con ca\u00edda simple o doble. Se utiliza para adaptar el cerradero el\u00e9ctrico al hueco est\u00e1ndar de Wicona.<\/p>\n<div><\/div>\n<div><b>Caracter\u00edsticas:<\/b><\/div>\n<div>\n<ul>\n<li>Sim\u00e9trico<\/li>\n<li>Anchura: 50 mm<\/li>\n<li>Altura: 245 mm<\/li>\n<li>Tama\u00f1o del pliegue: 16,5 mm<\/li>\n<li>Se adapta al sistema de perfiles Wicona 75\/M\u00f3dulo<\/li>\n<\/ul>\n<\/div>\n<div><\/div>\n<div><b>Se adapta a los cerraderos el\u00e9ctricos ASSA ABLOY serie 900:<\/b><\/div>\n<div>\n<ul>\n<li>905, 905M<\/li>\n<li>910, 910M<\/li>\n<li>911, 911M<\/li>\n<li>920, 920M, 920C<\/li>\n<li>940M<\/li>\n<li>941M<\/li>\n<li>960M, 960C<\/li>\n<li>961M, 961C<\/li>\n<li>990M<\/li>\n<li>991M<\/li>\n<\/ul>\n<\/div>","protected":false},"excerpt":{"rendered":"<p>ASSA ABLOY 975-WM \u00e4r en plan monteringsstolpe i rostfritt st\u00e5l, anpassad f\u00f6r Wicona 75\/Modul. Passar till Assas standard slutbleck i 900-serien tillsammans med l\u00e5shus med enkelfall eller dubbelfall. Anv\u00e4nds f\u00f6r<\/p>","protected":false},"featured_media":155894,"template":"","meta":{"_acf_changed":false},"product_brand":[],"product_cat":[4735],"product_tag":[],"class_list":{"0":"post-155895","1":"product","2":"type-product","3":"status-publish","4":"has-post-thumbnail","6":"product_cat-monteringsstolpe","7":"product_shipping_class-postnord-varubrev","8":"pa_brands-abloy","9":"tm-no-options","11":"first","12":"onbackorder","13":"sale","14":"taxable","15":"shipping-taxable","16":"purchasable","17":"product-type-simple"},"acf":[],"_links":{"self":[{"href":"https:\/\/secureus.se\/es\/wp-json\/wp\/v2\/product\/155895","targetHints":{"allow":["GET"]}}],"collection":[{"href":"https:\/\/secureus.se\/es\/wp-json\/wp\/v2\/product"}],"about":[{"href":"https:\/\/secureus.se\/es\/wp-json\/wp\/v2\/types\/product"}],"wp:featuredmedia":[{"embeddable":true,"href":"https:\/\/secureus.se\/es\/wp-json\/wp\/v2\/media\/155894"}],"wp:attachment":[{"href":"https:\/\/secureus.se\/es\/wp-json\/wp\/v2\/media?parent=155895"}],"wp:term":[{"taxonomy":"product_brand","embeddable":true,"href":"https:\/\/secureus.se\/es\/wp-json\/wp\/v2\/product_brand?post=155895"},{"taxonomy":"product_cat","embeddable":true,"href":"https:\/\/secureus.se\/es\/wp-json\/wp\/v2\/product_cat?post=155895"},{"taxonomy":"product_tag","embeddable":true,"href":"https:\/\/secureus.se\/es\/wp-json\/wp\/v2\/product_tag?post=155895"}],"curies":[{"name":"wp","href":"https:\/\/api.w.org\/{rel}","templated":true}]}}