{"id":155903,"date":"2025-09-03T09:29:40","date_gmt":"2025-09-03T07:29:40","guid":{"rendered":"https:\/\/secureus.se\/monteringsstolpe-932t\/"},"modified":"2026-04-23T11:20:42","modified_gmt":"2026-04-23T09:20:42","slug":"monteringsstolpe-932t","status":"publish","type":"product","link":"https:\/\/secureus.se\/es\/monteringsstolpe-932t\/","title":{"rendered":"Poste de montaje 932T"},"content":{"rendered":"<p>ASSA ABLOY 932T es un poste de montaje angular con esquinas redondeadas de acero inoxidable para marcos de madera. Compatible con las placas de cierre est\u00e1ndar de la serie 900 de Assa y con carcasas de cerradura de uno o dos pestillos.<\/p>\n<div><b><br \/>Caracter\u00edsticas:\u00a0<\/b><\/div>\n<div>\n<ul>\n<li>Sim\u00e9trico<\/li>\n<li>Ancho: 40 mm<\/li>\n<li>Altura: 245 mm<\/li>\n<li>Tama\u00f1o de la costura: 15 mm<\/li>\n<li>Profundidad del \u00e1ngulo: 15 mm<\/li>\n<li>Esquinas redondeadas\u00a0<\/li>\n<li>Para marcos de madera\u00a0<\/li>\n<\/ul>\n<\/div>\n<div><b><br \/>Se adapta a los cerraderos el\u00e9ctricos ASSA ABLOY serie 900:<\/b><\/div>\n<div>\n<ul>\n<li>905, 905M<\/li>\n<li>910, 910M<\/li>\n<li>911, 911M<\/li>\n<li>920, 920M, 920C<\/li>\n<li>940M<\/li>\n<li>941M<\/li>\n<li>960M, 960C<\/li>\n<li>961M, 961C<\/li>\n<li>990M<\/li>\n<li>991M<\/li>\n<\/ul>\n<\/div>","protected":false},"excerpt":{"rendered":"<p>ASSA ABLOY 932T \u00e4r en vinklad monteringsstolpe med runda h\u00f6rn i rostfritt st\u00e5l, f\u00f6r tr\u00e4karmar. Passar till Assas standard slutbleck i 900-serien tillsammans med l\u00e5shus med enkelfall eller dubbelfall. Egenskaper:\u00a0<\/p>","protected":false},"featured_media":155902,"template":"","meta":{"_acf_changed":false},"product_brand":[],"product_cat":[4735],"product_tag":[],"class_list":{"0":"post-155903","1":"product","2":"type-product","3":"status-publish","4":"has-post-thumbnail","6":"product_cat-monteringsstolpe","7":"product_shipping_class-postnord-varubrev","8":"pa_brands-abloy","9":"tm-no-options","11":"first","12":"outofstock","13":"sale","14":"taxable","15":"shipping-taxable","16":"purchasable","17":"product-type-simple"},"acf":[],"_links":{"self":[{"href":"https:\/\/secureus.se\/es\/wp-json\/wp\/v2\/product\/155903","targetHints":{"allow":["GET"]}}],"collection":[{"href":"https:\/\/secureus.se\/es\/wp-json\/wp\/v2\/product"}],"about":[{"href":"https:\/\/secureus.se\/es\/wp-json\/wp\/v2\/types\/product"}],"wp:featuredmedia":[{"embeddable":true,"href":"https:\/\/secureus.se\/es\/wp-json\/wp\/v2\/media\/155902"}],"wp:attachment":[{"href":"https:\/\/secureus.se\/es\/wp-json\/wp\/v2\/media?parent=155903"}],"wp:term":[{"taxonomy":"product_brand","embeddable":true,"href":"https:\/\/secureus.se\/es\/wp-json\/wp\/v2\/product_brand?post=155903"},{"taxonomy":"product_cat","embeddable":true,"href":"https:\/\/secureus.se\/es\/wp-json\/wp\/v2\/product_cat?post=155903"},{"taxonomy":"product_tag","embeddable":true,"href":"https:\/\/secureus.se\/es\/wp-json\/wp\/v2\/product_tag?post=155903"}],"curies":[{"name":"wp","href":"https:\/\/api.w.org\/{rel}","templated":true}]}}