{"id":155939,"date":"2025-09-03T09:29:38","date_gmt":"2025-09-03T07:29:38","guid":{"rendered":"https:\/\/secureus.se\/monteringsstolpe-942\/"},"modified":"2026-04-23T11:21:04","modified_gmt":"2026-04-23T09:21:04","slug":"monteringsstolpe-942","status":"publish","type":"product","link":"https:\/\/secureus.se\/es\/monteringsstolpe-942\/","title":{"rendered":"Poste de montaje 942"},"content":{"rendered":"<div>ASSA ABLOY 942 es un poste de montaje plano de acero inoxidable, adaptado para el sistema de perfiles Sapa 2060. Compatible con las placas de cierre est\u00e1ndar de la serie 900 de Assa, junto con carcasas de cerradura de uno o dos pestillos.<\/p>\n<\/div>\n<div><b>Caracter\u00edsticas:<\/b><\/div>\n<div>\n<ul>\n<li>Sim\u00e9trico<\/li>\n<li>Ancho: 41,2 mm<\/li>\n<li>Altura: 245 mm<\/li>\n<li>Tama\u00f1o de la lengua: 18 mm<\/li>\n<li>Se adapta al sistema de perfil Sapa 2060<\/li>\n<\/ul>\n<\/div>\n<div><\/div>\n<div><b>Se adapta a los cerraderos el\u00e9ctricos ASSA ABLOY serie 900:<\/b><\/div>\n<div>\n<ul>\n<li>905, 905M<\/li>\n<li>910, 910M<\/li>\n<li>911, 911M<\/li>\n<li>920, 920M, 920C<\/li>\n<li>940M<\/li>\n<li>941M<\/li>\n<li>960M, 960C<\/li>\n<li>961M, 961C<\/li>\n<li>990M<\/li>\n<li>991M<\/li>\n<\/ul>\n<\/div>","protected":false},"excerpt":{"rendered":"<p>ASSA ABLOY 942 \u00e4r en plan monteringsstolpe i rostfritt st\u00e5l, anpassad f\u00f6r profilsystem Sapa 2060. Passar till Assas standard slutbleck i 900-serien tillsammans med l\u00e5shus med enkelfall eller dubbelfall. Egenskaper:<\/p>","protected":false},"featured_media":155938,"template":"","meta":{"_acf_changed":false},"product_brand":[],"product_cat":[4735],"product_tag":[],"class_list":{"0":"post-155939","1":"product","2":"type-product","3":"status-publish","4":"has-post-thumbnail","6":"product_cat-monteringsstolpe","7":"product_shipping_class-postnord-varubrev","8":"pa_brands-abloy","9":"tm-no-options","11":"first","12":"onbackorder","13":"sale","14":"taxable","15":"shipping-taxable","16":"purchasable","17":"product-type-simple"},"acf":[],"_links":{"self":[{"href":"https:\/\/secureus.se\/es\/wp-json\/wp\/v2\/product\/155939","targetHints":{"allow":["GET"]}}],"collection":[{"href":"https:\/\/secureus.se\/es\/wp-json\/wp\/v2\/product"}],"about":[{"href":"https:\/\/secureus.se\/es\/wp-json\/wp\/v2\/types\/product"}],"wp:featuredmedia":[{"embeddable":true,"href":"https:\/\/secureus.se\/es\/wp-json\/wp\/v2\/media\/155938"}],"wp:attachment":[{"href":"https:\/\/secureus.se\/es\/wp-json\/wp\/v2\/media?parent=155939"}],"wp:term":[{"taxonomy":"product_brand","embeddable":true,"href":"https:\/\/secureus.se\/es\/wp-json\/wp\/v2\/product_brand?post=155939"},{"taxonomy":"product_cat","embeddable":true,"href":"https:\/\/secureus.se\/es\/wp-json\/wp\/v2\/product_cat?post=155939"},{"taxonomy":"product_tag","embeddable":true,"href":"https:\/\/secureus.se\/es\/wp-json\/wp\/v2\/product_tag?post=155939"}],"curies":[{"name":"wp","href":"https:\/\/api.w.org\/{rel}","templated":true}]}}