{"id":155941,"date":"2025-09-03T09:29:39","date_gmt":"2025-09-03T07:29:39","guid":{"rendered":"https:\/\/secureus.se\/monteringsstolpe-940\/"},"modified":"2026-04-23T11:21:01","modified_gmt":"2026-04-23T09:21:01","slug":"monteringsstolpe-940","status":"publish","type":"product","link":"https:\/\/secureus.se\/es\/monteringsstolpe-940\/","title":{"rendered":"Poste de montaje 940"},"content":{"rendered":"<div>ASSA ABLOY 940 es un poste de montaje plano de acero inoxidable, adaptado para el sistema de perfiles Sapa 2050. Compatible con las placas de cierre est\u00e1ndar de la serie 900 de Assa, junto con carcasas de cerradura de uno o dos pestillos.<\/p>\n<\/div>\n<div><b>Caracter\u00edsticas:<\/b><\/div>\n<div>\n<ul>\n<li>Sim\u00e9trico<\/li>\n<li>Ancho: 39,2 mm<\/li>\n<li>Altura: 245 mm<\/li>\n<li>Tama\u00f1o de la costura: 15 mm<\/li>\n<li>Se adapta al sistema de perfil Sapa 2050<\/li>\n<\/ul>\n<\/div>\n<div><\/div>\n<div><b>Se adapta a los cerraderos el\u00e9ctricos ASSA ABLOY serie 900:<\/b><\/div>\n<div>\n<ul>\n<li>905, 905M<\/li>\n<li>910, 910M<\/li>\n<li>911, 911M<\/li>\n<li>920, 920M, 920C<\/li>\n<li>940M<\/li>\n<li>941M<\/li>\n<li>960M, 960C<\/li>\n<li>961M, 961C<\/li>\n<li>990M<\/li>\n<li>991M<\/li>\n<\/ul>\n<\/div>","protected":false},"excerpt":{"rendered":"<p>ASSA ABLOY 940 \u00e4r en plan monteringsstolpe i rostfritt st\u00e5l, anpassad f\u00f6r profilsystem Sapa 2050. Passar till Assas standard slutbleck i 900-serien tillsammans med l\u00e5shus med enkelfall eller dubbelfall. Egenskaper:<\/p>","protected":false},"featured_media":155940,"template":"","meta":{"_acf_changed":false},"product_brand":[],"product_cat":[4735],"product_tag":[],"class_list":{"0":"post-155941","1":"product","2":"type-product","3":"status-publish","4":"has-post-thumbnail","6":"product_cat-monteringsstolpe","7":"product_shipping_class-postnord-varubrev","8":"pa_brands-abloy","9":"tm-no-options","11":"first","12":"instock","13":"sale","14":"taxable","15":"shipping-taxable","16":"purchasable","17":"product-type-simple"},"acf":[],"_links":{"self":[{"href":"https:\/\/secureus.se\/es\/wp-json\/wp\/v2\/product\/155941","targetHints":{"allow":["GET"]}}],"collection":[{"href":"https:\/\/secureus.se\/es\/wp-json\/wp\/v2\/product"}],"about":[{"href":"https:\/\/secureus.se\/es\/wp-json\/wp\/v2\/types\/product"}],"wp:featuredmedia":[{"embeddable":true,"href":"https:\/\/secureus.se\/es\/wp-json\/wp\/v2\/media\/155940"}],"wp:attachment":[{"href":"https:\/\/secureus.se\/es\/wp-json\/wp\/v2\/media?parent=155941"}],"wp:term":[{"taxonomy":"product_brand","embeddable":true,"href":"https:\/\/secureus.se\/es\/wp-json\/wp\/v2\/product_brand?post=155941"},{"taxonomy":"product_cat","embeddable":true,"href":"https:\/\/secureus.se\/es\/wp-json\/wp\/v2\/product_cat?post=155941"},{"taxonomy":"product_tag","embeddable":true,"href":"https:\/\/secureus.se\/es\/wp-json\/wp\/v2\/product_tag?post=155941"}],"curies":[{"name":"wp","href":"https:\/\/api.w.org\/{rel}","templated":true}]}}