{"id":155958,"date":"2025-09-03T09:29:39","date_gmt":"2025-09-03T07:29:39","guid":{"rendered":"https:\/\/secureus.se\/monteringsstolpe-933-17\/"},"modified":"2026-03-25T15:27:33","modified_gmt":"2026-03-25T14:27:33","slug":"monteringsstolpe-933-17","status":"publish","type":"product","link":"https:\/\/secureus.se\/es\/monteringsstolpe-933-17\/","title":{"rendered":"Poste de montaje 933-17"},"content":{"rendered":"<div><\/div>\n<div>ASSA ABLOY 933-17 es un poste de montaje plano de acero inoxidable para marcos de acero y aluminio. Se adapta a los cerraderos est\u00e1ndar de Assa de la serie 900 y a las cajas de cerraduras con ca\u00edda simple o doble.<\/div>\n<div><b><br \/><\/b><\/div>\n<div><b>Caracter\u00edsticas:\u00a0<\/b><\/div>\n<div>\n<ul>\n<li>Sim\u00e9trico<\/li>\n<li>Anchura: 42 mm<\/li>\n<li>Altura: 245 mm<\/li>\n<li>Tama\u00f1o del pliegue: 17 mm<\/li>\n<li>Material: acero inoxidable\u00a0<\/li>\n<\/ul>\n<\/div>\n<div><\/div>\n<div><b>Se adapta a los cerraderos el\u00e9ctricos ASSA ABLOY serie 900:<\/b><\/div>\n<div>\n<ul>\n<li>905, 905M<\/li>\n<li>910, 910M<\/li>\n<li>911, 911M<\/li>\n<li>920, 920M, 920C<\/li>\n<li>940M<\/li>\n<li>941M<\/li>\n<li>960M, 960C<\/li>\n<li>961M, 961C<\/li>\n<li>990M<\/li>\n<li>991M<\/li>\n<\/ul>\n<\/div>\n<div>\n<\/p>\n<\/div>","protected":false},"excerpt":{"rendered":"<p>ASSA ABLOY 933-17 \u00e4r en plan monteringsstolpe i rostfritt st\u00e5l, f\u00f6r st\u00e5l- och aluminiumkarmar. Passar till Assas standard slutbleck i 900-serien tillsammans med l\u00e5shus med enkelfall eller dubbelfall. Egenskaper:\u00a0 Symmetrisk<\/p>","protected":false},"featured_media":155956,"template":"","meta":{"_acf_changed":false},"product_brand":[],"product_cat":[4735],"product_tag":[],"class_list":{"0":"post-155958","1":"product","2":"type-product","3":"status-publish","4":"has-post-thumbnail","6":"product_cat-monteringsstolpe","7":"product_shipping_class-postnord-varubrev","8":"pa_brands-abloy","9":"tm-no-options","11":"first","12":"instock","13":"sale","14":"taxable","15":"shipping-taxable","16":"purchasable","17":"product-type-simple"},"acf":[],"_links":{"self":[{"href":"https:\/\/secureus.se\/es\/wp-json\/wp\/v2\/product\/155958","targetHints":{"allow":["GET"]}}],"collection":[{"href":"https:\/\/secureus.se\/es\/wp-json\/wp\/v2\/product"}],"about":[{"href":"https:\/\/secureus.se\/es\/wp-json\/wp\/v2\/types\/product"}],"wp:featuredmedia":[{"embeddable":true,"href":"https:\/\/secureus.se\/es\/wp-json\/wp\/v2\/media\/155956"}],"wp:attachment":[{"href":"https:\/\/secureus.se\/es\/wp-json\/wp\/v2\/media?parent=155958"}],"wp:term":[{"taxonomy":"product_brand","embeddable":true,"href":"https:\/\/secureus.se\/es\/wp-json\/wp\/v2\/product_brand?post=155958"},{"taxonomy":"product_cat","embeddable":true,"href":"https:\/\/secureus.se\/es\/wp-json\/wp\/v2\/product_cat?post=155958"},{"taxonomy":"product_tag","embeddable":true,"href":"https:\/\/secureus.se\/es\/wp-json\/wp\/v2\/product_tag?post=155958"}],"curies":[{"name":"wp","href":"https:\/\/api.w.org\/{rel}","templated":true}]}}