{"id":155978,"date":"2025-09-03T10:40:34","date_gmt":"2025-09-03T08:40:34","guid":{"rendered":"https:\/\/secureus.se\/monteringsstolpe-9930t-12v-vanster\/"},"modified":"2026-04-08T15:06:21","modified_gmt":"2026-04-08T13:06:21","slug":"monteringsstolpe-9930t-12v-vanster","status":"publish","type":"product","link":"https:\/\/secureus.se\/es\/monteringsstolpe-9930t-12v-vanster\/","title":{"rendered":"Poste de montaje 9930T-12V Izquierda"},"content":{"rendered":"<div>Poste de montaje para cerradura el\u00e9ctrica ASSA ABLOY 992. Adecuado para puertas batientes a la izquierda.<\/p>\n<\/div>\n<div><\/div>\n<div><b>Caracter\u00edsticas:<\/b><\/div>\n<div>\n<ul>\n<li>Tama\u00f1o de la lengua: 12 mm<\/li>\n<li>Longitud: 245 mm<\/li>\n<li>Ancho: 40 mm<\/li>\n<li>En \u00e1ngulo: 15 mm<\/li>\n<li>Izquierda\n<\/li>\n<\/ul>\n<\/div>\n<div><\/div>\n<div><b>Adecuado para:<\/b><\/div>\n<div>Placa de cierre el\u00e9ctrica 992.<\/div>","protected":false},"excerpt":{"rendered":"<p>Monteringsstolpe till elslutbleck ASSA ABLOY 992. Passar till v\u00e4nsterh\u00e4ngda d\u00f6rrar. Egenskaper: Pl\u00f6sm\u00e5tt: 12 mm L\u00e4ngd: 245 mm Bredd: 40 mm Vinklad: 15 mm V\u00e4nster Passar till: Elslutbleck 992.<\/p>","protected":false},"featured_media":155977,"template":"","meta":{"_acf_changed":false},"product_brand":[],"product_cat":[4735],"product_tag":[],"class_list":{"0":"post-155978","1":"product","2":"type-product","3":"status-publish","4":"has-post-thumbnail","6":"product_cat-monteringsstolpe","7":"product_shipping_class-postnord-varubrev","8":"pa_brands-abloy","9":"tm-no-options","11":"first","12":"onbackorder","13":"sale","14":"taxable","15":"shipping-taxable","16":"purchasable","17":"product-type-simple"},"acf":[],"_links":{"self":[{"href":"https:\/\/secureus.se\/es\/wp-json\/wp\/v2\/product\/155978","targetHints":{"allow":["GET"]}}],"collection":[{"href":"https:\/\/secureus.se\/es\/wp-json\/wp\/v2\/product"}],"about":[{"href":"https:\/\/secureus.se\/es\/wp-json\/wp\/v2\/types\/product"}],"wp:featuredmedia":[{"embeddable":true,"href":"https:\/\/secureus.se\/es\/wp-json\/wp\/v2\/media\/155977"}],"wp:attachment":[{"href":"https:\/\/secureus.se\/es\/wp-json\/wp\/v2\/media?parent=155978"}],"wp:term":[{"taxonomy":"product_brand","embeddable":true,"href":"https:\/\/secureus.se\/es\/wp-json\/wp\/v2\/product_brand?post=155978"},{"taxonomy":"product_cat","embeddable":true,"href":"https:\/\/secureus.se\/es\/wp-json\/wp\/v2\/product_cat?post=155978"},{"taxonomy":"product_tag","embeddable":true,"href":"https:\/\/secureus.se\/es\/wp-json\/wp\/v2\/product_tag?post=155978"}],"curies":[{"name":"wp","href":"https:\/\/api.w.org\/{rel}","templated":true}]}}