{"id":155982,"date":"2025-09-03T10:40:36","date_gmt":"2025-09-03T08:40:36","guid":{"rendered":"https:\/\/secureus.se\/monteringsstolpe-840\/"},"modified":"2026-04-08T15:06:15","modified_gmt":"2026-04-08T13:06:15","slug":"monteringsstolpe-840","status":"publish","type":"product","link":"https:\/\/secureus.se\/es\/monteringsstolpe-840\/","title":{"rendered":"Poste de montaje 840"},"content":{"rendered":"<div>\n<div>\n<div>\n<div>\n<div>\n<div><b>\u00c1rea de aplicaci\u00f3n:\u00a0<\/b>Poste de montaje de acero inoxidable para placas finales extrapesadas, especialmente dise\u00f1ado para los sistemas de perfiles SapaFront. Se utiliza para adaptar la fijaci\u00f3n de las placas finales el\u00e9ctricas a las tomas est\u00e1ndar Sapa.<\/div>\n<div><\/div>\n<div>\n<p><b>Caracter\u00edsticas:\u00a0<\/b><\/p>\n<ul>\n<li>Cuando se utilizan cerraduras de perfil estrecho junto con postes SapaFront, las cerraduras deben equiparse con un poste de 22 mm.<\/li>\n<li>Adecuado para los sistemas de construcci\u00f3n de apertura interior SapaFront 2050 y 2071.<\/li>\n<li>Destinado a marcos de aluminio.<\/li>\n<\/ul>\n<\/div>\n<\/div>\n<div><\/div>\n<div>\n<p><b>Funci\u00f3n:\u00a0<\/b>La elecci\u00f3n del poste depende de varios factores, que en conjunto proporcionan la combinaci\u00f3n \u00f3ptima de puerta, cerradura y poste. Uno de los factores m\u00e1s importantes es el dise\u00f1o de la puerta. El material del marco o la hoja de la puerta puede variar (por ejemplo, madera, aluminio o acero), y debe tenerse en cuenta el perfil de la puerta (con o sin solapa).<\/p>\n<div>Para poder elegir una placa de cierre el\u00e9ctrica y un poste de montaje, tambi\u00e9n es necesario saber qu\u00e9 tipo de cerradura mec\u00e1nica se utiliza, si es una cerradura de pestillo simple o doble, y qu\u00e9 tan grande es la medida de la leng\u00fceta entre el borde frontal de la hoja de la puerta y el \u00e9mbolo de la cerradura.<\/div>\n<div>\n<b>Normas espec\u00edficas para puertas cortafuegos:\u00a0<\/b>En puertas con resistencia al fuego de clase EI\/E 60, EI\/E 30 o EI\/E15, no se pueden utilizar cerraduras el\u00e9ctricas simples como herrajes de retenci\u00f3n. Si tiene alguna duda sobre la combinaci\u00f3n de cerradura y cerradura el\u00e9ctrica en puertas cortafuegos, cont\u00e1ctenos o consulte el Reglamento de Construcci\u00f3n BBR 94.3, secci\u00f3n 5:6214, de la Junta Nacional de Vivienda, Construcci\u00f3n y Planificaci\u00f3n de Suecia.<\/div>\n<\/div>\n<\/div>\n<\/div>\n<\/div>\n<\/div>\n<div><\/div>","protected":false},"excerpt":{"rendered":"<p>Anv\u00e4ndningsomr\u00e5de:\u00a0Monteringsstolpe i rostfritt st\u00e5l f\u00f6r extra kraftiga elslutbleck, speciellt framtagna f\u00f6r SapaFront profilsystem. Anv\u00e4nds f\u00f6r att anpassa inf\u00e4stning av elslutbleck till Sapa standardurtag. Egenskaper:\u00a0 D\u00e5 smalprofill\u00e5s anv\u00e4nds tillsammans med SapaFront<\/p>","protected":false},"featured_media":155981,"template":"","meta":{"_acf_changed":false},"product_brand":[],"product_cat":[4735],"product_tag":[],"class_list":{"0":"post-155982","1":"product","2":"type-product","3":"status-publish","4":"has-post-thumbnail","6":"product_cat-monteringsstolpe","7":"product_shipping_class-postnord-varubrev","8":"pa_brands-abloy","9":"tm-no-options","11":"first","12":"instock","13":"sale","14":"taxable","15":"shipping-taxable","16":"purchasable","17":"product-type-simple"},"acf":[],"_links":{"self":[{"href":"https:\/\/secureus.se\/es\/wp-json\/wp\/v2\/product\/155982","targetHints":{"allow":["GET"]}}],"collection":[{"href":"https:\/\/secureus.se\/es\/wp-json\/wp\/v2\/product"}],"about":[{"href":"https:\/\/secureus.se\/es\/wp-json\/wp\/v2\/types\/product"}],"wp:featuredmedia":[{"embeddable":true,"href":"https:\/\/secureus.se\/es\/wp-json\/wp\/v2\/media\/155981"}],"wp:attachment":[{"href":"https:\/\/secureus.se\/es\/wp-json\/wp\/v2\/media?parent=155982"}],"wp:term":[{"taxonomy":"product_brand","embeddable":true,"href":"https:\/\/secureus.se\/es\/wp-json\/wp\/v2\/product_brand?post=155982"},{"taxonomy":"product_cat","embeddable":true,"href":"https:\/\/secureus.se\/es\/wp-json\/wp\/v2\/product_cat?post=155982"},{"taxonomy":"product_tag","embeddable":true,"href":"https:\/\/secureus.se\/es\/wp-json\/wp\/v2\/product_tag?post=155982"}],"curies":[{"name":"wp","href":"https:\/\/api.w.org\/{rel}","templated":true}]}}