{"id":155988,"date":"2025-09-03T10:40:36","date_gmt":"2025-09-03T08:40:36","guid":{"rendered":"https:\/\/secureus.se\/monteringsstolpe-823\/"},"modified":"2025-09-25T11:22:31","modified_gmt":"2025-09-25T09:22:31","slug":"monteringsstolpe-823","status":"publish","type":"product","link":"https:\/\/secureus.se\/es\/monteringsstolpe-823\/","title":{"rendered":"Poste de montaje 823"},"content":{"rendered":"<div>\n<div>\n<div>\n<div><\/div>\n<div>Poste de fijaci\u00f3n de acero, para cerraderos el\u00e9ctricos de alta resistencia de la serie Solid. Sirve para adaptar la fijaci\u00f3n y las caracter\u00edsticas a la aplicaci\u00f3n actual y al entorno de la puerta. <\/div>\n<div><b><br \/><\/b><\/div>\n<div><b><\/b><b>Caracter\u00edsticas:\u00a0<\/b><\/div>\n<div>\n<ul>\n<li>Para marcos de acero o aluminio.<\/li>\n<li>Cerraduras de una sola gota con enclavamiento.<\/li>\n<li>Tama\u00f1o de la lengua: 4,0 mm.<\/li>\n<\/ul>\n<\/div>\n<div><b><br \/><\/b><\/div>\n<div><b><\/b><b>Adecuado para:\u00a0<\/b><\/div>\n<div>Cerraderos el\u00e9ctricos ASSA ABLOY serie extra heavy duty: 131, 5131, 8131, 331, 8331<\/div>\n<\/div>\n<\/div>\n<\/div>\n<div>\n<\/p>\n<\/div>","protected":false},"excerpt":{"rendered":"<p>Monteringsstolpe i st\u00e5l, f\u00f6r extrakraftiga elslutbleck i Solid-serien. Anv\u00e4nds f\u00f6r att anpassa inf\u00e4stning och egenskaper till den aktuella applikationen och d\u00f6rrmilj\u00f6n. Egenskaper:\u00a0 F\u00f6r st\u00e5l- eller aluminiumkarmar. F\u00f6rreglade enkelfall\u00e5s. Pl\u00f6sm\u00e5tt: 4,0<\/p>","protected":false},"featured_media":155987,"template":"","meta":{"_acf_changed":false},"product_brand":[],"product_cat":[4735],"product_tag":[],"class_list":{"0":"post-155988","1":"product","2":"type-product","3":"status-publish","4":"has-post-thumbnail","6":"product_cat-monteringsstolpe","7":"product_shipping_class-postnord-varubrev","8":"pa_brands-abloy","9":"tm-no-options","11":"first","12":"onbackorder","13":"sale","14":"taxable","15":"shipping-taxable","16":"purchasable","17":"product-type-simple"},"acf":[],"_links":{"self":[{"href":"https:\/\/secureus.se\/es\/wp-json\/wp\/v2\/product\/155988","targetHints":{"allow":["GET"]}}],"collection":[{"href":"https:\/\/secureus.se\/es\/wp-json\/wp\/v2\/product"}],"about":[{"href":"https:\/\/secureus.se\/es\/wp-json\/wp\/v2\/types\/product"}],"wp:featuredmedia":[{"embeddable":true,"href":"https:\/\/secureus.se\/es\/wp-json\/wp\/v2\/media\/155987"}],"wp:attachment":[{"href":"https:\/\/secureus.se\/es\/wp-json\/wp\/v2\/media?parent=155988"}],"wp:term":[{"taxonomy":"product_brand","embeddable":true,"href":"https:\/\/secureus.se\/es\/wp-json\/wp\/v2\/product_brand?post=155988"},{"taxonomy":"product_cat","embeddable":true,"href":"https:\/\/secureus.se\/es\/wp-json\/wp\/v2\/product_cat?post=155988"},{"taxonomy":"product_tag","embeddable":true,"href":"https:\/\/secureus.se\/es\/wp-json\/wp\/v2\/product_tag?post=155988"}],"curies":[{"name":"wp","href":"https:\/\/api.w.org\/{rel}","templated":true}]}}