{"id":155991,"date":"2025-09-03T10:40:37","date_gmt":"2025-09-03T08:40:37","guid":{"rendered":"https:\/\/secureus.se\/monteringsstolpe-824\/"},"modified":"2025-09-25T11:21:43","modified_gmt":"2025-09-25T09:21:43","slug":"monteringsstolpe-824","status":"publish","type":"product","link":"https:\/\/secureus.se\/es\/monteringsstolpe-824\/","title":{"rendered":"Poste de montaje 824"},"content":{"rendered":"<div>\n<div>\n<div>\n<div><\/div>\n<div>Poste de fijaci\u00f3n de acero, para cerraderos el\u00e9ctricos de alta resistencia de la serie Solid. Sirve para adaptar la fijaci\u00f3n y las caracter\u00edsticas a la aplicaci\u00f3n actual y al entorno de la puerta. <\/div>\n<div><b><br \/><\/b><\/div>\n<div><b><\/b><b>Caracter\u00edsticas:\u00a0<\/b><\/div>\n<div>\n<ul>\n<li>Para marcos de madera o acero.<\/li>\n<li>Cerraduras de una sola gota con enclavamiento.<\/li>\n<li>Tama\u00f1o de la lengua: 15 mm.<\/li>\n<\/ul>\n<\/div>\n<div><b><br \/><\/b><\/div>\n<div><b><\/b><b>Adecuado para:\u00a0<\/b><\/div>\n<div>Cerraderos el\u00e9ctricos ASSA ABLOY serie extra heavy duty: 131, 5131, 8131, 331, 8331<\/div>\n<\/div>\n<\/div>\n<\/div>\n<div>\n<\/p>\n<\/div>","protected":false},"excerpt":{"rendered":"<p>Poste de fijaci\u00f3n de acero, para cerraderos el\u00e9ctricos de alta resistencia de la serie Solid. Permite adaptar la fijaci\u00f3n y las caracter\u00edsticas a la aplicaci\u00f3n actual y al entorno de la puerta. Caracter\u00edsticas: Para marcos de madera o acero. Pestillo simple de enclavamiento. Tama\u00f1o de la costura: 15<\/p>","protected":false},"featured_media":155989,"template":"","meta":{"_acf_changed":false},"product_brand":[],"product_cat":[4735],"product_tag":[],"class_list":{"0":"post-155991","1":"product","2":"type-product","3":"status-publish","4":"has-post-thumbnail","6":"product_cat-monteringsstolpe","7":"product_shipping_class-postnord-varubrev","8":"pa_brands-abloy","9":"tm-no-options","11":"first","12":"instock","13":"sale","14":"taxable","15":"shipping-taxable","16":"purchasable","17":"product-type-simple"},"acf":[],"_links":{"self":[{"href":"https:\/\/secureus.se\/es\/wp-json\/wp\/v2\/product\/155991","targetHints":{"allow":["GET"]}}],"collection":[{"href":"https:\/\/secureus.se\/es\/wp-json\/wp\/v2\/product"}],"about":[{"href":"https:\/\/secureus.se\/es\/wp-json\/wp\/v2\/types\/product"}],"wp:featuredmedia":[{"embeddable":true,"href":"https:\/\/secureus.se\/es\/wp-json\/wp\/v2\/media\/155989"}],"wp:attachment":[{"href":"https:\/\/secureus.se\/es\/wp-json\/wp\/v2\/media?parent=155991"}],"wp:term":[{"taxonomy":"product_brand","embeddable":true,"href":"https:\/\/secureus.se\/es\/wp-json\/wp\/v2\/product_brand?post=155991"},{"taxonomy":"product_cat","embeddable":true,"href":"https:\/\/secureus.se\/es\/wp-json\/wp\/v2\/product_cat?post=155991"},{"taxonomy":"product_tag","embeddable":true,"href":"https:\/\/secureus.se\/es\/wp-json\/wp\/v2\/product_tag?post=155991"}],"curies":[{"name":"wp","href":"https:\/\/api.w.org\/{rel}","templated":true}]}}