{"id":156335,"date":"2025-09-11T15:41:24","date_gmt":"2025-09-11T13:41:24","guid":{"rendered":"https:\/\/secureus.se\/evolis-rct221naaa-white-signature-monochrome-ribbon-1000-prints\/"},"modified":"2026-03-26T09:59:39","modified_gmt":"2026-03-26T08:59:39","slug":"evolis-rct221naaa-white-signature-monochrome-ribbon-1000-prints","status":"publish","type":"product","link":"https:\/\/secureus.se\/es\/evolis-rct221naaa-white-signature-monochrome-ribbon-1000-prints\/","title":{"rendered":"Cinta monocrom\u00e1tica Evolis RCT221NAAA con firma blanca (1000 impresiones)"},"content":{"rendered":"<p>La cinta monocrom\u00e1tica blanca de firma Evolis RCT221NAAA est\u00e1 dise\u00f1ada para imprimir un \u00e1rea rectangular (panel) en tarjetas preimpresas donde se requieren firmas. Esta cinta es ideal para los sectores de fidelizaci\u00f3n, ocio, educaci\u00f3n, sanidad y banca.<\/p>\n<ul>\n<li>1000 impresiones por rollo<\/li>\n<li>Cinta de impresora de firma blanca monocrom\u00e1tica<\/li>\n<li>N\u00famero de pieza del fabricante: RCT221NAAA<\/li>\n<\/ul>\n<p><strong>Antes de realizar su pedido, verifique que esta sea la cinta adecuada para su impresora. Esta cinta es compatible SOLAMENTE con la impresora de tarjetas Evolis Primacy 2.<\/strong><\/p>\n<p>\n <strong><br \/>\n Peso del producto:<br \/>\n 0,20 kilogramos<br \/>\n <\/strong>\n <\/p>","protected":false},"excerpt":{"rendered":"<p>The Evolis RCT221NAAA white signature monochrome ribbon is designed to print a rectangular area (panel) onto pre-printed cards where signatures are required. This ribbon is great for use in loyalty,<\/p>","protected":false},"featured_media":156332,"template":"","meta":{"_acf_changed":false},"product_brand":[],"product_cat":[4859],"product_tag":[4863],"class_list":{"0":"post-156335","1":"product","2":"type-product","3":"status-publish","4":"has-post-thumbnail","6":"product_cat-primacy-2","7":"product_tag-pf","8":"pa_brands-evolis","9":"tm-no-options","11":"first","12":"instock","13":"sale","14":"taxable","15":"shipping-taxable","16":"purchasable","17":"product-type-simple"},"acf":[],"_links":{"self":[{"href":"https:\/\/secureus.se\/es\/wp-json\/wp\/v2\/product\/156335","targetHints":{"allow":["GET"]}}],"collection":[{"href":"https:\/\/secureus.se\/es\/wp-json\/wp\/v2\/product"}],"about":[{"href":"https:\/\/secureus.se\/es\/wp-json\/wp\/v2\/types\/product"}],"wp:featuredmedia":[{"embeddable":true,"href":"https:\/\/secureus.se\/es\/wp-json\/wp\/v2\/media\/156332"}],"wp:attachment":[{"href":"https:\/\/secureus.se\/es\/wp-json\/wp\/v2\/media?parent=156335"}],"wp:term":[{"taxonomy":"product_brand","embeddable":true,"href":"https:\/\/secureus.se\/es\/wp-json\/wp\/v2\/product_brand?post=156335"},{"taxonomy":"product_cat","embeddable":true,"href":"https:\/\/secureus.se\/es\/wp-json\/wp\/v2\/product_cat?post=156335"},{"taxonomy":"product_tag","embeddable":true,"href":"https:\/\/secureus.se\/es\/wp-json\/wp\/v2\/product_tag?post=156335"}],"curies":[{"name":"wp","href":"https:\/\/api.w.org\/{rel}","templated":true}]}}