{"id":156339,"date":"2025-09-11T15:41:30","date_gmt":"2025-09-11T13:41:30","guid":{"rendered":"https:\/\/secureus.se\/evolis-r6f203e100-ymcko-k-colour-ribbon-200-prints\/"},"modified":"2026-04-23T12:36:10","modified_gmt":"2026-04-23T10:36:10","slug":"evolis-r6f203e100-ymcko-k-colour-ribbon-200-prints","status":"publish","type":"product","link":"https:\/\/secureus.se\/es\/evolis-r6f203e100-ymcko-k-colour-ribbon-200-prints\/","title":{"rendered":"Cinta Evolis YMCKO-K \u2013 R6F203E100 (200 impresiones)"},"content":{"rendered":"<h1>Cinta<br \/>\n  Evolis YMCKO-K \u2013 R6F203E100 (200 copias)<\/h1>\n<p>Cinta Evolis YMCKO-K \u2013 R6F203E100 (200 impresiones) es una<br \/>\n  Cinta para imprimir tarjetas de pl\u00e1stico con colores n\u00edtidos, texto claro y buena calidad.<br \/>\n  El tipo de cinta YMCKO-K proporciona la combinaci\u00f3n correcta de paneles de color y<br \/>\n  L\u00e1mina protectora para impresi\u00f3n profesional de tarjetas.<\/p>\n<p>Adecuado para tarjetas de identificaci\u00f3n, tarjetas de acceso, tarjetas de membres\u00eda y otras.<br \/>\n  tarjetas de pl\u00e1stico donde se requiere alta calidad de impresi\u00f3n y confiabilidad<br \/>\n  importante.<\/p>\n<ul>\n<li>Capacidad: hasta 200 impresiones<\/li>\n<li>Tipo de cinta: YMCKO-K<\/li>\n<li>Adecuado para impresi\u00f3n de tarjetas a doble cara<\/li>\n<li>N\u00famero de art\u00edculo: R6F203E100<\/li>\n<\/ul>\n<p><strong>Compatible con la impresora de tarjetas Evolis Primacy 2<br \/>\n  solo.<\/strong><\/p>\n<p><strong>Peso del producto:<\/strong> 0,20 kilogramos<\/p>","protected":false},"excerpt":{"rendered":"<p>F\u00e4rgband Evolis YMCKO-K &#8211; R6F203E100 (200 utskrifter) F\u00e4rgband Evolis YMCKO-K &#8211; R6F203E100 (200 utskrifter) \u00e4r ett f\u00e4rgband f\u00f6r utskrift av plastkort med skarpa f\u00e4rger, tydlig text och bra detalj\u00e5tergivning. Bandtypen<\/p>","protected":false},"featured_media":156337,"template":"","meta":{"_acf_changed":false},"product_brand":[],"product_cat":[4859],"product_tag":[4863],"class_list":{"0":"post-156339","1":"product","2":"type-product","3":"status-publish","4":"has-post-thumbnail","6":"product_cat-primacy-2","7":"product_tag-pf","8":"pa_brands-evolis","9":"tm-no-options","11":"first","12":"instock","13":"sale","14":"taxable","15":"shipping-taxable","16":"purchasable","17":"product-type-simple"},"acf":[],"_links":{"self":[{"href":"https:\/\/secureus.se\/es\/wp-json\/wp\/v2\/product\/156339","targetHints":{"allow":["GET"]}}],"collection":[{"href":"https:\/\/secureus.se\/es\/wp-json\/wp\/v2\/product"}],"about":[{"href":"https:\/\/secureus.se\/es\/wp-json\/wp\/v2\/types\/product"}],"wp:featuredmedia":[{"embeddable":true,"href":"https:\/\/secureus.se\/es\/wp-json\/wp\/v2\/media\/156337"}],"wp:attachment":[{"href":"https:\/\/secureus.se\/es\/wp-json\/wp\/v2\/media?parent=156339"}],"wp:term":[{"taxonomy":"product_brand","embeddable":true,"href":"https:\/\/secureus.se\/es\/wp-json\/wp\/v2\/product_brand?post=156339"},{"taxonomy":"product_cat","embeddable":true,"href":"https:\/\/secureus.se\/es\/wp-json\/wp\/v2\/product_cat?post=156339"},{"taxonomy":"product_tag","embeddable":true,"href":"https:\/\/secureus.se\/es\/wp-json\/wp\/v2\/product_tag?post=156339"}],"curies":[{"name":"wp","href":"https:\/\/api.w.org\/{rel}","templated":true}]}}