{"id":156345,"date":"2025-09-11T15:41:35","date_gmt":"2025-09-11T13:41:35","guid":{"rendered":"https:\/\/secureus.se\/evolis-lva038naa-clear-continuous-varnish-ribbon-1200-prints\/"},"modified":"2026-04-08T16:53:29","modified_gmt":"2026-04-08T14:53:29","slug":"evolis-lva038naa-clear-continuous-varnish-ribbon-1200-prints","status":"publish","type":"product","link":"https:\/\/secureus.se\/es\/evolis-lva038naa-clear-continuous-varnish-ribbon-1200-prints\/","title":{"rendered":"Cinta de laca Evolis \u2013 LVA038NAA, laca transparente continua (1200 impresiones)"},"content":{"rendered":"<h1>Lackband<br \/>\n  Evolis &#8211; LVA038NAA, kontinuerlig klar lack (1200 utskrifter)<\/h1>\n<p>Lackband Evolis &#8211; LVA038NAA, kontinuerlig klar lack (1200<br \/>\n  utskrifter) \u00e4r ett KO-band med svart panel och skyddande overlay. Det \u00e4r ett bra<br \/>\n  val n\u00e4r du beh\u00f6ver tydlig text, streckkoder och extra skydd p\u00e5 kortets<br \/>\n  yta.<\/p>\n<p>Adecuado para tarjetas de identificaci\u00f3n, tarjetas de acceso, tarjetas de membres\u00eda y otras.<br \/>\n  tarjetas de pl\u00e1stico donde se requiere alta calidad de impresi\u00f3n y confiabilidad<br \/>\n  importante.<\/p>\n<ul>\n<li>Kapacitet: upp till 1 200 utskrifter<\/li>\n<li>Bandtyp: KO<\/li>\n<li>Artikelnummer: LVA038NAA<\/li>\n<\/ul>\n<p><strong>Kompatibel med The Evolis LVA038NAA continuous<br \/>\n  varnish ribbon is compatible with PVC or composite cards och prints a<br \/>\n  protective varnish over printed cards. This varnish protects the cards from<br \/>\n  spills, wear och external oil damage to help extend the lifespan of cards och<br \/>\n  reduce the need for reprinting.<\/strong><\/p>\n<p><strong>Peso del producto:<\/strong> 0,20 kilogramos<\/p>","protected":false},"excerpt":{"rendered":"<p>Lackband Evolis &#8211; LVA038NAA, kontinuerlig klar lack (1200 utskrifter) Lackband Evolis &#8211; LVA038NAA, kontinuerlig klar lack (1200 utskrifter) \u00e4r ett KO-band med svart panel och skyddande overlay. Det \u00e4r ett<\/p>","protected":false},"featured_media":156344,"template":"","meta":{"_acf_changed":false},"product_brand":[],"product_cat":[4855,4858,4859],"product_tag":[4863],"class_list":{"0":"post-156345","1":"product","2":"type-product","3":"status-publish","4":"has-post-thumbnail","6":"product_cat-avansia","7":"product_cat-primacy","8":"product_cat-primacy-2","9":"product_tag-pf","10":"pa_brands-evolis","11":"tm-no-options","13":"first","14":"instock","15":"sale","16":"taxable","17":"shipping-taxable","18":"purchasable","19":"product-type-simple"},"acf":[],"_links":{"self":[{"href":"https:\/\/secureus.se\/es\/wp-json\/wp\/v2\/product\/156345","targetHints":{"allow":["GET"]}}],"collection":[{"href":"https:\/\/secureus.se\/es\/wp-json\/wp\/v2\/product"}],"about":[{"href":"https:\/\/secureus.se\/es\/wp-json\/wp\/v2\/types\/product"}],"wp:featuredmedia":[{"embeddable":true,"href":"https:\/\/secureus.se\/es\/wp-json\/wp\/v2\/media\/156344"}],"wp:attachment":[{"href":"https:\/\/secureus.se\/es\/wp-json\/wp\/v2\/media?parent=156345"}],"wp:term":[{"taxonomy":"product_brand","embeddable":true,"href":"https:\/\/secureus.se\/es\/wp-json\/wp\/v2\/product_brand?post=156345"},{"taxonomy":"product_cat","embeddable":true,"href":"https:\/\/secureus.se\/es\/wp-json\/wp\/v2\/product_cat?post=156345"},{"taxonomy":"product_tag","embeddable":true,"href":"https:\/\/secureus.se\/es\/wp-json\/wp\/v2\/product_tag?post=156345"}],"curies":[{"name":"wp","href":"https:\/\/api.w.org\/{rel}","templated":true}]}}