{"id":156355,"date":"2025-09-11T15:41:31","date_gmt":"2025-09-11T13:41:31","guid":{"rendered":"https:\/\/secureus.se\/evolis-r5f202e100-ymcko-colour-ribbon-200-prints\/"},"modified":"2026-05-06T09:47:14","modified_gmt":"2026-05-06T07:47:14","slug":"evolis-r5f202e100-ymcko-colour-ribbon-200-prints","status":"publish","type":"product","link":"https:\/\/secureus.se\/es\/evolis-r5f202e100-ymcko-colour-ribbon-200-prints\/","title":{"rendered":"Cinta Evolis R5F202E100 YMCKO (200 impresiones)"},"content":{"rendered":"<h1>Cinta<br \/>\nEvolis YMCKO &#8211; R5F202E100 (200 utskrifter)<\/h1>\n<p>F\u00e4rgband Evolis YMCKO &#8211; R5F202E100 (200 utskrifter) \u00e4r ett<br \/>\nCinta para imprimir tarjetas de pl\u00e1stico con colores n\u00edtidos, texto claro y buena calidad.<br \/>\nreproducci\u00f3n detallada. El tipo de cinta YMCKO proporciona la combinaci\u00f3n correcta de paneles de color y<br \/>\nL\u00e1mina protectora para impresi\u00f3n profesional de tarjetas.<\/p>\n<p>Adecuado para tarjetas de identificaci\u00f3n, tarjetas de acceso, tarjetas de membres\u00eda y otras.<br \/>\ntarjetas de pl\u00e1stico donde se requiere alta calidad de impresi\u00f3n y confiabilidad<br \/>\nimportante.<\/p>\n<ul>\n<li>Capacidad: hasta 200 impresiones<\/li>\n<li>Tipo de cinta: YMCKO<\/li>\n<li>N\u00famero de art\u00edculo: R5F202E100<\/li>\n<\/ul>\n<p><strong>Compatible con las tarjetas Evolis Primacy 2 y Zenius 2.<br \/>\nSolo impresoras.<\/strong><\/p>\n<p><strong>Peso del producto:<\/strong> 0,20 kilogramos<\/p>","protected":false},"excerpt":{"rendered":"<p>F\u00e4rgband Evolis YMCKO &#8211; R5F202E100 (200 utskrifter) F\u00e4rgband Evolis YMCKO &#8211; R5F202E100 (200 utskrifter) \u00e4r ett f\u00e4rgband f\u00f6r utskrift av plastkort med skarpa f\u00e4rger, tydlig text och bra detalj\u00e5tergivning. Bandtypen<\/p>","protected":false},"featured_media":156354,"template":"","meta":{"_acf_changed":false},"product_brand":[],"product_cat":[4859],"product_tag":[4863],"class_list":{"0":"post-156355","1":"product","2":"type-product","3":"status-publish","4":"has-post-thumbnail","6":"product_cat-primacy-2","7":"product_tag-pf","8":"pa_brands-evolis","9":"tm-no-options","11":"first","12":"instock","13":"sale","14":"taxable","15":"shipping-taxable","16":"purchasable","17":"product-type-simple"},"acf":[],"_links":{"self":[{"href":"https:\/\/secureus.se\/es\/wp-json\/wp\/v2\/product\/156355","targetHints":{"allow":["GET"]}}],"collection":[{"href":"https:\/\/secureus.se\/es\/wp-json\/wp\/v2\/product"}],"about":[{"href":"https:\/\/secureus.se\/es\/wp-json\/wp\/v2\/types\/product"}],"wp:featuredmedia":[{"embeddable":true,"href":"https:\/\/secureus.se\/es\/wp-json\/wp\/v2\/media\/156354"}],"wp:attachment":[{"href":"https:\/\/secureus.se\/es\/wp-json\/wp\/v2\/media?parent=156355"}],"wp:term":[{"taxonomy":"product_brand","embeddable":true,"href":"https:\/\/secureus.se\/es\/wp-json\/wp\/v2\/product_brand?post=156355"},{"taxonomy":"product_cat","embeddable":true,"href":"https:\/\/secureus.se\/es\/wp-json\/wp\/v2\/product_cat?post=156355"},{"taxonomy":"product_tag","embeddable":true,"href":"https:\/\/secureus.se\/es\/wp-json\/wp\/v2\/product_tag?post=156355"}],"curies":[{"name":"wp","href":"https:\/\/api.w.org\/{rel}","templated":true}]}}