{"id":156367,"date":"2025-09-11T15:41:31","date_gmt":"2025-09-11T13:41:31","guid":{"rendered":"https:\/\/secureus.se\/evolis-r3012-ko-black-ribbon-with-overlay-500-prints\/"},"modified":"2026-03-26T10:03:12","modified_gmt":"2026-03-26T09:03:12","slug":"evolis-r3012-ko-black-ribbon-with-overlay-500-prints","status":"publish","type":"product","link":"https:\/\/secureus.se\/es\/evolis-r3012-ko-black-ribbon-with-overlay-500-prints\/","title":{"rendered":"Cinta negra con superposici\u00f3n Evolis R3012 KO (500 impresiones)"},"content":{"rendered":"<p>La cinta negra con superposici\u00f3n Evolis Pebble R3012 KO puede imprimir c\u00f3digos de barras de texto monocrom\u00e1tico negro claro y arte de una sola l\u00ednea con una superposici\u00f3n dise\u00f1ada para aumentar la durabilidad de la tarjeta y proteger el dise\u00f1o de la tarjeta contra el desgaste.<\/p>\n<ul>\n<li>500 impresiones por rollo<\/li>\n<li>Cinta monocrom\u00e1tica negra con superposici\u00f3n transparente<\/li>\n<li>Compatible con Evolis Pebble, Dualys, Quantum, Kiosk y Securion<\/li>\n<li>N\u00famero de pieza del fabricante: R3012<\/li>\n<\/ul>\n<p>\n <strong><br \/>\n Peso del producto:<br \/>\n 0,10 kilogramos<br \/>\n <\/strong>\n <\/p>","protected":false},"excerpt":{"rendered":"<p>The Evolis Pebble R3012 KO Black Ribbon with Overlay is able to print clear black monochrome text barcodes and single-line art with an overlay designed to increase card durability and<\/p>","protected":false},"featured_media":156366,"template":"","meta":{"_acf_changed":false},"product_brand":[],"product_cat":[4857,4860],"product_tag":[4863],"class_list":{"0":"post-156367","1":"product","2":"type-product","3":"status-publish","4":"has-post-thumbnail","6":"product_cat-pebble","7":"product_cat-quantum","8":"product_tag-pf","9":"pa_brands-evolis","10":"tm-no-options","12":"first","13":"instock","14":"sale","15":"taxable","16":"shipping-taxable","17":"purchasable","18":"product-type-simple"},"acf":[],"_links":{"self":[{"href":"https:\/\/secureus.se\/es\/wp-json\/wp\/v2\/product\/156367","targetHints":{"allow":["GET"]}}],"collection":[{"href":"https:\/\/secureus.se\/es\/wp-json\/wp\/v2\/product"}],"about":[{"href":"https:\/\/secureus.se\/es\/wp-json\/wp\/v2\/types\/product"}],"wp:featuredmedia":[{"embeddable":true,"href":"https:\/\/secureus.se\/es\/wp-json\/wp\/v2\/media\/156366"}],"wp:attachment":[{"href":"https:\/\/secureus.se\/es\/wp-json\/wp\/v2\/media?parent=156367"}],"wp:term":[{"taxonomy":"product_brand","embeddable":true,"href":"https:\/\/secureus.se\/es\/wp-json\/wp\/v2\/product_brand?post=156367"},{"taxonomy":"product_cat","embeddable":true,"href":"https:\/\/secureus.se\/es\/wp-json\/wp\/v2\/product_cat?post=156367"},{"taxonomy":"product_tag","embeddable":true,"href":"https:\/\/secureus.se\/es\/wp-json\/wp\/v2\/product_tag?post=156367"}],"curies":[{"name":"wp","href":"https:\/\/api.w.org\/{rel}","templated":true}]}}