{"id":156368,"date":"2025-09-11T15:41:36","date_gmt":"2025-09-11T13:41:36","guid":{"rendered":"https:\/\/secureus.se\/evolis-lps032naa-0-5mil-clear-patch-laminate-600-prints\/"},"modified":"2026-04-08T16:51:50","modified_gmt":"2026-04-08T14:51:50","slug":"evolis-lps032naa-0-5mil-clear-patch-laminate-600-prints","status":"publish","type":"product","link":"https:\/\/secureus.se\/es\/evolis-lps032naa-0-5mil-clear-patch-laminate-600-prints\/","title":{"rendered":"Pel\u00edcula de laminaci\u00f3n Evolis \u2013 LPS032NAA, parche transparente (600 impresiones)"},"content":{"rendered":"<h1>Pel\u00edcula de laminaci\u00f3n<br \/>\n  Evolis \u2013 LPS032NAA, parche transparente (600 copias)<\/h1>\n<p>Pel\u00edcula de laminaci\u00f3n Evolis \u2013 LPS032NAA, parche transparente (600 impresiones) es<br \/>\n  una pel\u00edcula de laminaci\u00f3n que proporciona una capa adicional de protecci\u00f3n a las tarjetas de pl\u00e1stico y ayuda<br \/>\n  para reducir ara\u00f1azos, decoloraci\u00f3n y el desgaste normal.<\/p>\n<p>Una buena opci\u00f3n cuando quieres aumentar la vida \u00fatil de tus tarjetas, mejorar<br \/>\n  Mayor durabilidad y un resultado final m\u00e1s profesional.<\/p>\n<ul>\n<li>Capacidad: hasta 600 impresiones por rollo<\/li>\n<li>Adecuado para impresi\u00f3n de tarjetas a doble cara<\/li>\n<li>Parche laminado transparente<\/li>\n<li>espesor de 0,5 mil\u00e9simas de pulgada<\/li>\n<\/ul>\n<p><strong>Compatible con Evolis Primacy y Primacy 2<br \/>\n  impresoras laminadoras.<\/strong><\/p>\n<p><strong>Peso del producto:<\/strong> 0,15 kg<\/p>","protected":false},"excerpt":{"rendered":"<p>Lamineringsfilm Evolis &#8211; LPS032NAA, klar patch (600 utskrifter) Lamineringsfilm Evolis &#8211; LPS032NAA, klar patch (600 utskrifter) \u00e4r en lamineringsfilm som ger ett extra skyddslager till plastkort och hj\u00e4lper till att<\/p>","protected":false},"featured_media":156365,"template":"","meta":{"_acf_changed":false},"product_brand":[],"product_cat":[4858,4859],"product_tag":[4863],"class_list":{"0":"post-156368","1":"product","2":"type-product","3":"status-publish","4":"has-post-thumbnail","6":"product_cat-primacy","7":"product_cat-primacy-2","8":"product_tag-pf","9":"pa_brands-evolis","10":"tm-no-options","12":"first","13":"instock","14":"sale","15":"taxable","16":"shipping-taxable","17":"purchasable","18":"product-type-simple"},"acf":[],"_links":{"self":[{"href":"https:\/\/secureus.se\/es\/wp-json\/wp\/v2\/product\/156368","targetHints":{"allow":["GET"]}}],"collection":[{"href":"https:\/\/secureus.se\/es\/wp-json\/wp\/v2\/product"}],"about":[{"href":"https:\/\/secureus.se\/es\/wp-json\/wp\/v2\/types\/product"}],"wp:featuredmedia":[{"embeddable":true,"href":"https:\/\/secureus.se\/es\/wp-json\/wp\/v2\/media\/156365"}],"wp:attachment":[{"href":"https:\/\/secureus.se\/es\/wp-json\/wp\/v2\/media?parent=156368"}],"wp:term":[{"taxonomy":"product_brand","embeddable":true,"href":"https:\/\/secureus.se\/es\/wp-json\/wp\/v2\/product_brand?post=156368"},{"taxonomy":"product_cat","embeddable":true,"href":"https:\/\/secureus.se\/es\/wp-json\/wp\/v2\/product_cat?post=156368"},{"taxonomy":"product_tag","embeddable":true,"href":"https:\/\/secureus.se\/es\/wp-json\/wp\/v2\/product_tag?post=156368"}],"curies":[{"name":"wp","href":"https:\/\/api.w.org\/{rel}","templated":true}]}}