{"id":156378,"date":"2025-09-11T15:41:32","date_gmt":"2025-09-11T13:41:32","guid":{"rendered":"https:\/\/secureus.se\/evolis-rt5f013naa-ymckh-retransfer-colour-ribbon-400-prints\/"},"modified":"2026-04-08T16:55:12","modified_gmt":"2026-04-08T14:55:12","slug":"evolis-rt5f013naa-ymckh-retransfer-colour-ribbon-400-prints","status":"publish","type":"product","link":"https:\/\/secureus.se\/es\/evolis-rt5f013naa-ymckh-retransfer-colour-ribbon-400-prints\/","title":{"rendered":"Cinta de color Evolis YMCKH \u2013 RT5F013NAA (400 impresiones)"},"content":{"rendered":"<h1>Cinta<br \/>\n  Evolis YMCKH \u2013 RT5F013NAA (400 copias)<\/h1>\n<p>Cinta Evolis YMCKH \u2013 RT5F013NAA (400 impresiones) es una<br \/>\n  Cinta para imprimir tarjetas de pl\u00e1stico con colores n\u00edtidos, texto claro y buena calidad.<br \/>\n  El tipo de cinta YMCKH proporciona la combinaci\u00f3n correcta de paneles de color para<br \/>\n  Impresi\u00f3n profesional de tarjetas.<\/p>\n<p>Adecuado para tarjetas de identificaci\u00f3n, tarjetas de acceso, tarjetas de membres\u00eda y otras.<br \/>\n  Tarjetas de pl\u00e1stico donde la alta calidad de impresi\u00f3n y la fiabilidad son importantes.<\/p>\n<ul>\n<li>Capacidad: hasta 400 impresiones<\/li>\n<li>Tipo de cinta: YMCKH<\/li>\n<li>N\u00famero de art\u00edculo: RT5F013NAA<\/li>\n<\/ul>\n<p><strong>Compatible con Evolis<br \/>\n  Avance.<\/strong><\/p>\n<p><strong>Peso del producto:<\/strong> 0,40 kg<\/p>","protected":false},"excerpt":{"rendered":"<p>F\u00e4rgband Evolis YMCKH &#8211; RT5F013NAA (400 utskrifter) F\u00e4rgband Evolis YMCKH &#8211; RT5F013NAA (400 utskrifter) \u00e4r ett f\u00e4rgband f\u00f6r utskrift av plastkort med skarpa f\u00e4rger, tydlig text och bra detalj\u00e5tergivning. Bandtypen<\/p>","protected":false},"featured_media":156377,"template":"","meta":{"_acf_changed":false},"product_brand":[],"product_cat":[4855],"product_tag":[4863],"class_list":{"0":"post-156378","1":"product","2":"type-product","3":"status-publish","4":"has-post-thumbnail","6":"product_cat-avansia","7":"product_tag-pf","8":"pa_brands-evolis","9":"tm-no-options","11":"first","12":"instock","13":"sale","14":"taxable","15":"shipping-taxable","16":"purchasable","17":"product-type-simple"},"acf":[],"_links":{"self":[{"href":"https:\/\/secureus.se\/es\/wp-json\/wp\/v2\/product\/156378","targetHints":{"allow":["GET"]}}],"collection":[{"href":"https:\/\/secureus.se\/es\/wp-json\/wp\/v2\/product"}],"about":[{"href":"https:\/\/secureus.se\/es\/wp-json\/wp\/v2\/types\/product"}],"wp:featuredmedia":[{"embeddable":true,"href":"https:\/\/secureus.se\/es\/wp-json\/wp\/v2\/media\/156377"}],"wp:attachment":[{"href":"https:\/\/secureus.se\/es\/wp-json\/wp\/v2\/media?parent=156378"}],"wp:term":[{"taxonomy":"product_brand","embeddable":true,"href":"https:\/\/secureus.se\/es\/wp-json\/wp\/v2\/product_brand?post=156378"},{"taxonomy":"product_cat","embeddable":true,"href":"https:\/\/secureus.se\/es\/wp-json\/wp\/v2\/product_cat?post=156378"},{"taxonomy":"product_tag","embeddable":true,"href":"https:\/\/secureus.se\/es\/wp-json\/wp\/v2\/product_tag?post=156378"}],"curies":[{"name":"wp","href":"https:\/\/api.w.org\/{rel}","templated":true}]}}