{"id":156402,"date":"2025-09-11T15:41:38","date_gmt":"2025-09-11T13:41:38","guid":{"rendered":"https:\/\/secureus.se\/evolis-rct013naa-red-monochrome-ribbon-1000-prints\/"},"modified":"2026-04-08T17:01:47","modified_gmt":"2026-04-08T15:01:47","slug":"evolis-rct013naa-red-monochrome-ribbon-1000-prints","status":"publish","type":"product","link":"https:\/\/secureus.se\/es\/evolis-rct013naa-red-monochrome-ribbon-1000-prints\/","title":{"rendered":"Cinta Evolis \u2013 RCT013NAA, monocromo rojo (1000 copias)"},"content":{"rendered":"<h1>Cinta<br \/>\n  Evolis \u2013 RCT013NAA, monocromo rojo (1000 copias)<\/h1>\n<p>Cinta Evolis \u2013 RCT013NAA, monocromo rojo (1000 impresiones) es una<br \/>\n  Accesorio original para impresora de tarjetas dise\u00f1ado para un funcionamiento fiable y<br \/>\n  Producci\u00f3n profesional de tarjetas.<\/p>\n<ul>\n<li>Capacidad: hasta 1.000 impresiones<\/li>\n<li>N\u00famero de art\u00edculo: RCT013NAA<\/li>\n<\/ul>\n<p><strong>Compatible con Evolis Primacy y Evolis<br \/>\n  Zenius.<\/strong><\/p>\n<p><strong>Peso del producto:<\/strong> 0,02 kg<\/p>","protected":false},"excerpt":{"rendered":"<p>F\u00e4rgband Evolis &#8211; RCT013NAA, r\u00f6d monokrom (1000 utskrifter) F\u00e4rgband Evolis &#8211; RCT013NAA, r\u00f6d monokrom (1000 utskrifter) \u00e4r ett originaltillbeh\u00f6r f\u00f6r kortskrivare som \u00e4r anpassat f\u00f6r p\u00e5litlig och professionell kortproduktion. Kapacitet:<\/p>","protected":false},"featured_media":156400,"template":"","meta":{"_acf_changed":false},"product_brand":[],"product_cat":[4858,4862],"product_tag":[4863],"class_list":{"0":"post-156402","1":"product","2":"type-product","3":"status-publish","4":"has-post-thumbnail","6":"product_cat-primacy","7":"product_cat-zenius","8":"product_tag-pf","9":"pa_brands-evolis","10":"tm-no-options","12":"first","13":"instock","14":"sale","15":"taxable","16":"shipping-taxable","17":"purchasable","18":"product-type-simple"},"acf":[],"_links":{"self":[{"href":"https:\/\/secureus.se\/es\/wp-json\/wp\/v2\/product\/156402","targetHints":{"allow":["GET"]}}],"collection":[{"href":"https:\/\/secureus.se\/es\/wp-json\/wp\/v2\/product"}],"about":[{"href":"https:\/\/secureus.se\/es\/wp-json\/wp\/v2\/types\/product"}],"wp:featuredmedia":[{"embeddable":true,"href":"https:\/\/secureus.se\/es\/wp-json\/wp\/v2\/media\/156400"}],"wp:attachment":[{"href":"https:\/\/secureus.se\/es\/wp-json\/wp\/v2\/media?parent=156402"}],"wp:term":[{"taxonomy":"product_brand","embeddable":true,"href":"https:\/\/secureus.se\/es\/wp-json\/wp\/v2\/product_brand?post=156402"},{"taxonomy":"product_cat","embeddable":true,"href":"https:\/\/secureus.se\/es\/wp-json\/wp\/v2\/product_cat?post=156402"},{"taxonomy":"product_tag","embeddable":true,"href":"https:\/\/secureus.se\/es\/wp-json\/wp\/v2\/product_tag?post=156402"}],"curies":[{"name":"wp","href":"https:\/\/api.w.org\/{rel}","templated":true}]}}