{"id":156407,"date":"2025-09-11T15:41:27","date_gmt":"2025-09-11T13:41:27","guid":{"rendered":"https:\/\/secureus.se\/evolis-rct215naaa-white-monochrome-ribbon-1000-prints\/"},"modified":"2026-04-23T12:34:47","modified_gmt":"2026-04-23T10:34:47","slug":"evolis-rct215naaa-white-monochrome-ribbon-1000-prints","status":"publish","type":"product","link":"https:\/\/secureus.se\/es\/evolis-rct215naaa-white-monochrome-ribbon-1000-prints\/","title":{"rendered":"Cinta Evolis \u2013 RCT215NAAA, monocromo blanco (1000 copias)"},"content":{"rendered":"<h1>Cinta<br \/>\n  Evolis - RCT215NAAA, monocromo blanco (1000 copias)<\/h1>\n<p>Cinta Evolis \u2013 RCT215NAAA, monocromo blanco (1000 impresiones) es<br \/>\n  una cinta blanca monocrom\u00e1tica adecuada para una impresi\u00f3n n\u00edtida en papel oscuro<br \/>\n  o tarjetas personalizadas, como tarjetas de exhibici\u00f3n y<br \/>\n  etiquetas.<\/p>\n<p>Adecuado para tarjetas de identificaci\u00f3n, tarjetas de acceso, tarjetas de membres\u00eda y otras.<br \/>\n  tarjetas de pl\u00e1stico donde se requiere alta calidad de impresi\u00f3n y confiabilidad<br \/>\n  importante.<\/p>\n<ul>\n<li>Capacidad: hasta 1.000 impresiones<\/li>\n<li>Tipo de correa: Monocrom\u00e1tica blanca<\/li>\n<li>N\u00famero de art\u00edculo: RCT215NAAA<\/li>\n<\/ul>\n<p><strong>Compatible con la impresora de tarjetas Evolis Primacy 2<br \/>\n  solo.<\/strong><\/p>\n<p><strong>Peso del producto:<\/strong> 0,20 kilogramos<\/p>","protected":false},"excerpt":{"rendered":"<p>F\u00e4rgband Evolis &#8211; RCT215NAAA, vit monokrom (1000 utskrifter) F\u00e4rgband Evolis &#8211; RCT215NAAA, vit monokrom (1000 utskrifter) \u00e4r ett vitt monokromt f\u00e4rgband som l\u00e4mpar sig f\u00f6r tydliga utskrifter p\u00e5 m\u00f6rka eller<\/p>","protected":false},"featured_media":156405,"template":"","meta":{"_acf_changed":false},"product_brand":[],"product_cat":[4859],"product_tag":[4863],"class_list":{"0":"post-156407","1":"product","2":"type-product","3":"status-publish","4":"has-post-thumbnail","6":"product_cat-primacy-2","7":"product_tag-pf","8":"pa_brands-evolis","9":"tm-no-options","11":"first","12":"instock","13":"sale","14":"taxable","15":"shipping-taxable","16":"purchasable","17":"product-type-simple"},"acf":[],"_links":{"self":[{"href":"https:\/\/secureus.se\/es\/wp-json\/wp\/v2\/product\/156407","targetHints":{"allow":["GET"]}}],"collection":[{"href":"https:\/\/secureus.se\/es\/wp-json\/wp\/v2\/product"}],"about":[{"href":"https:\/\/secureus.se\/es\/wp-json\/wp\/v2\/types\/product"}],"wp:featuredmedia":[{"embeddable":true,"href":"https:\/\/secureus.se\/es\/wp-json\/wp\/v2\/media\/156405"}],"wp:attachment":[{"href":"https:\/\/secureus.se\/es\/wp-json\/wp\/v2\/media?parent=156407"}],"wp:term":[{"taxonomy":"product_brand","embeddable":true,"href":"https:\/\/secureus.se\/es\/wp-json\/wp\/v2\/product_brand?post=156407"},{"taxonomy":"product_cat","embeddable":true,"href":"https:\/\/secureus.se\/es\/wp-json\/wp\/v2\/product_cat?post=156407"},{"taxonomy":"product_tag","embeddable":true,"href":"https:\/\/secureus.se\/es\/wp-json\/wp\/v2\/product_tag?post=156407"}],"curies":[{"name":"wp","href":"https:\/\/api.w.org\/{rel}","templated":true}]}}