{"id":156458,"date":"2025-09-11T15:41:28","date_gmt":"2025-09-11T13:41:28","guid":{"rendered":"https:\/\/secureus.se\/evolis-n2f210naaa-easy4pro-ko-black-ribbon-with-overlay-600-prints\/"},"modified":"2026-04-08T16:57:31","modified_gmt":"2026-04-08T14:57:31","slug":"evolis-n2f210naaa-easy4pro-ko-black-ribbon-with-overlay-600-prints","status":"publish","type":"product","link":"https:\/\/secureus.se\/es\/evolis-n2f210naaa-easy4pro-ko-black-ribbon-with-overlay-600-prints\/","title":{"rendered":"F\u00e4rgband Evolis Easy4Pro KO &#8211; N2F210NAAA, med overlay (600 utskrifter)"},"content":{"rendered":"<h1>Cinta<br \/>\n  Evolis Easy4Pro KO &#8211; N2F210NAAA, med overlay (600 utskrifter)<\/h1>\n<p>F\u00e4rgband Evolis Easy4Pro KO &#8211; N2F210NAAA, med overlay (600<br \/>\n  utskrifter) \u00e4r ett KO-band med svart panel och skyddande overlay. Det \u00e4r ett<br \/>\n  bra val n\u00e4r du beh\u00f6ver tydlig text, streckkoder och extra skydd p\u00e5 kortets<br \/>\n  yta.<\/p>\n<p>Adecuado para tarjetas de identificaci\u00f3n, tarjetas de acceso, tarjetas de membres\u00eda y otras.<br \/>\n  Tarjetas de pl\u00e1stico donde la alta calidad de impresi\u00f3n y la fiabilidad son importantes.<\/p>\n<ul>\n<li>Capacidad: hasta 600 impresiones<\/li>\n<li>Bandtyp: KO<\/li>\n<li>Artikelnummer: N2F210NAAA<\/li>\n<\/ul>\n<p><strong>Kompatibel med Evolis Primacy 2 och Zenius 2 card<br \/>\n  printers endast.<\/strong><\/p>\n<p><strong>Peso del producto:<\/strong> 0,20 kilogramos<\/p>","protected":false},"excerpt":{"rendered":"<p>F\u00e4rgband Evolis Easy4Pro KO &#8211; N2F210NAAA, med overlay (600 utskrifter) F\u00e4rgband Evolis Easy4Pro KO &#8211; N2F210NAAA, med overlay (600 utskrifter) \u00e4r ett KO-band med svart panel och skyddande overlay. Det<\/p>","protected":false},"featured_media":156457,"template":"","meta":{"_acf_changed":false},"product_brand":[],"product_cat":[4856,4859],"product_tag":[4863],"class_list":{"0":"post-156458","1":"product","2":"type-product","3":"status-publish","4":"has-post-thumbnail","6":"product_cat-easy4-pro","7":"product_cat-primacy-2","8":"product_tag-pf","9":"pa_brands-evolis","10":"tm-no-options","12":"first","13":"instock","14":"sale","15":"taxable","16":"shipping-taxable","17":"purchasable","18":"product-type-simple"},"acf":[],"_links":{"self":[{"href":"https:\/\/secureus.se\/es\/wp-json\/wp\/v2\/product\/156458","targetHints":{"allow":["GET"]}}],"collection":[{"href":"https:\/\/secureus.se\/es\/wp-json\/wp\/v2\/product"}],"about":[{"href":"https:\/\/secureus.se\/es\/wp-json\/wp\/v2\/types\/product"}],"wp:featuredmedia":[{"embeddable":true,"href":"https:\/\/secureus.se\/es\/wp-json\/wp\/v2\/media\/156457"}],"wp:attachment":[{"href":"https:\/\/secureus.se\/es\/wp-json\/wp\/v2\/media?parent=156458"}],"wp:term":[{"taxonomy":"product_brand","embeddable":true,"href":"https:\/\/secureus.se\/es\/wp-json\/wp\/v2\/product_brand?post=156458"},{"taxonomy":"product_cat","embeddable":true,"href":"https:\/\/secureus.se\/es\/wp-json\/wp\/v2\/product_cat?post=156458"},{"taxonomy":"product_tag","embeddable":true,"href":"https:\/\/secureus.se\/es\/wp-json\/wp\/v2\/product_tag?post=156458"}],"curies":[{"name":"wp","href":"https:\/\/api.w.org\/{rel}","templated":true}]}}