{"id":156467,"date":"2025-09-11T15:41:28","date_gmt":"2025-09-11T13:41:28","guid":{"rendered":"https:\/\/secureus.se\/evolis-r2f210naaa-ko-black-ribbon-with-overlay-600-prints\/"},"modified":"2026-04-23T12:33:10","modified_gmt":"2026-04-23T10:33:10","slug":"evolis-r2f210naaa-ko-black-ribbon-with-overlay-600-prints","status":"publish","type":"product","link":"https:\/\/secureus.se\/es\/evolis-r2f210naaa-ko-black-ribbon-with-overlay-600-prints\/","title":{"rendered":"Cinta de color Evolis KO \u2013 R2F210NAAA, con superposici\u00f3n (600 impresiones)"},"content":{"rendered":"<h1>Cinta<br \/>\n  Evolis KO \u2013 R2F210NAAA, con superposici\u00f3n (600 impresiones)<\/h1>\n<p>Cinta de tinta Evolis KO \u2013 R2F210NAAA, con superposici\u00f3n (600 impresiones) es<br \/>\n  una correa KO con panel negro y superposici\u00f3n protectora. Es una buena opci\u00f3n cuando<br \/>\n  Necesita texto claro, c\u00f3digos de barras y protecci\u00f3n adicional en la superficie de la tarjeta.<\/p>\n<p>Adecuado para tarjetas de identificaci\u00f3n, tarjetas de acceso, tarjetas de membres\u00eda y otras.<br \/>\n  tarjetas de pl\u00e1stico donde se requiere alta calidad de impresi\u00f3n y confiabilidad<br \/>\n  importante.<\/p>\n<ul>\n<li>Capacidad: hasta 600 impresiones<\/li>\n<li>Tipo de banda: KO<\/li>\n<li>N\u00famero de art\u00edculo: R2F210NAAA<\/li>\n<\/ul>\n<p><strong>Compatible con las tarjetas Evolis Primacy 2 y Zenius 2.<br \/>\n  Solo impresoras.<\/strong><\/p>\n<p><strong>Peso del producto:<\/strong> 0,20 kilogramos<\/p>","protected":false},"excerpt":{"rendered":"<p>F\u00e4rgband Evolis KO &#8211; R2F210NAAA, med overlay (600 utskrifter) F\u00e4rgband Evolis KO &#8211; R2F210NAAA, med overlay (600 utskrifter) \u00e4r ett KO-band med svart panel och skyddande overlay. Det \u00e4r ett<\/p>","protected":false},"featured_media":156465,"template":"","meta":{"_acf_changed":false},"product_brand":[],"product_cat":[4859],"product_tag":[4863],"class_list":{"0":"post-156467","1":"product","2":"type-product","3":"status-publish","4":"has-post-thumbnail","6":"product_cat-primacy-2","7":"product_tag-pf","8":"pa_brands-evolis","9":"tm-no-options","11":"first","12":"instock","13":"sale","14":"taxable","15":"shipping-taxable","16":"purchasable","17":"product-type-simple"},"acf":[],"_links":{"self":[{"href":"https:\/\/secureus.se\/es\/wp-json\/wp\/v2\/product\/156467","targetHints":{"allow":["GET"]}}],"collection":[{"href":"https:\/\/secureus.se\/es\/wp-json\/wp\/v2\/product"}],"about":[{"href":"https:\/\/secureus.se\/es\/wp-json\/wp\/v2\/types\/product"}],"wp:featuredmedia":[{"embeddable":true,"href":"https:\/\/secureus.se\/es\/wp-json\/wp\/v2\/media\/156465"}],"wp:attachment":[{"href":"https:\/\/secureus.se\/es\/wp-json\/wp\/v2\/media?parent=156467"}],"wp:term":[{"taxonomy":"product_brand","embeddable":true,"href":"https:\/\/secureus.se\/es\/wp-json\/wp\/v2\/product_brand?post=156467"},{"taxonomy":"product_cat","embeddable":true,"href":"https:\/\/secureus.se\/es\/wp-json\/wp\/v2\/product_cat?post=156467"},{"taxonomy":"product_tag","embeddable":true,"href":"https:\/\/secureus.se\/es\/wp-json\/wp\/v2\/product_tag?post=156467"}],"curies":[{"name":"wp","href":"https:\/\/api.w.org\/{rel}","templated":true}]}}